{"id":22959,"date":"2021-09-09T13:44:20","date_gmt":"2021-09-09T11:44:20","guid":{"rendered":"https:\/\/fairtradingtech.com\/webbplatsens-sakerhet"},"modified":"2024-02-13T09:24:49","modified_gmt":"2024-02-13T08:24:49","slug":"webbplatsens-sakerhet","status":"publish","type":"page","link":"https:\/\/www.fairtradingtech.com\/sv\/webbplatsens-sakerhet","title":{"rendered":"Webbplatsens s\u00e4kerhet"},"content":{"rendered":"\t\t<div data-elementor-type=\"wp-page\" data-elementor-id=\"22959\" class=\"elementor elementor-22959 elementor-718\">\n\t\t\t\t\t\t<section class=\"has_eae_slider elementor-section elementor-top-section elementor-element elementor-element-4d6f3fa elementor-section-boxed elementor-section-height-default elementor-section-height-default exad-glass-effect-no exad-sticky-section-no\" data-id=\"4d6f3fa\" data-element_type=\"section\">\n\t\t\t\t\t\t<div class=\"elementor-container elementor-column-gap-default\">\n\t\t\t\t\t<div class=\"has_eae_slider elementor-column elementor-col-100 elementor-top-column elementor-element elementor-element-0da10c6 exad-glass-effect-no exad-sticky-section-no\" data-id=\"0da10c6\" data-element_type=\"column\">\n\t\t\t<div class=\"elementor-widget-wrap elementor-element-populated\">\n\t\t\t\t\t\t<div class=\"elementor-element elementor-element-d135876 exad-sticky-section-no exad-glass-effect-no elementor-invisible elementor-widget elementor-widget-heading\" data-id=\"d135876\" data-element_type=\"widget\" data-settings=\"{&quot;_animation&quot;:&quot;fadeInUp&quot;,&quot;_animation_delay&quot;:200}\" data-widget_type=\"heading.default\">\n\t\t\t\t<div class=\"elementor-widget-container\">\n\t\t\t\t\t<h2 class=\"elementor-heading-title elementor-size-default\">Webbplatsens s\u00e4kerhet<\/h2>\t\t\t\t<\/div>\n\t\t\t\t<\/div>\n\t\t\t\t<div class=\"elementor-element elementor-element-2a853cb exad-sticky-section-no exad-glass-effect-no elementor-widget elementor-widget-spacer\" data-id=\"2a853cb\" data-element_type=\"widget\" data-widget_type=\"spacer.default\">\n\t\t\t\t<div class=\"elementor-widget-container\">\n\t\t\t\t\t\t\t<div class=\"elementor-spacer\">\n\t\t\t<div class=\"elementor-spacer-inner\"><\/div>\n\t\t<\/div>\n\t\t\t\t\t\t<\/div>\n\t\t\t\t<\/div>\n\t\t\t\t<div class=\"elementor-element elementor-element-67498d4 exad-sticky-section-no exad-glass-effect-no elementor-invisible elementor-widget elementor-widget-text-editor\" data-id=\"67498d4\" data-element_type=\"widget\" data-settings=\"{&quot;_animation&quot;:&quot;fadeInUp&quot;,&quot;_animation_delay&quot;:400}\" data-widget_type=\"text-editor.default\">\n\t\t\t\t<div class=\"elementor-widget-container\">\n\t\t\t\t\t\t\t\t\t<div class=\"wpb_text_column wpb_content_element vc_custom_1538049593094\"><div class=\"wpb_wrapper\"><div class=\"wpb_text_column wpb_content_element wpb_animate_when_almost_visible wpb_bottom-to-top bottom-to-top vc_custom_1534936626783 wpb_start_animation animated\"><div class=\"wpb_wrapper\"><div class=\"wpb_text_column wpb_content_element wpb_animate_when_almost_visible wpb_bottom-to-top bottom-to-top vc_custom_1534936483149 wpb_start_animation animated\"><div class=\"wpb_wrapper\">FTT Sweden AB anv\u00e4nder programvaror f\u00f6r att \u00f6vervaka denna webbplats i s\u00e4kerhetssyfte f\u00f6r att s\u00e4kerst\u00e4lla att den f\u00f6rblir tillg\u00e4nglig f\u00f6r alla anv\u00e4ndare och f\u00f6r att skydda information i systemet. Genom att g\u00e5 in p\u00e5 denna webbplats godk\u00e4nner du uttryckligen denna \u00f6vervakningsverksamhet. Otill\u00e5tna f\u00f6rs\u00f6k att \u00f6verlista eller kringg\u00e5 s\u00e4kerhetsfunktioner, att anv\u00e4nda systemet f\u00f6r andra \u00e4ndam\u00e5l \u00e4n de avsedda, att neka auktoriserade anv\u00e4ndare service, att f\u00e5 tillg\u00e5ng till, erh\u00e5lla, \u00e4ndra, skada eller f\u00f6rst\u00f6ra information eller p\u00e5 annat s\u00e4tt st\u00f6ra systemet eller dess funktion \u00e4r f\u00f6rbjudet. Bevis p\u00e5 s\u00e5dana handlingar kan avsl\u00f6jas f\u00f6r brottsbek\u00e4mpande myndigheter och leda till \u00e5tal.<\/div><\/div><\/div><\/div><\/div><\/div>\t\t\t\t\t\t\t\t<\/div>\n\t\t\t\t<\/div>\n\t\t\t\t<div class=\"elementor-element elementor-element-a534ef3 exad-sticky-section-no exad-glass-effect-no elementor-invisible elementor-widget elementor-widget-text-editor\" data-id=\"a534ef3\" data-element_type=\"widget\" data-settings=\"{&quot;_animation&quot;:&quot;fadeInUp&quot;,&quot;_animation_delay&quot;:400}\" data-widget_type=\"text-editor.default\">\n\t\t\t\t<div class=\"elementor-widget-container\">\n\t\t\t\t\t\t\t\t\t<div class=\"wpb_text_column wpb_content_element vc_custom_1538049593094\"><div class=\"wpb_wrapper\"><div class=\"wpb_text_column wpb_content_element wpb_animate_when_almost_visible wpb_bottom-to-top bottom-to-top vc_custom_1534936626783 wpb_start_animation animated\"><div class=\"wpb_wrapper\"><div class=\"wpb_text_column wpb_content_element wpb_animate_when_almost_visible wpb_bottom-to-top bottom-to-top vc_custom_1534936483149 wpb_start_animation animated\"><div class=\"wpb_wrapper\"><p>Vi tar klagom\u00e5l p\u00e5 allvar eftersom var och en av v\u00e5ra kunder \u00e4r viktiga f\u00f6r oss. Vi tror att du alltid har r\u00e4tt till en r\u00e4ttvis, snabb och tillm\u00f6tesg\u00e5ende service. Klagom\u00e5l kan g\u00f6ras kostnadsfritt muntligt, skriftligt eller elektroniskt till adressen nedan eller till v\u00e5ra \u00f6vriga kontaktuppgifter, som kan n\u00e5s under sidan <a href=\"https:\/\/www.fairtradingtech.com\/contact\" target=\"_blank\" rel=\"noopener\">https:\/\/www.fairtradingtech.com\/contact<\/a> i engelsk version.<\/p><p><strong>FTT Sweden AB<\/strong><br \/><strong>Kungsgatan 11<\/strong><br \/><strong>451 30 Uddevalla<\/strong><br \/><strong>Sweden<\/strong><\/p><p>Europeiska kommissionen tillhandah\u00e5ller en plattform f\u00f6r onlinetvistl\u00f6sning f\u00f6r konsumenter som \u00e4r bosatta i EU (i enlighet med artikel 14.1 i ODR-f\u00f6rordningen) p\u00e5 <a href=\"https:\/\/ec.europa.eu\/consumers\/odr\/main\/index.cfm?event=main.home2.show&amp;lng=EN\" target=\"_blank\" rel=\"noopener\">https:\/\/ec.europa.eu\/consumers\/odr<\/a>. FTT Sweden AB deltar inte i onlinetvistl\u00f6sningen.<\/p><\/div><\/div><\/div><\/div><\/div><\/div>\t\t\t\t\t\t\t\t<\/div>\n\t\t\t\t<\/div>\n\t\t\t\t<div class=\"elementor-element elementor-element-40b77ac exad-sticky-section-no exad-glass-effect-no elementor-widget elementor-widget-spacer\" data-id=\"40b77ac\" data-element_type=\"widget\" data-widget_type=\"spacer.default\">\n\t\t\t\t<div class=\"elementor-widget-container\">\n\t\t\t\t\t\t\t<div class=\"elementor-spacer\">\n\t\t\t<div class=\"elementor-spacer-inner\"><\/div>\n\t\t<\/div>\n\t\t\t\t\t\t<\/div>\n\t\t\t\t<\/div>\n\t\t\t\t\t<\/div>\n\t\t<\/div>\n\t\t\t\t\t<\/div>\n\t\t<\/section>\n\t\t\t\t<\/div>\n\t\t","protected":false},"excerpt":{"rendered":"<p>Webbplatsens s\u00e4kerhet FTT Sweden AB anv\u00e4nder programvaror f\u00f6r att \u00f6vervaka denna webbplats i s\u00e4kerhetssyfte f\u00f6r att s\u00e4kerst\u00e4lla att den f\u00f6rblir tillg\u00e4nglig f\u00f6r [&hellip;]<\/p>\n","protected":false},"author":1,"featured_media":0,"parent":0,"menu_order":0,"comment_status":"closed","ping_status":"closed","template":"","meta":{"_eb_attr":"","footnotes":""},"class_list":["post-22959","page","type-page","status-publish","hentry"],"yoast_head":"<!-- This site is optimized with the Yoast SEO plugin v24.4 - https:\/\/yoast.com\/wordpress\/plugins\/seo\/ -->\n<title>Webbplatsens s\u00e4kerhet - Fair Trading Technology<\/title>\n<meta name=\"robots\" content=\"index, follow, max-snippet:-1, max-image-preview:large, max-video-preview:-1\" \/>\n<link rel=\"canonical\" href=\"https:\/\/www.fairtradingtech.com\/sv\/webbplatsens-sakerhet\" \/>\n<meta property=\"og:locale\" content=\"sv_SE\" \/>\n<meta property=\"og:type\" content=\"article\" \/>\n<meta property=\"og:title\" content=\"Webbplatsens s\u00e4kerhet - Fair Trading Technology\" \/>\n<meta property=\"og:description\" content=\"Webbplatsens s\u00e4kerhet FTT Sweden AB anv\u00e4nder programvaror f\u00f6r att \u00f6vervaka denna webbplats i s\u00e4kerhetssyfte f\u00f6r att s\u00e4kerst\u00e4lla att den f\u00f6rblir tillg\u00e4nglig f\u00f6r [&hellip;]\" \/>\n<meta property=\"og:url\" content=\"https:\/\/www.fairtradingtech.com\/sv\/webbplatsens-sakerhet\" \/>\n<meta property=\"og:site_name\" content=\"Fair Trading Technology\" \/>\n<meta property=\"article:publisher\" content=\"https:\/\/www.facebook.com\/FairTradingTech\" \/>\n<meta property=\"article:modified_time\" content=\"2024-02-13T08:24:49+00:00\" \/>\n<meta name=\"twitter:card\" content=\"summary_large_image\" \/>\n<meta name=\"twitter:site\" content=\"@FairTradingTech\" \/>\n<meta name=\"twitter:label1\" content=\"Ber\u00e4knad l\u00e4stid\" \/>\n\t<meta name=\"twitter:data1\" content=\"1 minut\" \/>\n<script type=\"application\/ld+json\" class=\"yoast-schema-graph\">{\"@context\":\"https:\/\/schema.org\",\"@graph\":[{\"@type\":\"WebPage\",\"@id\":\"https:\/\/www.fairtradingtech.com\/sv\/webbplatsens-sakerhet\",\"url\":\"https:\/\/www.fairtradingtech.com\/sv\/webbplatsens-sakerhet\",\"name\":\"Webbplatsens s\u00e4kerhet - Fair Trading Technology\",\"isPartOf\":{\"@id\":\"https:\/\/www.fairtradingtech.com\/sv#website\"},\"datePublished\":\"2021-09-09T11:44:20+00:00\",\"dateModified\":\"2024-02-13T08:24:49+00:00\",\"breadcrumb\":{\"@id\":\"https:\/\/www.fairtradingtech.com\/sv\/webbplatsens-sakerhet#breadcrumb\"},\"inLanguage\":\"sv-SE\",\"potentialAction\":[{\"@type\":\"ReadAction\",\"target\":[\"https:\/\/www.fairtradingtech.com\/sv\/webbplatsens-sakerhet\"]}]},{\"@type\":\"BreadcrumbList\",\"@id\":\"https:\/\/www.fairtradingtech.com\/sv\/webbplatsens-sakerhet#breadcrumb\",\"itemListElement\":[{\"@type\":\"ListItem\",\"position\":1,\"name\":\"Home\",\"item\":\"https:\/\/www.fairtradingtech.com\/sv\"},{\"@type\":\"ListItem\",\"position\":2,\"name\":\"Webbplatsens s\u00e4kerhet\"}]},{\"@type\":\"WebSite\",\"@id\":\"https:\/\/www.fairtradingtech.com\/sv#website\",\"url\":\"https:\/\/www.fairtradingtech.com\/sv\",\"name\":\"Fair Trading Technology\",\"description\":\"Fintech Solutions Provider\",\"publisher\":{\"@id\":\"https:\/\/www.fairtradingtech.com\/sv#organization\"},\"alternateName\":\"FTT\",\"potentialAction\":[{\"@type\":\"SearchAction\",\"target\":{\"@type\":\"EntryPoint\",\"urlTemplate\":\"https:\/\/www.fairtradingtech.com\/sv?s={search_term_string}\"},\"query-input\":{\"@type\":\"PropertyValueSpecification\",\"valueRequired\":true,\"valueName\":\"search_term_string\"}}],\"inLanguage\":\"sv-SE\"},{\"@type\":\"Organization\",\"@id\":\"https:\/\/www.fairtradingtech.com\/sv#organization\",\"name\":\"Fair Trading Technology\",\"alternateName\":\"FTT\",\"url\":\"https:\/\/www.fairtradingtech.com\/sv\",\"logo\":{\"@type\":\"ImageObject\",\"inLanguage\":\"sv-SE\",\"@id\":\"https:\/\/www.fairtradingtech.com\/sv#\/schema\/logo\/image\/\",\"url\":\"https:\/\/www.fairtradingtech.com\/wp-content\/uploads\/2022\/03\/FTT.png\",\"contentUrl\":\"https:\/\/www.fairtradingtech.com\/wp-content\/uploads\/2022\/03\/FTT.png\",\"width\":353,\"height\":216,\"caption\":\"Fair Trading Technology\"},\"image\":{\"@id\":\"https:\/\/www.fairtradingtech.com\/sv#\/schema\/logo\/image\/\"},\"sameAs\":[\"https:\/\/www.facebook.com\/FairTradingTech\",\"https:\/\/x.com\/FairTradingTech\",\"https:\/\/www.linkedin.com\/company\/fairtradingtech\",\"https:\/\/www.instagram.com\/fairtradingtech\",\"https:\/\/www.youtube.com\/@FairTradingTech\"]}]}<\/script>\n<!-- \/ Yoast SEO plugin. -->","yoast_head_json":{"title":"Webbplatsens s\u00e4kerhet - Fair Trading Technology","robots":{"index":"index","follow":"follow","max-snippet":"max-snippet:-1","max-image-preview":"max-image-preview:large","max-video-preview":"max-video-preview:-1"},"canonical":"https:\/\/www.fairtradingtech.com\/sv\/webbplatsens-sakerhet","og_locale":"sv_SE","og_type":"article","og_title":"Webbplatsens s\u00e4kerhet - Fair Trading Technology","og_description":"Webbplatsens s\u00e4kerhet FTT Sweden AB anv\u00e4nder programvaror f\u00f6r att \u00f6vervaka denna webbplats i s\u00e4kerhetssyfte f\u00f6r att s\u00e4kerst\u00e4lla att den f\u00f6rblir tillg\u00e4nglig f\u00f6r [&hellip;]","og_url":"https:\/\/www.fairtradingtech.com\/sv\/webbplatsens-sakerhet","og_site_name":"Fair Trading Technology","article_publisher":"https:\/\/www.facebook.com\/FairTradingTech","article_modified_time":"2024-02-13T08:24:49+00:00","twitter_card":"summary_large_image","twitter_site":"@FairTradingTech","twitter_misc":{"Ber\u00e4knad l\u00e4stid":"1 minut"},"schema":{"@context":"https:\/\/schema.org","@graph":[{"@type":"WebPage","@id":"https:\/\/www.fairtradingtech.com\/sv\/webbplatsens-sakerhet","url":"https:\/\/www.fairtradingtech.com\/sv\/webbplatsens-sakerhet","name":"Webbplatsens s\u00e4kerhet - Fair Trading Technology","isPartOf":{"@id":"https:\/\/www.fairtradingtech.com\/sv#website"},"datePublished":"2021-09-09T11:44:20+00:00","dateModified":"2024-02-13T08:24:49+00:00","breadcrumb":{"@id":"https:\/\/www.fairtradingtech.com\/sv\/webbplatsens-sakerhet#breadcrumb"},"inLanguage":"sv-SE","potentialAction":[{"@type":"ReadAction","target":["https:\/\/www.fairtradingtech.com\/sv\/webbplatsens-sakerhet"]}]},{"@type":"BreadcrumbList","@id":"https:\/\/www.fairtradingtech.com\/sv\/webbplatsens-sakerhet#breadcrumb","itemListElement":[{"@type":"ListItem","position":1,"name":"Home","item":"https:\/\/www.fairtradingtech.com\/sv"},{"@type":"ListItem","position":2,"name":"Webbplatsens s\u00e4kerhet"}]},{"@type":"WebSite","@id":"https:\/\/www.fairtradingtech.com\/sv#website","url":"https:\/\/www.fairtradingtech.com\/sv","name":"Fair Trading Technology","description":"Fintech Solutions Provider","publisher":{"@id":"https:\/\/www.fairtradingtech.com\/sv#organization"},"alternateName":"FTT","potentialAction":[{"@type":"SearchAction","target":{"@type":"EntryPoint","urlTemplate":"https:\/\/www.fairtradingtech.com\/sv?s={search_term_string}"},"query-input":{"@type":"PropertyValueSpecification","valueRequired":true,"valueName":"search_term_string"}}],"inLanguage":"sv-SE"},{"@type":"Organization","@id":"https:\/\/www.fairtradingtech.com\/sv#organization","name":"Fair Trading Technology","alternateName":"FTT","url":"https:\/\/www.fairtradingtech.com\/sv","logo":{"@type":"ImageObject","inLanguage":"sv-SE","@id":"https:\/\/www.fairtradingtech.com\/sv#\/schema\/logo\/image\/","url":"https:\/\/www.fairtradingtech.com\/wp-content\/uploads\/2022\/03\/FTT.png","contentUrl":"https:\/\/www.fairtradingtech.com\/wp-content\/uploads\/2022\/03\/FTT.png","width":353,"height":216,"caption":"Fair Trading Technology"},"image":{"@id":"https:\/\/www.fairtradingtech.com\/sv#\/schema\/logo\/image\/"},"sameAs":["https:\/\/www.facebook.com\/FairTradingTech","https:\/\/x.com\/FairTradingTech","https:\/\/www.linkedin.com\/company\/fairtradingtech","https:\/\/www.instagram.com\/fairtradingtech","https:\/\/www.youtube.com\/@FairTradingTech"]}]}},"_links":{"self":[{"href":"https:\/\/www.fairtradingtech.com\/sv\/wp-json\/wp\/v2\/pages\/22959","targetHints":{"allow":["GET"]}}],"collection":[{"href":"https:\/\/www.fairtradingtech.com\/sv\/wp-json\/wp\/v2\/pages"}],"about":[{"href":"https:\/\/www.fairtradingtech.com\/sv\/wp-json\/wp\/v2\/types\/page"}],"author":[{"embeddable":true,"href":"https:\/\/www.fairtradingtech.com\/sv\/wp-json\/wp\/v2\/users\/1"}],"replies":[{"embeddable":true,"href":"https:\/\/www.fairtradingtech.com\/sv\/wp-json\/wp\/v2\/comments?post=22959"}],"version-history":[{"count":6,"href":"https:\/\/www.fairtradingtech.com\/sv\/wp-json\/wp\/v2\/pages\/22959\/revisions"}],"predecessor-version":[{"id":34742,"href":"https:\/\/www.fairtradingtech.com\/sv\/wp-json\/wp\/v2\/pages\/22959\/revisions\/34742"}],"wp:attachment":[{"href":"https:\/\/www.fairtradingtech.com\/sv\/wp-json\/wp\/v2\/media?parent=22959"}],"curies":[{"name":"wp","href":"https:\/\/api.w.org\/{rel}","templated":true}]}}