{"id":22906,"date":"2021-09-09T13:31:22","date_gmt":"2021-09-09T11:31:22","guid":{"rendered":"https:\/\/fairtradingtech.com\/policy-for-upphovsratt"},"modified":"2022-08-10T17:52:24","modified_gmt":"2022-08-10T15:52:24","slug":"upphovsrattpolicy","status":"publish","type":"page","link":"https:\/\/www.fairtradingtech.com\/sv\/upphovsrattpolicy","title":{"rendered":"Upphovsr\u00e4ttspolicy"},"content":{"rendered":"\t\t<div data-elementor-type=\"wp-page\" data-elementor-id=\"22906\" class=\"elementor elementor-22906 elementor-705\">\n\t\t\t\t\t\t<section class=\"has_eae_slider elementor-section elementor-top-section elementor-element elementor-element-4d6f3fa elementor-section-boxed elementor-section-height-default elementor-section-height-default exad-glass-effect-no exad-sticky-section-no\" data-id=\"4d6f3fa\" data-element_type=\"section\">\n\t\t\t\t\t\t<div class=\"elementor-container elementor-column-gap-default\">\n\t\t\t\t\t<div class=\"has_eae_slider elementor-column elementor-col-100 elementor-top-column elementor-element elementor-element-0da10c6 exad-glass-effect-no exad-sticky-section-no\" data-id=\"0da10c6\" data-element_type=\"column\">\n\t\t\t<div class=\"elementor-widget-wrap elementor-element-populated\">\n\t\t\t\t\t\t<div class=\"elementor-element elementor-element-d135876 exad-sticky-section-no exad-glass-effect-no elementor-invisible elementor-widget elementor-widget-heading\" data-id=\"d135876\" data-element_type=\"widget\" data-settings=\"{&quot;_animation&quot;:&quot;fadeInUp&quot;,&quot;_animation_delay&quot;:200}\" data-widget_type=\"heading.default\">\n\t\t\t\t<div class=\"elementor-widget-container\">\n\t\t\t\t\t<h2 class=\"elementor-heading-title elementor-size-default\">Upphovsr\u00e4ttspolicy<\/h2>\t\t\t\t<\/div>\n\t\t\t\t<\/div>\n\t\t\t\t<div class=\"elementor-element elementor-element-2a853cb exad-sticky-section-no exad-glass-effect-no elementor-widget elementor-widget-spacer\" data-id=\"2a853cb\" data-element_type=\"widget\" data-widget_type=\"spacer.default\">\n\t\t\t\t<div class=\"elementor-widget-container\">\n\t\t\t\t\t\t\t<div class=\"elementor-spacer\">\n\t\t\t<div class=\"elementor-spacer-inner\"><\/div>\n\t\t<\/div>\n\t\t\t\t\t\t<\/div>\n\t\t\t\t<\/div>\n\t\t\t\t<div class=\"elementor-element elementor-element-67498d4 exad-sticky-section-no exad-glass-effect-no elementor-invisible elementor-widget elementor-widget-text-editor\" data-id=\"67498d4\" data-element_type=\"widget\" data-settings=\"{&quot;_animation&quot;:&quot;fadeInUp&quot;,&quot;_animation_delay&quot;:400}\" data-widget_type=\"text-editor.default\">\n\t\t\t\t<div class=\"elementor-widget-container\">\n\t\t\t\t\t\t\t\t\t<div class=\"wpb_text_column wpb_content_element vc_custom_1538049593094\"><div class=\"wpb_wrapper\"><div class=\"wpb_text_column wpb_content_element wpb_animate_when_almost_visible wpb_bottom-to-top bottom-to-top vc_custom_1534936626783 wpb_start_animation animated\"><div class=\"wpb_wrapper\"><p>\u00a9 Copyright FTT Sweden AB, 2010-2022<\/p><p>Om inte annat uttryckligen anges, \u00e4gs eller kontrolleras alla r\u00e4ttigheter, inklusive upphovsr\u00e4tten till inneh\u00e5llet p\u00e5 denna webbplats, av FTT Sweden AB.<\/p><p>Inneh\u00e5llet p\u00e5 denna webbplats f\u00e5r inte kopieras, reproduceras, \u00e5terpubliceras, laddas ner, publiceras, s\u00e4ndas eller \u00f6verf\u00f6ras p\u00e5 n\u00e5got s\u00e4tt utan att f\u00f6rst ha f\u00e5tt FTT Sweden AB:s eller upphovsr\u00e4ttsinnehavarens skriftliga tillst\u00e5nd.<\/p><p>Om det finns dokument som \u00e4r enskilda f\u00f6rfattares ansvar, representerar \u00e5sikterna i dessa dokument inte n\u00f6dv\u00e4ndigtvis FTT Sweden AB:s \u00e5sikter.<\/p><\/div><\/div><\/div><\/div>\t\t\t\t\t\t\t\t<\/div>\n\t\t\t\t<\/div>\n\t\t\t\t\t<\/div>\n\t\t<\/div>\n\t\t\t\t\t<\/div>\n\t\t<\/section>\n\t\t\t\t<\/div>\n\t\t","protected":false},"excerpt":{"rendered":"<p>Upphovsr\u00e4ttspolicy \u00a9 Copyright FTT Sweden AB, 2010-2022 Om inte annat uttryckligen anges, \u00e4gs eller kontrolleras alla r\u00e4ttigheter, inklusive upphovsr\u00e4tten till inneh\u00e5llet p\u00e5 [&hellip;]<\/p>\n","protected":false},"author":1,"featured_media":0,"parent":0,"menu_order":0,"comment_status":"closed","ping_status":"closed","template":"","meta":{"_eb_attr":"","footnotes":""},"class_list":["post-22906","page","type-page","status-publish","hentry"],"yoast_head":"<!-- This site is optimized with the Yoast SEO plugin v24.4 - https:\/\/yoast.com\/wordpress\/plugins\/seo\/ -->\n<title>Upphovsr\u00e4ttspolicy - Fair Trading Technology<\/title>\n<meta name=\"robots\" content=\"index, follow, max-snippet:-1, max-image-preview:large, max-video-preview:-1\" \/>\n<link rel=\"canonical\" href=\"https:\/\/www.fairtradingtech.com\/sv\/upphovsrattpolicy\" \/>\n<meta property=\"og:locale\" content=\"sv_SE\" \/>\n<meta property=\"og:type\" content=\"article\" \/>\n<meta property=\"og:title\" content=\"Upphovsr\u00e4ttspolicy - Fair Trading Technology\" \/>\n<meta property=\"og:description\" content=\"Upphovsr\u00e4ttspolicy \u00a9 Copyright FTT Sweden AB, 2010-2022 Om inte annat uttryckligen anges, \u00e4gs eller kontrolleras alla r\u00e4ttigheter, inklusive upphovsr\u00e4tten till inneh\u00e5llet p\u00e5 [&hellip;]\" \/>\n<meta property=\"og:url\" content=\"https:\/\/www.fairtradingtech.com\/sv\/upphovsrattpolicy\" \/>\n<meta property=\"og:site_name\" content=\"Fair Trading Technology\" \/>\n<meta property=\"article:publisher\" content=\"https:\/\/www.facebook.com\/FairTradingTech\" \/>\n<meta property=\"article:modified_time\" content=\"2022-08-10T15:52:24+00:00\" \/>\n<meta name=\"twitter:card\" content=\"summary_large_image\" \/>\n<meta name=\"twitter:site\" content=\"@FairTradingTech\" \/>\n<script type=\"application\/ld+json\" class=\"yoast-schema-graph\">{\"@context\":\"https:\/\/schema.org\",\"@graph\":[{\"@type\":\"WebPage\",\"@id\":\"https:\/\/www.fairtradingtech.com\/sv\/upphovsrattpolicy\",\"url\":\"https:\/\/www.fairtradingtech.com\/sv\/upphovsrattpolicy\",\"name\":\"Upphovsr\u00e4ttspolicy - Fair Trading Technology\",\"isPartOf\":{\"@id\":\"https:\/\/www.fairtradingtech.com\/sv#website\"},\"datePublished\":\"2021-09-09T11:31:22+00:00\",\"dateModified\":\"2022-08-10T15:52:24+00:00\",\"breadcrumb\":{\"@id\":\"https:\/\/www.fairtradingtech.com\/sv\/upphovsrattpolicy#breadcrumb\"},\"inLanguage\":\"sv-SE\",\"potentialAction\":[{\"@type\":\"ReadAction\",\"target\":[\"https:\/\/www.fairtradingtech.com\/sv\/upphovsrattpolicy\"]}]},{\"@type\":\"BreadcrumbList\",\"@id\":\"https:\/\/www.fairtradingtech.com\/sv\/upphovsrattpolicy#breadcrumb\",\"itemListElement\":[{\"@type\":\"ListItem\",\"position\":1,\"name\":\"Home\",\"item\":\"https:\/\/www.fairtradingtech.com\/sv\"},{\"@type\":\"ListItem\",\"position\":2,\"name\":\"Upphovsr\u00e4ttspolicy\"}]},{\"@type\":\"WebSite\",\"@id\":\"https:\/\/www.fairtradingtech.com\/sv#website\",\"url\":\"https:\/\/www.fairtradingtech.com\/sv\",\"name\":\"Fair Trading Technology\",\"description\":\"Fintech Solutions Provider\",\"publisher\":{\"@id\":\"https:\/\/www.fairtradingtech.com\/sv#organization\"},\"alternateName\":\"FTT\",\"potentialAction\":[{\"@type\":\"SearchAction\",\"target\":{\"@type\":\"EntryPoint\",\"urlTemplate\":\"https:\/\/www.fairtradingtech.com\/sv?s={search_term_string}\"},\"query-input\":{\"@type\":\"PropertyValueSpecification\",\"valueRequired\":true,\"valueName\":\"search_term_string\"}}],\"inLanguage\":\"sv-SE\"},{\"@type\":\"Organization\",\"@id\":\"https:\/\/www.fairtradingtech.com\/sv#organization\",\"name\":\"Fair Trading Technology\",\"alternateName\":\"FTT\",\"url\":\"https:\/\/www.fairtradingtech.com\/sv\",\"logo\":{\"@type\":\"ImageObject\",\"inLanguage\":\"sv-SE\",\"@id\":\"https:\/\/www.fairtradingtech.com\/sv#\/schema\/logo\/image\/\",\"url\":\"https:\/\/www.fairtradingtech.com\/wp-content\/uploads\/2022\/03\/FTT.png\",\"contentUrl\":\"https:\/\/www.fairtradingtech.com\/wp-content\/uploads\/2022\/03\/FTT.png\",\"width\":353,\"height\":216,\"caption\":\"Fair Trading Technology\"},\"image\":{\"@id\":\"https:\/\/www.fairtradingtech.com\/sv#\/schema\/logo\/image\/\"},\"sameAs\":[\"https:\/\/www.facebook.com\/FairTradingTech\",\"https:\/\/x.com\/FairTradingTech\",\"https:\/\/www.linkedin.com\/company\/fairtradingtech\",\"https:\/\/www.instagram.com\/fairtradingtech\",\"https:\/\/www.youtube.com\/@FairTradingTech\"]}]}<\/script>\n<!-- \/ Yoast SEO plugin. -->","yoast_head_json":{"title":"Upphovsr\u00e4ttspolicy - Fair Trading Technology","robots":{"index":"index","follow":"follow","max-snippet":"max-snippet:-1","max-image-preview":"max-image-preview:large","max-video-preview":"max-video-preview:-1"},"canonical":"https:\/\/www.fairtradingtech.com\/sv\/upphovsrattpolicy","og_locale":"sv_SE","og_type":"article","og_title":"Upphovsr\u00e4ttspolicy - Fair Trading Technology","og_description":"Upphovsr\u00e4ttspolicy \u00a9 Copyright FTT Sweden AB, 2010-2022 Om inte annat uttryckligen anges, \u00e4gs eller kontrolleras alla r\u00e4ttigheter, inklusive upphovsr\u00e4tten till inneh\u00e5llet p\u00e5 [&hellip;]","og_url":"https:\/\/www.fairtradingtech.com\/sv\/upphovsrattpolicy","og_site_name":"Fair Trading Technology","article_publisher":"https:\/\/www.facebook.com\/FairTradingTech","article_modified_time":"2022-08-10T15:52:24+00:00","twitter_card":"summary_large_image","twitter_site":"@FairTradingTech","schema":{"@context":"https:\/\/schema.org","@graph":[{"@type":"WebPage","@id":"https:\/\/www.fairtradingtech.com\/sv\/upphovsrattpolicy","url":"https:\/\/www.fairtradingtech.com\/sv\/upphovsrattpolicy","name":"Upphovsr\u00e4ttspolicy - Fair Trading Technology","isPartOf":{"@id":"https:\/\/www.fairtradingtech.com\/sv#website"},"datePublished":"2021-09-09T11:31:22+00:00","dateModified":"2022-08-10T15:52:24+00:00","breadcrumb":{"@id":"https:\/\/www.fairtradingtech.com\/sv\/upphovsrattpolicy#breadcrumb"},"inLanguage":"sv-SE","potentialAction":[{"@type":"ReadAction","target":["https:\/\/www.fairtradingtech.com\/sv\/upphovsrattpolicy"]}]},{"@type":"BreadcrumbList","@id":"https:\/\/www.fairtradingtech.com\/sv\/upphovsrattpolicy#breadcrumb","itemListElement":[{"@type":"ListItem","position":1,"name":"Home","item":"https:\/\/www.fairtradingtech.com\/sv"},{"@type":"ListItem","position":2,"name":"Upphovsr\u00e4ttspolicy"}]},{"@type":"WebSite","@id":"https:\/\/www.fairtradingtech.com\/sv#website","url":"https:\/\/www.fairtradingtech.com\/sv","name":"Fair Trading Technology","description":"Fintech Solutions Provider","publisher":{"@id":"https:\/\/www.fairtradingtech.com\/sv#organization"},"alternateName":"FTT","potentialAction":[{"@type":"SearchAction","target":{"@type":"EntryPoint","urlTemplate":"https:\/\/www.fairtradingtech.com\/sv?s={search_term_string}"},"query-input":{"@type":"PropertyValueSpecification","valueRequired":true,"valueName":"search_term_string"}}],"inLanguage":"sv-SE"},{"@type":"Organization","@id":"https:\/\/www.fairtradingtech.com\/sv#organization","name":"Fair Trading Technology","alternateName":"FTT","url":"https:\/\/www.fairtradingtech.com\/sv","logo":{"@type":"ImageObject","inLanguage":"sv-SE","@id":"https:\/\/www.fairtradingtech.com\/sv#\/schema\/logo\/image\/","url":"https:\/\/www.fairtradingtech.com\/wp-content\/uploads\/2022\/03\/FTT.png","contentUrl":"https:\/\/www.fairtradingtech.com\/wp-content\/uploads\/2022\/03\/FTT.png","width":353,"height":216,"caption":"Fair Trading Technology"},"image":{"@id":"https:\/\/www.fairtradingtech.com\/sv#\/schema\/logo\/image\/"},"sameAs":["https:\/\/www.facebook.com\/FairTradingTech","https:\/\/x.com\/FairTradingTech","https:\/\/www.linkedin.com\/company\/fairtradingtech","https:\/\/www.instagram.com\/fairtradingtech","https:\/\/www.youtube.com\/@FairTradingTech"]}]}},"_links":{"self":[{"href":"https:\/\/www.fairtradingtech.com\/sv\/wp-json\/wp\/v2\/pages\/22906","targetHints":{"allow":["GET"]}}],"collection":[{"href":"https:\/\/www.fairtradingtech.com\/sv\/wp-json\/wp\/v2\/pages"}],"about":[{"href":"https:\/\/www.fairtradingtech.com\/sv\/wp-json\/wp\/v2\/types\/page"}],"author":[{"embeddable":true,"href":"https:\/\/www.fairtradingtech.com\/sv\/wp-json\/wp\/v2\/users\/1"}],"replies":[{"embeddable":true,"href":"https:\/\/www.fairtradingtech.com\/sv\/wp-json\/wp\/v2\/comments?post=22906"}],"version-history":[{"count":5,"href":"https:\/\/www.fairtradingtech.com\/sv\/wp-json\/wp\/v2\/pages\/22906\/revisions"}],"predecessor-version":[{"id":23038,"href":"https:\/\/www.fairtradingtech.com\/sv\/wp-json\/wp\/v2\/pages\/22906\/revisions\/23038"}],"wp:attachment":[{"href":"https:\/\/www.fairtradingtech.com\/sv\/wp-json\/wp\/v2\/media?parent=22906"}],"curies":[{"name":"wp","href":"https:\/\/api.w.org\/{rel}","templated":true}]}}