{"id":22901,"date":"2021-09-09T13:40:53","date_gmt":"2021-09-09T11:40:53","guid":{"rendered":"https:\/\/fairtradingtech.com\/integritetspolicy"},"modified":"2023-03-23T10:17:27","modified_gmt":"2023-03-23T09:17:27","slug":"integritetspolicy","status":"publish","type":"page","link":"https:\/\/www.fairtradingtech.com\/sv\/integritetspolicy","title":{"rendered":"Integritetspolicy"},"content":{"rendered":"\t\t<div data-elementor-type=\"wp-page\" data-elementor-id=\"22901\" class=\"elementor elementor-22901 elementor-713\">\n\t\t\t\t\t\t<section class=\"has_eae_slider elementor-section elementor-top-section elementor-element elementor-element-4d6f3fa elementor-section-boxed elementor-section-height-default elementor-section-height-default exad-glass-effect-no exad-sticky-section-no\" data-id=\"4d6f3fa\" data-element_type=\"section\">\n\t\t\t\t\t\t<div class=\"elementor-container elementor-column-gap-default\">\n\t\t\t\t\t<div class=\"has_eae_slider elementor-column elementor-col-100 elementor-top-column elementor-element elementor-element-0da10c6 exad-glass-effect-no exad-sticky-section-no\" data-id=\"0da10c6\" data-element_type=\"column\">\n\t\t\t<div class=\"elementor-widget-wrap elementor-element-populated\">\n\t\t\t\t\t\t<div class=\"elementor-element elementor-element-d135876 exad-sticky-section-no exad-glass-effect-no elementor-invisible elementor-widget elementor-widget-heading\" data-id=\"d135876\" data-element_type=\"widget\" data-settings=\"{&quot;_animation&quot;:&quot;fadeInUp&quot;,&quot;_animation_delay&quot;:200}\" data-widget_type=\"heading.default\">\n\t\t\t\t<div class=\"elementor-widget-container\">\n\t\t\t\t\t<h2 class=\"elementor-heading-title elementor-size-default\">Integritetspolicy<\/h2>\t\t\t\t<\/div>\n\t\t\t\t<\/div>\n\t\t\t\t<div class=\"elementor-element elementor-element-2a853cb exad-sticky-section-no exad-glass-effect-no elementor-widget elementor-widget-spacer\" data-id=\"2a853cb\" data-element_type=\"widget\" data-widget_type=\"spacer.default\">\n\t\t\t\t<div class=\"elementor-widget-container\">\n\t\t\t\t\t\t\t<div class=\"elementor-spacer\">\n\t\t\t<div class=\"elementor-spacer-inner\"><\/div>\n\t\t<\/div>\n\t\t\t\t\t\t<\/div>\n\t\t\t\t<\/div>\n\t\t\t\t<div class=\"elementor-element elementor-element-67498d4 exad-sticky-section-no exad-glass-effect-no elementor-invisible elementor-widget elementor-widget-text-editor\" data-id=\"67498d4\" data-element_type=\"widget\" data-settings=\"{&quot;_animation&quot;:&quot;fadeInUp&quot;,&quot;_animation_delay&quot;:400}\" data-widget_type=\"text-editor.default\">\n\t\t\t\t<div class=\"elementor-widget-container\">\n\t\t\t\t\t\t\t\t\t<div><div><div><div><div><div><p>V\u00e5r integritetspolicy \u00e4r avsedd att beskriva hur FTT Sweden AB hanterar information som vi f\u00e5r reda p\u00e5 om dig n\u00e4r du bes\u00f6ker v\u00e5r webbplats. Den information vi f\u00e5r beror p\u00e5 hur du anv\u00e4nder webbplatsen. Du beh\u00f6ver inte ge oss personlig information f\u00f6r att bes\u00f6ka v\u00e5r webbplats.<\/p><p>Om du bes\u00f6ker FTT Sweden AB:s webbplats www.fairtradingtech.com f\u00f6r att l\u00e4sa eller ladda ner information, t.ex. pressmeddelanden eller publikationer, kommer vi att samla in och lagra f\u00f6ljande information:<\/p><ul><li>Namnet p\u00e5 den dom\u00e4n (maskinen eller webbplatsen) fr\u00e5n vilken du g\u00e5r in p\u00e5 Internet (till exempel aol.com om du ansluter fr\u00e5n ett America Online-konto) och\/eller namnet och IP-adressen (Internet Protocol) p\u00e5 den server du anv\u00e4nder f\u00f6r att komma \u00e5t v\u00e5r webbplats;<\/li><li>Namn och IP-adress f\u00f6r den server som tog emot och loggade beg\u00e4ran;<\/li><li>datum och tid d\u00e5 beg\u00e4ran togs emot;<\/li><li>den information som du tar del av (t.ex. vilken sida eller bild du v\u00e4ljer att l\u00e4sa eller ladda ner);<\/li><li>Namn och version av den webbl\u00e4sare som anv\u00e4nds f\u00f6r att komma \u00e5t webbsidan.<\/li><\/ul><\/div><div><p>Vi anv\u00e4nder den insamlade informationen f\u00f6r att m\u00e4ta antalet bes\u00f6kare p\u00e5 de olika delarna av v\u00e5r webbplats och f\u00f6r att hj\u00e4lpa oss att g\u00f6ra webbplatsen mer anv\u00e4ndbar f\u00f6r v\u00e5ra bes\u00f6kare. &#8221;Cookies&#8221; \u00e4r sm\u00e5 textbitar som antingen anv\u00e4nds under en session (&#8221;sessionscookies&#8221;) eller sparas p\u00e5 en anv\u00e4ndares h\u00e5rddisk f\u00f6r att identifiera anv\u00e4ndaren, eller information om anv\u00e4ndaren, n\u00e4sta g\u00e5ng anv\u00e4ndaren loggar in p\u00e5 en webbplats (&#8221;permanenta cookies&#8221;). FTT Sweden AB anv\u00e4nder inte permanenta cookies.<\/p><p>FTT anv\u00e4nder cookie-teknik p\u00e5 v\u00e5r webbplats f\u00f6r att anpassa inneh\u00e5ll och annonser, tillhandah\u00e5lla funktioner f\u00f6r sociala medier och analysera v\u00e5r trafik. Om du fyller i ett formul\u00e4r, skickar en kommentar eller ett bidrag till en regelskrivningsprocess eller skickar ett e-postmeddelande till FTT Sweden AB kan du v\u00e4lja att skicka oss information som identifierar dig personligen. I allm\u00e4nhet anv\u00e4nds s\u00e5dan information f\u00f6r att besvara din f\u00f6rfr\u00e5gan, men den kan ha andra anv\u00e4ndningsomr\u00e5den som anges p\u00e5 varje formul\u00e4r. Formul\u00e4ren kan inneh\u00e5lla information som personal kopplad till FTT Sweden AB anv\u00e4nder f\u00f6r att sp\u00e5ra och svara p\u00e5 din beg\u00e4ran. S\u00e5dan information kan delas med andra brottsbek\u00e4mpande organ n\u00e4r det \u00e4r l\u00e4mpligt.<br \/><br \/>Om du har fr\u00e5gor om FTT Sweden AB:s integritetspolicy och informationsrutiner kan du skicka ett e-postmeddelande till oss p\u00e5 <a href=\"mailto:info@fairtradingtech.com\">info@fairtradingtech.com<\/a>. Den h\u00e4r e-postadressen skyddas mot spambots. Du m\u00e5ste ha JavaScript aktiverat f\u00f6r att se den.<\/p><\/div><\/div><\/div><\/div><\/div><\/div>\t\t\t\t\t\t\t\t<\/div>\n\t\t\t\t<\/div>\n\t\t\t\t\t<\/div>\n\t\t<\/div>\n\t\t\t\t\t<\/div>\n\t\t<\/section>\n\t\t\t\t<\/div>\n\t\t","protected":false},"excerpt":{"rendered":"<p>Integritetspolicy V\u00e5r integritetspolicy \u00e4r avsedd att beskriva hur FTT Sweden AB hanterar information som vi f\u00e5r reda p\u00e5 om dig n\u00e4r du [&hellip;]<\/p>\n","protected":false},"author":1,"featured_media":0,"parent":0,"menu_order":0,"comment_status":"closed","ping_status":"closed","template":"","meta":{"_eb_attr":"","footnotes":""},"class_list":["post-22901","page","type-page","status-publish","hentry"],"yoast_head":"<!-- This site is optimized with the Yoast SEO plugin v24.4 - https:\/\/yoast.com\/wordpress\/plugins\/seo\/ -->\n<title>Integritetspolicy - Fair Trading Technology<\/title>\n<meta name=\"robots\" content=\"index, follow, max-snippet:-1, max-image-preview:large, max-video-preview:-1\" \/>\n<link rel=\"canonical\" href=\"https:\/\/www.fairtradingtech.com\/sv\/integritetspolicy\" \/>\n<meta property=\"og:locale\" content=\"sv_SE\" \/>\n<meta property=\"og:type\" content=\"article\" \/>\n<meta property=\"og:title\" content=\"Integritetspolicy - Fair Trading Technology\" \/>\n<meta property=\"og:description\" content=\"Integritetspolicy V\u00e5r integritetspolicy \u00e4r avsedd att beskriva hur FTT Sweden AB hanterar information som vi f\u00e5r reda p\u00e5 om dig n\u00e4r du [&hellip;]\" \/>\n<meta property=\"og:url\" content=\"https:\/\/www.fairtradingtech.com\/sv\/integritetspolicy\" \/>\n<meta property=\"og:site_name\" content=\"Fair Trading Technology\" \/>\n<meta property=\"article:publisher\" content=\"https:\/\/www.facebook.com\/FairTradingTech\" \/>\n<meta property=\"article:modified_time\" content=\"2023-03-23T09:17:27+00:00\" \/>\n<meta name=\"twitter:card\" content=\"summary_large_image\" \/>\n<meta name=\"twitter:site\" content=\"@FairTradingTech\" \/>\n<meta name=\"twitter:label1\" content=\"Ber\u00e4knad l\u00e4stid\" \/>\n\t<meta name=\"twitter:data1\" content=\"2 minuter\" \/>\n<script type=\"application\/ld+json\" class=\"yoast-schema-graph\">{\"@context\":\"https:\/\/schema.org\",\"@graph\":[{\"@type\":\"WebPage\",\"@id\":\"https:\/\/www.fairtradingtech.com\/sv\/integritetspolicy\",\"url\":\"https:\/\/www.fairtradingtech.com\/sv\/integritetspolicy\",\"name\":\"Integritetspolicy - Fair Trading Technology\",\"isPartOf\":{\"@id\":\"https:\/\/www.fairtradingtech.com\/sv#website\"},\"datePublished\":\"2021-09-09T11:40:53+00:00\",\"dateModified\":\"2023-03-23T09:17:27+00:00\",\"breadcrumb\":{\"@id\":\"https:\/\/www.fairtradingtech.com\/sv\/integritetspolicy#breadcrumb\"},\"inLanguage\":\"sv-SE\",\"potentialAction\":[{\"@type\":\"ReadAction\",\"target\":[\"https:\/\/www.fairtradingtech.com\/sv\/integritetspolicy\"]}]},{\"@type\":\"BreadcrumbList\",\"@id\":\"https:\/\/www.fairtradingtech.com\/sv\/integritetspolicy#breadcrumb\",\"itemListElement\":[{\"@type\":\"ListItem\",\"position\":1,\"name\":\"Home\",\"item\":\"https:\/\/www.fairtradingtech.com\/sv\"},{\"@type\":\"ListItem\",\"position\":2,\"name\":\"Integritetspolicy\"}]},{\"@type\":\"WebSite\",\"@id\":\"https:\/\/www.fairtradingtech.com\/sv#website\",\"url\":\"https:\/\/www.fairtradingtech.com\/sv\",\"name\":\"Fair Trading Technology\",\"description\":\"Fintech Solutions Provider\",\"publisher\":{\"@id\":\"https:\/\/www.fairtradingtech.com\/sv#organization\"},\"alternateName\":\"FTT\",\"potentialAction\":[{\"@type\":\"SearchAction\",\"target\":{\"@type\":\"EntryPoint\",\"urlTemplate\":\"https:\/\/www.fairtradingtech.com\/sv?s={search_term_string}\"},\"query-input\":{\"@type\":\"PropertyValueSpecification\",\"valueRequired\":true,\"valueName\":\"search_term_string\"}}],\"inLanguage\":\"sv-SE\"},{\"@type\":\"Organization\",\"@id\":\"https:\/\/www.fairtradingtech.com\/sv#organization\",\"name\":\"Fair Trading Technology\",\"alternateName\":\"FTT\",\"url\":\"https:\/\/www.fairtradingtech.com\/sv\",\"logo\":{\"@type\":\"ImageObject\",\"inLanguage\":\"sv-SE\",\"@id\":\"https:\/\/www.fairtradingtech.com\/sv#\/schema\/logo\/image\/\",\"url\":\"https:\/\/www.fairtradingtech.com\/wp-content\/uploads\/2022\/03\/FTT.png\",\"contentUrl\":\"https:\/\/www.fairtradingtech.com\/wp-content\/uploads\/2022\/03\/FTT.png\",\"width\":353,\"height\":216,\"caption\":\"Fair Trading Technology\"},\"image\":{\"@id\":\"https:\/\/www.fairtradingtech.com\/sv#\/schema\/logo\/image\/\"},\"sameAs\":[\"https:\/\/www.facebook.com\/FairTradingTech\",\"https:\/\/x.com\/FairTradingTech\",\"https:\/\/www.linkedin.com\/company\/fairtradingtech\",\"https:\/\/www.instagram.com\/fairtradingtech\",\"https:\/\/www.youtube.com\/@FairTradingTech\"]}]}<\/script>\n<!-- \/ Yoast SEO plugin. -->","yoast_head_json":{"title":"Integritetspolicy - Fair Trading Technology","robots":{"index":"index","follow":"follow","max-snippet":"max-snippet:-1","max-image-preview":"max-image-preview:large","max-video-preview":"max-video-preview:-1"},"canonical":"https:\/\/www.fairtradingtech.com\/sv\/integritetspolicy","og_locale":"sv_SE","og_type":"article","og_title":"Integritetspolicy - Fair Trading Technology","og_description":"Integritetspolicy V\u00e5r integritetspolicy \u00e4r avsedd att beskriva hur FTT Sweden AB hanterar information som vi f\u00e5r reda p\u00e5 om dig n\u00e4r du [&hellip;]","og_url":"https:\/\/www.fairtradingtech.com\/sv\/integritetspolicy","og_site_name":"Fair Trading Technology","article_publisher":"https:\/\/www.facebook.com\/FairTradingTech","article_modified_time":"2023-03-23T09:17:27+00:00","twitter_card":"summary_large_image","twitter_site":"@FairTradingTech","twitter_misc":{"Ber\u00e4knad l\u00e4stid":"2 minuter"},"schema":{"@context":"https:\/\/schema.org","@graph":[{"@type":"WebPage","@id":"https:\/\/www.fairtradingtech.com\/sv\/integritetspolicy","url":"https:\/\/www.fairtradingtech.com\/sv\/integritetspolicy","name":"Integritetspolicy - Fair Trading Technology","isPartOf":{"@id":"https:\/\/www.fairtradingtech.com\/sv#website"},"datePublished":"2021-09-09T11:40:53+00:00","dateModified":"2023-03-23T09:17:27+00:00","breadcrumb":{"@id":"https:\/\/www.fairtradingtech.com\/sv\/integritetspolicy#breadcrumb"},"inLanguage":"sv-SE","potentialAction":[{"@type":"ReadAction","target":["https:\/\/www.fairtradingtech.com\/sv\/integritetspolicy"]}]},{"@type":"BreadcrumbList","@id":"https:\/\/www.fairtradingtech.com\/sv\/integritetspolicy#breadcrumb","itemListElement":[{"@type":"ListItem","position":1,"name":"Home","item":"https:\/\/www.fairtradingtech.com\/sv"},{"@type":"ListItem","position":2,"name":"Integritetspolicy"}]},{"@type":"WebSite","@id":"https:\/\/www.fairtradingtech.com\/sv#website","url":"https:\/\/www.fairtradingtech.com\/sv","name":"Fair Trading Technology","description":"Fintech Solutions Provider","publisher":{"@id":"https:\/\/www.fairtradingtech.com\/sv#organization"},"alternateName":"FTT","potentialAction":[{"@type":"SearchAction","target":{"@type":"EntryPoint","urlTemplate":"https:\/\/www.fairtradingtech.com\/sv?s={search_term_string}"},"query-input":{"@type":"PropertyValueSpecification","valueRequired":true,"valueName":"search_term_string"}}],"inLanguage":"sv-SE"},{"@type":"Organization","@id":"https:\/\/www.fairtradingtech.com\/sv#organization","name":"Fair Trading Technology","alternateName":"FTT","url":"https:\/\/www.fairtradingtech.com\/sv","logo":{"@type":"ImageObject","inLanguage":"sv-SE","@id":"https:\/\/www.fairtradingtech.com\/sv#\/schema\/logo\/image\/","url":"https:\/\/www.fairtradingtech.com\/wp-content\/uploads\/2022\/03\/FTT.png","contentUrl":"https:\/\/www.fairtradingtech.com\/wp-content\/uploads\/2022\/03\/FTT.png","width":353,"height":216,"caption":"Fair Trading Technology"},"image":{"@id":"https:\/\/www.fairtradingtech.com\/sv#\/schema\/logo\/image\/"},"sameAs":["https:\/\/www.facebook.com\/FairTradingTech","https:\/\/x.com\/FairTradingTech","https:\/\/www.linkedin.com\/company\/fairtradingtech","https:\/\/www.instagram.com\/fairtradingtech","https:\/\/www.youtube.com\/@FairTradingTech"]}]}},"_links":{"self":[{"href":"https:\/\/www.fairtradingtech.com\/sv\/wp-json\/wp\/v2\/pages\/22901","targetHints":{"allow":["GET"]}}],"collection":[{"href":"https:\/\/www.fairtradingtech.com\/sv\/wp-json\/wp\/v2\/pages"}],"about":[{"href":"https:\/\/www.fairtradingtech.com\/sv\/wp-json\/wp\/v2\/types\/page"}],"author":[{"embeddable":true,"href":"https:\/\/www.fairtradingtech.com\/sv\/wp-json\/wp\/v2\/users\/1"}],"replies":[{"embeddable":true,"href":"https:\/\/www.fairtradingtech.com\/sv\/wp-json\/wp\/v2\/comments?post=22901"}],"version-history":[{"count":8,"href":"https:\/\/www.fairtradingtech.com\/sv\/wp-json\/wp\/v2\/pages\/22901\/revisions"}],"predecessor-version":[{"id":27641,"href":"https:\/\/www.fairtradingtech.com\/sv\/wp-json\/wp\/v2\/pages\/22901\/revisions\/27641"}],"wp:attachment":[{"href":"https:\/\/www.fairtradingtech.com\/sv\/wp-json\/wp\/v2\/media?parent=22901"}],"curies":[{"name":"wp","href":"https:\/\/api.w.org\/{rel}","templated":true}]}}