{"id":22893,"date":"2021-06-03T14:58:31","date_gmt":"2021-06-03T12:58:31","guid":{"rendered":"https:\/\/fairtradingtech.com\/om-oss"},"modified":"2023-02-08T17:28:58","modified_gmt":"2023-02-08T16:28:58","slug":"om-oss","status":"publish","type":"page","link":"https:\/\/www.fairtradingtech.com\/sv\/om-oss","title":{"rendered":"Om oss"},"content":{"rendered":"\t\t<div data-elementor-type=\"wp-page\" data-elementor-id=\"22893\" class=\"elementor elementor-22893 elementor-107\">\n\t\t\t\t\t\t<section class=\"has_eae_slider elementor-section elementor-top-section elementor-element elementor-element-547128f elementor-section-height-min-height elementor-section-boxed elementor-section-height-default elementor-section-items-middle exad-glass-effect-no exad-sticky-section-no\" data-id=\"547128f\" data-element_type=\"section\" data-settings=\"{&quot;background_background&quot;:&quot;gradient&quot;}\">\n\t\t\t\t\t\t\t<div class=\"elementor-background-overlay\"><\/div>\n\t\t\t\t\t\t\t<div class=\"elementor-container elementor-column-gap-default\">\n\t\t\t\t\t<div class=\"has_eae_slider elementor-column elementor-col-100 elementor-top-column elementor-element elementor-element-f4f2133 exad-glass-effect-no exad-sticky-section-no\" data-id=\"f4f2133\" data-element_type=\"column\">\n\t\t\t<div class=\"elementor-widget-wrap elementor-element-populated\">\n\t\t\t\t\t\t<div class=\"elementor-element elementor-element-4fcc406 elementor-widget__width-auto exad-sticky-section-no exad-glass-effect-no elementor-invisible elementor-widget elementor-widget-heading\" data-id=\"4fcc406\" data-element_type=\"widget\" data-settings=\"{&quot;_animation&quot;:&quot;fadeInUp&quot;}\" data-widget_type=\"heading.default\">\n\t\t\t\t<div class=\"elementor-widget-container\">\n\t\t\t\t\t<h5 class=\"elementor-heading-title elementor-size-default\">FR\u00c5N SVERIGES V\u00c4STKUST TILL V\u00c4RLDENS FINANSCENTRUM<\/h5>\t\t\t\t<\/div>\n\t\t\t\t<\/div>\n\t\t\t\t<div class=\"elementor-element elementor-element-c001b4d exad-sticky-section-no exad-glass-effect-no elementor-invisible elementor-widget elementor-widget-heading\" data-id=\"c001b4d\" data-element_type=\"widget\" data-settings=\"{&quot;_animation_delay&quot;:200,&quot;_animation&quot;:&quot;fadeInUp&quot;}\" data-widget_type=\"heading.default\">\n\t\t\t\t<div class=\"elementor-widget-container\">\n\t\t\t\t\t<h2 class=\"elementor-heading-title elementor-size-default\">Om oss<\/h2>\t\t\t\t<\/div>\n\t\t\t\t<\/div>\n\t\t\t\t<div class=\"elementor-element elementor-element-c3542a2 exad-sticky-section-no exad-glass-effect-no elementor-widget elementor-widget-spacer\" data-id=\"c3542a2\" data-element_type=\"widget\" data-widget_type=\"spacer.default\">\n\t\t\t\t<div class=\"elementor-widget-container\">\n\t\t\t\t\t\t\t<div class=\"elementor-spacer\">\n\t\t\t<div class=\"elementor-spacer-inner\"><\/div>\n\t\t<\/div>\n\t\t\t\t\t\t<\/div>\n\t\t\t\t<\/div>\n\t\t\t\t<div class=\"elementor-element elementor-element-970b4f8 elementor-widget__width-initial bdt-icon-type-icon elementor-position-top bdt-icon-effect-none exad-sticky-section-no exad-glass-effect-no elementor-invisible elementor-widget elementor-widget-bdt-advanced-icon-box\" data-id=\"970b4f8\" data-element_type=\"widget\" data-settings=\"{&quot;_animation&quot;:&quot;fadeInUp&quot;,&quot;_animation_delay&quot;:400}\" data-widget_type=\"bdt-advanced-icon-box.default\">\n\t\t\t\t<div class=\"elementor-widget-container\">\n\t\t\t\t\t\t\t<div class=\"bdt-ep-advanced-icon-box\">\n\n\t\t\t\t\t\t\t\n\t\t\n\t\t\t\t\n\t\t\t<div class=\"bdt-ep-advanced-icon-box-content\">\n\n\t\t\t\t\t\t\t\t\t\n\t\t\t\t\t<h3 class=\"bdt-ep-advanced-icon-box-title\">\n\t\t\t\t<span >\n\t\t\t\t\tV\u00e5rt uppdrag\t\t\t\t<\/span>\n\t\t\t<\/h3>\n\t\t\n\n\t\t\n\t\t\t\t\t\n\t\t\t\t\n\t\t\t\t\t\t\t\t\t<div class=\"bdt-ep-advanced-icon-box-description\">\n\t\t\t\t\t\t<p>Forex-marknaden har l\u00e4nge varit i behov av en revolution. Inget skulle gl\u00e4dja oss mer \u00e4n att vara den katalysator som driver denna revolution fram\u00e5t. Genom att erbjuda en modul\u00e4r helhetsl\u00f6sning f\u00f6r m\u00e4klarf\u00f6retag hoppas Fair Trading Technology kunna revolutionera detta segment av branschen och eventuellt branschen som helhet genom att visa att det finns ett r\u00e4ttvist och \u00e4rligt s\u00e4tt att g\u00f6ra aff\u00e4rer p\u00e5 valutamarknaden utan att kompromissa med snabbhet och effektivitet.<\/p><p style=\"text-align: justify;\">Sedan lanseringen har vi fortsatt att utveckla T3 Integration Hub genom att l\u00e4gga till mer kontroll och fler alternativ samtidigt som vi har f\u00f6rb\u00e4ttrat hastigheten och utf\u00f6randet. Vi har utvecklat ett innovativt backoffice f\u00f6r att driva ditt Forex-m\u00e4klarf\u00f6retag och ge dina handlare och partners tillg\u00e5ng till viktiga funktioner och samtidigt m\u00f6jligg\u00f6ra sj\u00e4lvbetj\u00e4ning.<\/p><p style=\"text-align: justify;\">Vi f\u00f6rs\u00f6ker st\u00e4ndigt hitta nya s\u00e4tt att driva v\u00e5r teknik f\u00f6r att f\u00f6rnya Forex-branschen och fr\u00e4mja en \u00e4rlig och fri marknad.<\/p>\t\t\t\t\t<\/div>\n\t\t\t\t\n\t\t\t\t\t\t\t<\/div>\n\t\t<\/div>\n\n\t\t\n\t\t\n\t\t\t\t<\/div>\n\t\t\t\t<\/div>\n\t\t\t\t<div class=\"elementor-element elementor-element-055edc7 exad-sticky-section-no exad-glass-effect-no elementor-widget elementor-widget-spacer\" data-id=\"055edc7\" data-element_type=\"widget\" data-widget_type=\"spacer.default\">\n\t\t\t\t<div class=\"elementor-widget-container\">\n\t\t\t\t\t\t\t<div class=\"elementor-spacer\">\n\t\t\t<div class=\"elementor-spacer-inner\"><\/div>\n\t\t<\/div>\n\t\t\t\t\t\t<\/div>\n\t\t\t\t<\/div>\n\t\t\t\t<div class=\"elementor-element elementor-element-d4a41dd elementor-widget__width-initial bdt-icon-type-icon elementor-position-top bdt-icon-effect-none exad-sticky-section-no exad-glass-effect-no elementor-invisible elementor-widget elementor-widget-bdt-advanced-icon-box\" data-id=\"d4a41dd\" data-element_type=\"widget\" data-settings=\"{&quot;_animation&quot;:&quot;fadeInUp&quot;,&quot;_animation_delay&quot;:400}\" data-widget_type=\"bdt-advanced-icon-box.default\">\n\t\t\t\t<div class=\"elementor-widget-container\">\n\t\t\t\t\t\t\t<div class=\"bdt-ep-advanced-icon-box\">\n\n\t\t\t\t\t\t\t\n\t\t\n\t\t\t\t\n\t\t\t<div class=\"bdt-ep-advanced-icon-box-content\">\n\n\t\t\t\t\t\t\t\t\t\n\t\t\t\t\t<h3 class=\"bdt-ep-advanced-icon-box-title\">\n\t\t\t\t<span >\n\t\t\t\t\tGrundl\u00e4ggande v\u00e4rderingar\t\t\t\t<\/span>\n\t\t\t<\/h3>\n\t\t\n\n\t\t\n\t\t\t\t\t\n\t\t\t\t\n\t\t\t\t\t\t\t\t\t<div class=\"bdt-ep-advanced-icon-box-description\">\n\t\t\t\t\t\t<p style=\"text-align: left;\"><strong>\u00c4rlighet. S\u00e4kerhet. Innovation. \u00d6ppenhet.<\/strong><\/p>\nSedan starten har detta varit de v\u00e4gledande principerna f\u00f6r Fair Trading Technology och vad vi anser b\u00f6r vara grunden f\u00f6r hela Forex-branschen. Vi var sj\u00e4lva n\u00e4ringsidkare och s\u00e5g problem med det nuvarande s\u00e4ttet att g\u00f6ra saker och ting. Vi s\u00e5g ett fantastiskt verktyg i MetaTrader 4, men ins\u00e5g ocks\u00e5 att utan insyn kunde handlarna inte veta om deras order verkligen n\u00e5dde den \u00f6ppna marknaden. Det stod klart att det som saknades p\u00e5 marknaden var en bro mellan MetaTrader 4 och verklig likviditet. N\u00e4r vi b\u00f6rjade denna resa var vi tvungna att best\u00e4mma oss f\u00f6r vilken strategi vi skulle anv\u00e4nda. Konventionella tillv\u00e4gag\u00e5ngss\u00e4tt skulle helt enkelt inte fungera, s\u00e5 vi kastade bort alla f\u00f6rest\u00e4llningar om hur branschen fungerar och utformade en l\u00f6sning som fungerar f\u00f6r b\u00e5de m\u00e4klare och handlare. Vi ville att handlare skulle kunna handla i b\u00e4sta m\u00f6jliga milj\u00f6, med vilken handelsplattform de \u00e4n ville, genom att ge m\u00e4klare verktygen f\u00f6r att kunna erbjuda just detta utan n\u00e5gra hinder. Detta var tanken bakom T3 Integration Hub, den f\u00f6rsta tekniken som erbjuder en helt transparent l\u00f6sning f\u00f6r MT4 till ECN. \u00c4ven om vi ursprungligen utvecklade bryggan f\u00f6r internt bruk, ins\u00e5g vi snabbt att andra handlare kunde dra nytta av b\u00e5de verktyget och de v\u00e4gledande principerna bakom det.<\/p>\t\t\t\t\t<\/div>\n\t\t\t\t\n\t\t\t\t\t\t\t<\/div>\n\t\t<\/div>\n\n\t\t\n\t\t\n\t\t\t\t<\/div>\n\t\t\t\t<\/div>\n\t\t\t\t<div class=\"elementor-element elementor-element-7b66d67 exad-sticky-section-no exad-glass-effect-no elementor-widget elementor-widget-spacer\" data-id=\"7b66d67\" data-element_type=\"widget\" data-widget_type=\"spacer.default\">\n\t\t\t\t<div class=\"elementor-widget-container\">\n\t\t\t\t\t\t\t<div class=\"elementor-spacer\">\n\t\t\t<div class=\"elementor-spacer-inner\"><\/div>\n\t\t<\/div>\n\t\t\t\t\t\t<\/div>\n\t\t\t\t<\/div>\n\t\t\t\t<div class=\"elementor-element elementor-element-a30ec21 elementor-widget__width-initial bdt-icon-type-icon elementor-position-top bdt-icon-effect-none exad-sticky-section-no exad-glass-effect-no elementor-invisible elementor-widget elementor-widget-bdt-advanced-icon-box\" data-id=\"a30ec21\" data-element_type=\"widget\" data-settings=\"{&quot;_animation&quot;:&quot;fadeInUp&quot;,&quot;_animation_delay&quot;:400}\" data-widget_type=\"bdt-advanced-icon-box.default\">\n\t\t\t\t<div class=\"elementor-widget-container\">\n\t\t\t\t\t\t\t<div class=\"bdt-ep-advanced-icon-box\">\n\n\t\t\t\t\t\t\t\n\t\t\n\t\t\t\t\n\t\t\t<div class=\"bdt-ep-advanced-icon-box-content\">\n\n\t\t\t\t\t\t\t\t\t\n\t\t\t\t\t<h3 class=\"bdt-ep-advanced-icon-box-title\">\n\t\t\t\t<span >\n\t\t\t\t\tFilosofi\t\t\t\t<\/span>\n\t\t\t<\/h3>\n\t\t\n\n\t\t\n\t\t\t\t\t\n\t\t\t\t\n\t\t\t\t\t\t\t\t\t<div class=\"bdt-ep-advanced-icon-box-description\">\n\t\t\t\t\t\t<div class=\"wpb_text_column wpb_content_element wpb_animate_when_almost_visible wpb_bottom-to-top bottom-to-top vc_custom_1534857429648 wpb_start_animation animated\"><div class=\"wpb_wrapper\"><p>Att revolutionera valutabranschen \u00e4r ingen liten uppgift. Vi tror att detta kan uppn\u00e5s utan brutalt v\u00e5ld och reglering, utan ist\u00e4llet med innovation och \u00f6ppenhet. Genom att anv\u00e4nda ett \u00e4rligt och sunt f\u00f6rnuft kan man bana v\u00e4g f\u00f6r en s\u00e4ker marknad utan intressekonflikter.<\/p><p>Fair Trading Technology vill samarbeta med dem som delar v\u00e5ra k\u00e4rnv\u00e4rden f\u00f6r att fr\u00e4mja synergier som g\u00f6r att vi kan ge v\u00e5ra kunder m\u00f6jlighet att anv\u00e4nda banbrytande t\u00e4nkande och teknik. Att vara en oberoende teknikleverant\u00f6r som ocks\u00e5 \u00e4r en p\u00e5litlig partner vars aff\u00e4rsmodell ligger i ditt intresse och fr\u00e4mjar \u00e4rlighet, s\u00e4kerhet, innovation och \u00f6ppenhet. Att h\u00f6ja ribban f\u00f6r att tvinga andra att g\u00f6ra detsamma.<\/p><p>I slut\u00e4ndan \u00e4r det verkligen v\u00e5rt m\u00e5l: att helt enkelt h\u00f6ja ribban. Skapa en ny standard. Att utvecklas.<\/p><\/div><\/div>\t\t\t\t\t<\/div>\n\t\t\t\t\n\t\t\t\t\t\t\t<\/div>\n\t\t<\/div>\n\n\t\t\n\t\t\n\t\t\t\t<\/div>\n\t\t\t\t<\/div>\n\t\t\t\t\t<\/div>\n\t\t<\/div>\n\t\t\t\t\t<\/div>\n\t\t<\/section>\n\t\t\t\t<\/div>\n\t\t","protected":false},"excerpt":{"rendered":"<p>FR\u00c5N SVERIGES V\u00c4STKUST TILL V\u00c4RLDENS FINANSCENTRUM Om oss V\u00e5rt uppdrag Forex-marknaden har l\u00e4nge varit i behov av en revolution. Inget skulle gl\u00e4dja [&hellip;]<\/p>\n","protected":false},"author":1,"featured_media":0,"parent":0,"menu_order":0,"comment_status":"closed","ping_status":"closed","template":"","meta":{"_eb_attr":"","footnotes":""},"class_list":["post-22893","page","type-page","status-publish","hentry"],"yoast_head":"<!-- This site is optimized with the Yoast SEO plugin v24.4 - https:\/\/yoast.com\/wordpress\/plugins\/seo\/ -->\n<title>Om oss - Fair Trading Technology<\/title>\n<meta name=\"robots\" content=\"index, follow, max-snippet:-1, max-image-preview:large, max-video-preview:-1\" \/>\n<link rel=\"canonical\" href=\"https:\/\/www.fairtradingtech.com\/sv\/om-oss\" \/>\n<meta property=\"og:locale\" content=\"sv_SE\" \/>\n<meta property=\"og:type\" content=\"article\" \/>\n<meta property=\"og:title\" content=\"Om oss - Fair Trading Technology\" \/>\n<meta property=\"og:description\" content=\"FR\u00c5N SVERIGES V\u00c4STKUST TILL V\u00c4RLDENS FINANSCENTRUM Om oss V\u00e5rt uppdrag Forex-marknaden har l\u00e4nge varit i behov av en revolution. Inget skulle gl\u00e4dja [&hellip;]\" \/>\n<meta property=\"og:url\" content=\"https:\/\/www.fairtradingtech.com\/sv\/om-oss\" \/>\n<meta property=\"og:site_name\" content=\"Fair Trading Technology\" \/>\n<meta property=\"article:publisher\" content=\"https:\/\/www.facebook.com\/FairTradingTech\" \/>\n<meta property=\"article:modified_time\" content=\"2023-02-08T16:28:58+00:00\" \/>\n<meta name=\"twitter:card\" content=\"summary_large_image\" \/>\n<meta name=\"twitter:site\" content=\"@FairTradingTech\" \/>\n<meta name=\"twitter:label1\" content=\"Ber\u00e4knad l\u00e4stid\" \/>\n\t<meta name=\"twitter:data1\" content=\"3 minuter\" \/>\n<script type=\"application\/ld+json\" class=\"yoast-schema-graph\">{\"@context\":\"https:\/\/schema.org\",\"@graph\":[{\"@type\":\"WebPage\",\"@id\":\"https:\/\/www.fairtradingtech.com\/sv\/om-oss\",\"url\":\"https:\/\/www.fairtradingtech.com\/sv\/om-oss\",\"name\":\"Om oss - Fair Trading Technology\",\"isPartOf\":{\"@id\":\"https:\/\/www.fairtradingtech.com\/sv#website\"},\"datePublished\":\"2021-06-03T12:58:31+00:00\",\"dateModified\":\"2023-02-08T16:28:58+00:00\",\"breadcrumb\":{\"@id\":\"https:\/\/www.fairtradingtech.com\/sv\/om-oss#breadcrumb\"},\"inLanguage\":\"sv-SE\",\"potentialAction\":[{\"@type\":\"ReadAction\",\"target\":[\"https:\/\/www.fairtradingtech.com\/sv\/om-oss\"]}]},{\"@type\":\"BreadcrumbList\",\"@id\":\"https:\/\/www.fairtradingtech.com\/sv\/om-oss#breadcrumb\",\"itemListElement\":[{\"@type\":\"ListItem\",\"position\":1,\"name\":\"Home\",\"item\":\"https:\/\/www.fairtradingtech.com\/sv\"},{\"@type\":\"ListItem\",\"position\":2,\"name\":\"Om oss\"}]},{\"@type\":\"WebSite\",\"@id\":\"https:\/\/www.fairtradingtech.com\/sv#website\",\"url\":\"https:\/\/www.fairtradingtech.com\/sv\",\"name\":\"Fair Trading Technology\",\"description\":\"Fintech Solutions Provider\",\"publisher\":{\"@id\":\"https:\/\/www.fairtradingtech.com\/sv#organization\"},\"alternateName\":\"FTT\",\"potentialAction\":[{\"@type\":\"SearchAction\",\"target\":{\"@type\":\"EntryPoint\",\"urlTemplate\":\"https:\/\/www.fairtradingtech.com\/sv?s={search_term_string}\"},\"query-input\":{\"@type\":\"PropertyValueSpecification\",\"valueRequired\":true,\"valueName\":\"search_term_string\"}}],\"inLanguage\":\"sv-SE\"},{\"@type\":\"Organization\",\"@id\":\"https:\/\/www.fairtradingtech.com\/sv#organization\",\"name\":\"Fair Trading Technology\",\"alternateName\":\"FTT\",\"url\":\"https:\/\/www.fairtradingtech.com\/sv\",\"logo\":{\"@type\":\"ImageObject\",\"inLanguage\":\"sv-SE\",\"@id\":\"https:\/\/www.fairtradingtech.com\/sv#\/schema\/logo\/image\/\",\"url\":\"https:\/\/www.fairtradingtech.com\/wp-content\/uploads\/2022\/03\/FTT.png\",\"contentUrl\":\"https:\/\/www.fairtradingtech.com\/wp-content\/uploads\/2022\/03\/FTT.png\",\"width\":353,\"height\":216,\"caption\":\"Fair Trading Technology\"},\"image\":{\"@id\":\"https:\/\/www.fairtradingtech.com\/sv#\/schema\/logo\/image\/\"},\"sameAs\":[\"https:\/\/www.facebook.com\/FairTradingTech\",\"https:\/\/x.com\/FairTradingTech\",\"https:\/\/www.linkedin.com\/company\/fairtradingtech\",\"https:\/\/www.instagram.com\/fairtradingtech\",\"https:\/\/www.youtube.com\/@FairTradingTech\"]}]}<\/script>\n<!-- \/ Yoast SEO plugin. -->","yoast_head_json":{"title":"Om oss - Fair Trading Technology","robots":{"index":"index","follow":"follow","max-snippet":"max-snippet:-1","max-image-preview":"max-image-preview:large","max-video-preview":"max-video-preview:-1"},"canonical":"https:\/\/www.fairtradingtech.com\/sv\/om-oss","og_locale":"sv_SE","og_type":"article","og_title":"Om oss - Fair Trading Technology","og_description":"FR\u00c5N SVERIGES V\u00c4STKUST TILL V\u00c4RLDENS FINANSCENTRUM Om oss V\u00e5rt uppdrag Forex-marknaden har l\u00e4nge varit i behov av en revolution. Inget skulle gl\u00e4dja [&hellip;]","og_url":"https:\/\/www.fairtradingtech.com\/sv\/om-oss","og_site_name":"Fair Trading Technology","article_publisher":"https:\/\/www.facebook.com\/FairTradingTech","article_modified_time":"2023-02-08T16:28:58+00:00","twitter_card":"summary_large_image","twitter_site":"@FairTradingTech","twitter_misc":{"Ber\u00e4knad l\u00e4stid":"3 minuter"},"schema":{"@context":"https:\/\/schema.org","@graph":[{"@type":"WebPage","@id":"https:\/\/www.fairtradingtech.com\/sv\/om-oss","url":"https:\/\/www.fairtradingtech.com\/sv\/om-oss","name":"Om oss - Fair Trading Technology","isPartOf":{"@id":"https:\/\/www.fairtradingtech.com\/sv#website"},"datePublished":"2021-06-03T12:58:31+00:00","dateModified":"2023-02-08T16:28:58+00:00","breadcrumb":{"@id":"https:\/\/www.fairtradingtech.com\/sv\/om-oss#breadcrumb"},"inLanguage":"sv-SE","potentialAction":[{"@type":"ReadAction","target":["https:\/\/www.fairtradingtech.com\/sv\/om-oss"]}]},{"@type":"BreadcrumbList","@id":"https:\/\/www.fairtradingtech.com\/sv\/om-oss#breadcrumb","itemListElement":[{"@type":"ListItem","position":1,"name":"Home","item":"https:\/\/www.fairtradingtech.com\/sv"},{"@type":"ListItem","position":2,"name":"Om oss"}]},{"@type":"WebSite","@id":"https:\/\/www.fairtradingtech.com\/sv#website","url":"https:\/\/www.fairtradingtech.com\/sv","name":"Fair Trading Technology","description":"Fintech Solutions Provider","publisher":{"@id":"https:\/\/www.fairtradingtech.com\/sv#organization"},"alternateName":"FTT","potentialAction":[{"@type":"SearchAction","target":{"@type":"EntryPoint","urlTemplate":"https:\/\/www.fairtradingtech.com\/sv?s={search_term_string}"},"query-input":{"@type":"PropertyValueSpecification","valueRequired":true,"valueName":"search_term_string"}}],"inLanguage":"sv-SE"},{"@type":"Organization","@id":"https:\/\/www.fairtradingtech.com\/sv#organization","name":"Fair Trading Technology","alternateName":"FTT","url":"https:\/\/www.fairtradingtech.com\/sv","logo":{"@type":"ImageObject","inLanguage":"sv-SE","@id":"https:\/\/www.fairtradingtech.com\/sv#\/schema\/logo\/image\/","url":"https:\/\/www.fairtradingtech.com\/wp-content\/uploads\/2022\/03\/FTT.png","contentUrl":"https:\/\/www.fairtradingtech.com\/wp-content\/uploads\/2022\/03\/FTT.png","width":353,"height":216,"caption":"Fair Trading Technology"},"image":{"@id":"https:\/\/www.fairtradingtech.com\/sv#\/schema\/logo\/image\/"},"sameAs":["https:\/\/www.facebook.com\/FairTradingTech","https:\/\/x.com\/FairTradingTech","https:\/\/www.linkedin.com\/company\/fairtradingtech","https:\/\/www.instagram.com\/fairtradingtech","https:\/\/www.youtube.com\/@FairTradingTech"]}]}},"_links":{"self":[{"href":"https:\/\/www.fairtradingtech.com\/sv\/wp-json\/wp\/v2\/pages\/22893","targetHints":{"allow":["GET"]}}],"collection":[{"href":"https:\/\/www.fairtradingtech.com\/sv\/wp-json\/wp\/v2\/pages"}],"about":[{"href":"https:\/\/www.fairtradingtech.com\/sv\/wp-json\/wp\/v2\/types\/page"}],"author":[{"embeddable":true,"href":"https:\/\/www.fairtradingtech.com\/sv\/wp-json\/wp\/v2\/users\/1"}],"replies":[{"embeddable":true,"href":"https:\/\/www.fairtradingtech.com\/sv\/wp-json\/wp\/v2\/comments?post=22893"}],"version-history":[{"count":4,"href":"https:\/\/www.fairtradingtech.com\/sv\/wp-json\/wp\/v2\/pages\/22893\/revisions"}],"predecessor-version":[{"id":26362,"href":"https:\/\/www.fairtradingtech.com\/sv\/wp-json\/wp\/v2\/pages\/22893\/revisions\/26362"}],"wp:attachment":[{"href":"https:\/\/www.fairtradingtech.com\/sv\/wp-json\/wp\/v2\/media?parent=22893"}],"curies":[{"name":"wp","href":"https:\/\/api.w.org\/{rel}","templated":true}]}}