{"id":18255,"date":"2021-09-16T11:20:49","date_gmt":"2021-09-16T09:20:49","guid":{"rendered":"https:\/\/fairtradingtech.com\/bulletins-dinformation\/"},"modified":"2022-09-08T12:31:01","modified_gmt":"2022-09-08T10:31:01","slug":"newsletters","status":"publish","type":"page","link":"https:\/\/www.fairtradingtech.com\/fr\/newsletters","title":{"rendered":"Newsletters"},"content":{"rendered":"\t\t<div data-elementor-type=\"wp-page\" data-elementor-id=\"18255\" class=\"elementor elementor-18255 elementor-3552\">\n\t\t\t\t\t\t<section class=\"has_eae_slider elementor-section elementor-top-section elementor-element elementor-element-c399325 elementor-section-boxed elementor-section-height-default elementor-section-height-default exad-glass-effect-no exad-sticky-section-no\" data-id=\"c399325\" data-element_type=\"section\">\n\t\t\t\t\t\t<div class=\"elementor-container elementor-column-gap-default\">\n\t\t\t\t\t<div class=\"has_eae_slider elementor-column elementor-col-100 elementor-top-column elementor-element elementor-element-b851147 exad-glass-effect-no exad-sticky-section-no\" data-id=\"b851147\" data-element_type=\"column\">\n\t\t\t<div class=\"elementor-widget-wrap elementor-element-populated\">\n\t\t\t\t\t\t<div class=\"elementor-element elementor-element-f5de896 elementor-widget__width-auto exad-sticky-section-no exad-glass-effect-no elementor-invisible elementor-widget elementor-widget-heading\" data-id=\"f5de896\" data-element_type=\"widget\" data-settings=\"{&quot;_animation&quot;:&quot;fadeInUp&quot;}\" data-widget_type=\"heading.default\">\n\t\t\t\t<div class=\"elementor-widget-container\">\n\t\t\t\t\t<h5 class=\"elementor-heading-title elementor-size-default\">ABONNEZ-VOUS \u00c0 NOS NEWSLETTERS<\/h5>\t\t\t\t<\/div>\n\t\t\t\t<\/div>\n\t\t\t\t\t<\/div>\n\t\t<\/div>\n\t\t\t\t\t<\/div>\n\t\t<\/section>\n\t\t\t\t<section class=\"has_eae_slider elementor-section elementor-top-section elementor-element elementor-element-f5307ba elementor-section-boxed elementor-section-height-default elementor-section-height-default exad-glass-effect-no exad-sticky-section-no\" data-id=\"f5307ba\" data-element_type=\"section\">\n\t\t\t\t\t\t<div class=\"elementor-container elementor-column-gap-default\">\n\t\t\t\t\t<div class=\"has_eae_slider elementor-column elementor-col-33 elementor-top-column elementor-element elementor-element-1465cbc exad-glass-effect-no exad-sticky-section-no\" data-id=\"1465cbc\" data-element_type=\"column\">\n\t\t\t<div class=\"elementor-widget-wrap elementor-element-populated\">\n\t\t\t\t\t\t<div class=\"elementor-element elementor-element-eabe367 exad-sticky-section-no exad-glass-effect-no elementor-invisible elementor-widget elementor-widget-image\" data-id=\"eabe367\" data-element_type=\"widget\" data-settings=\"{&quot;_animation&quot;:&quot;fadeInUp&quot;}\" data-widget_type=\"image.default\">\n\t\t\t\t<div class=\"elementor-widget-container\">\n\t\t\t\t\t\t\t\t\t\t\t\t\t\t\t<img fetchpriority=\"high\" decoding=\"async\" width=\"1000\" height=\"667\" src=\"https:\/\/www.fairtradingtech.com\/wp-content\/uploads\/2021\/11\/Get-more-of-FTT-in-your-inbox-1024x683.png\" class=\"attachment-large size-large wp-image-17246\" alt=\"\" srcset=\"https:\/\/www.fairtradingtech.com\/wp-content\/uploads\/2021\/11\/Get-more-of-FTT-in-your-inbox-1024x683.png 1024w, https:\/\/www.fairtradingtech.com\/wp-content\/uploads\/2021\/11\/Get-more-of-FTT-in-your-inbox-300x200.png 300w, https:\/\/www.fairtradingtech.com\/wp-content\/uploads\/2021\/11\/Get-more-of-FTT-in-your-inbox-768x512.png 768w, https:\/\/www.fairtradingtech.com\/wp-content\/uploads\/2021\/11\/Get-more-of-FTT-in-your-inbox-650x433.png 650w, https:\/\/www.fairtradingtech.com\/wp-content\/uploads\/2021\/11\/Get-more-of-FTT-in-your-inbox.png 1200w\" sizes=\"(max-width: 1000px) 100vw, 1000px\" \/>\t\t\t\t\t\t\t\t\t\t\t\t\t\t\t<\/div>\n\t\t\t\t<\/div>\n\t\t\t\t<div class=\"elementor-element elementor-element-b77a1bb exad-sticky-section-no exad-glass-effect-no elementor-invisible elementor-widget elementor-widget-bdt-news-ticker\" data-id=\"b77a1bb\" data-element_type=\"widget\" data-settings=\"{&quot;_animation&quot;:&quot;fadeInUp&quot;}\" data-widget_type=\"bdt-news-ticker.default\">\n\t\t\t\t<div class=\"elementor-widget-container\">\n\t\t\t\t\t\t\t<div id=\"newsTicker1\" class=\"bdt-news-ticker\" data-settings=\"{&quot;effect&quot;:&quot;fade&quot;,&quot;autoPlay&quot;:true,&quot;interval&quot;:5000,&quot;pauseOnHover&quot;:true,&quot;scrollSpeed&quot;:1}\">\n\t\t\t\t\t\t\t<div class=\"bdt-news-ticker-label\">\n\t\t\t\t\t<div class=\"bdt-news-ticker-label-inner\">\n\t\t\t\t\t\tDERNI\u00c8RES NOUVELLES\t\t\t\t\t<\/div>\n\t\t\t\t<\/div>\n\t\t\t\t\t\t<div class=\"bdt-news-ticker-content\">\n\t\t\t\t<ul>\n\t\t\t\t\t\t\t<li class=\"bdt-news-ticker-item\">\n\n\n\t\t\t\t\t\t\t\n\t\t<a href=\"https:\/\/www.fairtradingtech.com\/fr\/partenariats\/fair-trading-technology-accueille-vertexfx\">\n\t\t\t\n\t\t\t\n\t\t\tFair Trading Technology accueille VertexFX\t\t<\/a>\n\t\t\t\t\t\n\t\t\t\n\n\t\t<\/li>\n\t\t\t\t<li class=\"bdt-news-ticker-item\">\n\n\n\t\t\t\t\t\t\t\n\t\t<a href=\"https:\/\/www.fairtradingtech.com\/fr\/evenements\/table-ronde-a-lifx-expo-international-2024\">\n\t\t\t\n\t\t\t\n\t\t\tTable ronde \u00e0 l&rsquo;iFX EXPO International 2024\t\t<\/a>\n\t\t\t\t\t\n\t\t\t\n\n\t\t<\/li>\n\t\t\t\t<li class=\"bdt-news-ticker-item\">\n\n\n\t\t\t\t\t\t\t\n\t\t<a href=\"https:\/\/www.fairtradingtech.com\/fr\/evenements\/rencontrez-ftt-a-money-exhibition-asia-2024\">\n\t\t\t\n\t\t\t\n\t\t\tRencontrez FTT \u00e0 Money Exhibition Asia 2024 !\t\t<\/a>\n\t\t\t\t\t\n\t\t\t\n\n\t\t<\/li>\n\t\t\t\t<li class=\"bdt-news-ticker-item\">\n\n\n\t\t\t\t\t\t\t\n\t\t<a href=\"https:\/\/www.fairtradingtech.com\/fr\/promotions\/liberez-la-puissance-du-prop-trading\">\n\t\t\t\n\t\t\t\n\t\t\tLib\u00e9rez la puissance du Prop Trading\t\t<\/a>\n\t\t\t\t\t\n\t\t\t\n\n\t\t<\/li>\n\t\t\t\t<li class=\"bdt-news-ticker-item\">\n\n\n\t\t\t\t\t\t\t\n\t\t<a href=\"https:\/\/www.fairtradingtech.com\/fr\/mises-a-jour-du-produit\/fair-trading-technology-devoile-le-module-prop-trading\">\n\t\t\t\n\t\t\t\n\t\t\tFair Trading Technology d\u00e9voile le module Prop Trading\t\t<\/a>\n\t\t\t\t\t\n\t\t\t\n\n\t\t<\/li>\n\t\t\n\n\t\t\t\t<\/ul>\n\t\t\t<\/div>\n\t\t\t\t\t\t\t<div class=\"bdt-news-ticker-controls bdt-news-ticker-navigation\">\n\n\t\t\t\t\t<button class=\"bdt-visible@m\">\n\t\t\t\t\t\t<span class=\"bdt-news-ticker-arrow bdt-news-ticker-prev bdt-icon\">\n\t\t\t\t\t\t\t<svg width=\"20\" height=\"20\" viewBox=\"0 0 20 20\" xmlns=\"http:\/\/www.w3.org\/2000\/svg\"\n\t\t\t\t\t\t\t\tdata-svg=\"chevron-left\">\n\t\t\t\t\t\t\t\t<polyline fill=\"none\" stroke=\"#000\" stroke-width=\"1.03\" points=\"13 16 7 10 13 4\"><\/polyline>\n\t\t\t\t\t\t\t<\/svg>\n\t\t\t\t\t\t<\/span>\n\t\t\t\t\t<\/button>\n\n\t\t\t\t\t\n\t\t\t\t\t<button>\n\t\t\t\t\t\t<span class=\"bdt-news-ticker-arrow bdt-news-ticker-next bdt-icon\">\n\t\t\t\t\t\t\t<svg width=\"20\" height=\"20\" viewBox=\"0 0 20 20\" xmlns=\"http:\/\/www.w3.org\/2000\/svg\"\n\t\t\t\t\t\t\t\tdata-svg=\"chevron-right\">\n\t\t\t\t\t\t\t\t<polyline fill=\"none\" stroke=\"#000\" stroke-width=\"1.03\" points=\"7 4 13 10 7 16\"><\/polyline>\n\t\t\t\t\t\t\t<\/svg>\n\t\t\t\t\t\t<\/span>\n\t\t\t\t\t<\/button>\n\n\t\t\t\t<\/div>\n\n\t\t\t\t\t<\/div>\n\n\t\t\t\t\t\t<\/div>\n\t\t\t\t<\/div>\n\t\t\t\t<div class=\"elementor-element elementor-element-b896331 exad-sticky-section-no exad-glass-effect-no elementor-widget elementor-widget-spacer\" data-id=\"b896331\" data-element_type=\"widget\" data-widget_type=\"spacer.default\">\n\t\t\t\t<div class=\"elementor-widget-container\">\n\t\t\t\t\t\t\t<div class=\"elementor-spacer\">\n\t\t\t<div class=\"elementor-spacer-inner\"><\/div>\n\t\t<\/div>\n\t\t\t\t\t\t<\/div>\n\t\t\t\t<\/div>\n\t\t\t\t\t<\/div>\n\t\t<\/div>\n\t\t\t\t<div class=\"has_eae_slider elementor-column elementor-col-33 elementor-top-column elementor-element elementor-element-bfaea06 exad-glass-effect-no exad-sticky-section-no\" data-id=\"bfaea06\" data-element_type=\"column\">\n\t\t\t<div class=\"elementor-widget-wrap\">\n\t\t\t\t\t\t\t<\/div>\n\t\t<\/div>\n\t\t\t\t<div class=\"has_eae_slider elementor-column elementor-col-33 elementor-top-column elementor-element elementor-element-7d013d5 exad-glass-effect-no exad-sticky-section-no elementor-invisible\" data-id=\"7d013d5\" data-element_type=\"column\" data-settings=\"{&quot;animation&quot;:&quot;fadeInUp&quot;}\">\n\t\t\t<div class=\"elementor-widget-wrap elementor-element-populated\">\n\t\t\t\t\t\t<div class=\"elementor-element elementor-element-6137044 exad-sticky-section-no exad-glass-effect-no elementor-invisible elementor-widget elementor-widget-text-editor\" data-id=\"6137044\" data-element_type=\"widget\" data-settings=\"{&quot;_animation&quot;:&quot;fadeInUp&quot;}\" data-widget_type=\"text-editor.default\">\n\t\t\t\t<div class=\"elementor-widget-container\">\n\t\t\t\t\t\t\t\t\t<p>Nos derni\u00e8res newsletters regorgent d&rsquo;actualit\u00e9s et d&rsquo;informations sur l&rsquo;industrie, des mises \u00e0 jour sur l&rsquo;entreprise et les produits, des publications et des \u00e9v\u00e9nements \u00e0 venir.<\/p>\t\t\t\t\t\t\t\t<\/div>\n\t\t\t\t<\/div>\n\t\t\t\t<div class=\"elementor-element elementor-element-b2e3a03 fluentform-widget-submit-button-center fluent-form-widget-step-header-yes fluent-form-widget-step-progressbar-yes fluentform-widget-submit-button-custom exad-sticky-section-no exad-glass-effect-no elementor-widget elementor-widget-fluent-form-widget\" data-id=\"b2e3a03\" data-element_type=\"widget\" data-widget_type=\"fluent-form-widget.default\">\n\t\t\t\t<div class=\"elementor-widget-container\">\n\t\t\t\t\t\n            <div class=\"fluentform-widget-wrapper fluentform-widget-align-default\">\n\n            \n            <div class='fluentform ff-default fluentform_wrapper_204 ffs_default_wrap'><form data-form_id=\"204\" id=\"fluentform_204\" class=\"frm-fluent-form fluent_form_204 ff-el-form-top ff_form_instance_204_1 ff-form-loading ff_has_v3_recptcha ffs_default\" data-form_instance=\"ff_form_instance_204_1\" method=\"POST\" data-recptcha_key=\"6Le2VMorAAAAAM7K3qicV8kTDoJZBsroEky6LgEu\" ><fieldset  style=\"border: none!important;margin: 0!important;padding: 0!important;background-color: transparent!important;box-shadow: none!important;outline: none!important; min-inline-size: 100%;\">\n                    <legend class=\"ff_screen_reader_title\" style=\"display: block; margin: 0!important;padding: 0!important;height: 0!important;text-indent: -999999px;width: 0!important;overflow:hidden;\">FR FTT - Newsletters<\/legend><p style=\"display: none !important;\" class=\"akismet-fields-container\" data-prefix=\"ak_\"><label>&#916;<textarea name=\"ak_hp_textarea\" cols=\"45\" rows=\"8\" maxlength=\"100\"><\/textarea><\/label><input type=\"hidden\" id=\"ak_js_1\" name=\"ak_js\" value=\"218\"\/><script>document.getElementById( \"ak_js_1\" ).setAttribute( \"value\", ( new Date() ).getTime() );<\/script><\/p>        <div class=\"ff-el-group form_field_92_item_sf\">\n            <div class=\"ff-el-input--label asterisk-right\">\n                <label for=\"ff_204_item_sf\" aria-label=\"Updates\">\n                    Updates                <\/label>\n            <\/div>\n            <div class=\"ff-el-input--content\">\n                <input type=\"text\"\n                       name=\"item_204__fluent_sf\"\n                       class=\"ff-el-form-control\"\n                       id=\"ff_204_item_sf\"\n                >\n            <\/div>\n        <\/div>\n        <style>\n            .form_field_92_item_sf {\n                display: none!important;\n                position: absolute!important;\n                transform: translateX(1000%)!important;\n            }\n        <\/style>\n        <input type='hidden' name='__fluent_form_embded_post_id' value='35260' \/><input type=\"hidden\" id=\"_fluentform_204_fluentformnonce\" name=\"_fluentform_204_fluentformnonce\" value=\"d759e58dab\" \/><input type=\"hidden\" name=\"_wp_http_referer\" value=\"\/fr\/wp-json\/wp\/v2\/pages\/18255\" \/><div data-type=\"name-element\" data-name=\"names\" class=\" ff-field_container ff-name-field-wrapper\" ><div class='ff-t-container'><div class='ff-t-cell '><div class='ff-el-group'><div class=\"ff-el-input--label asterisk-right\"><label for='ff_204_names_first_name_' >Pr\u00e9nom<\/label><\/div><div class='ff-el-input--content'><input type=\"text\" name=\"names[first_name]\" id=\"ff_204_names_first_name_\" class=\"ff-el-form-control\" placeholder=\"Pr\u00e9nom\" tabindex=\"1\" aria-invalid=\"false\" aria-required=false><\/div><\/div><\/div><div class='ff-t-cell '><div class='ff-el-group'><div class=\"ff-el-input--label asterisk-right\"><label for='ff_204_names_last_name_' >Nom<\/label><\/div><div class='ff-el-input--content'><input type=\"text\" name=\"names[last_name]\" id=\"ff_204_names_last_name_\" class=\"ff-el-form-control\" placeholder=\"Nom\" tabindex=\"2\" aria-invalid=\"false\" aria-required=false><\/div><\/div><\/div><\/div><\/div><div class='ff-el-group'><div class=\"ff-el-input--label ff-el-is-required asterisk-right\"><label for='ff_204_email' aria-label=\"E-mail\">E-mail<\/label><\/div><div class='ff-el-input--content'><input type=\"email\" name=\"email\" id=\"ff_204_email\" class=\"ff-el-form-control\" placeholder=\"E-mail\" data-name=\"email\" tabindex=\"3\"  aria-invalid=\"false\" aria-required=true><\/div><\/div><div class='ff-el-group    ff-el-input--content'><div class='ff-el-form-check ff-el-tc'><label aria-label='Terms and Conditions: FTT peut m&#039;envoyer des offres et des promotions.En soumettant mes informations, j&#039;accepte la Politique de confidentialit\u00e9 de FTT. Contains 1 link. Use tab navigation to review.' class='ff-el-form-check-label ff_tc_label' for=terms-n-condition_f2511446574dcc6b456ae8cb53ade486> <div class='ff_t_c'><p style=\"font-size: 14px;text-align: center\">FTT peut m'envoyer des offres et des promotions.<br \/>En soumettant mes informations, j'accepte la <a href=\"https:\/\/www.fairtradingtech.com\/fr\/politique-de-confidentialite\" target=\"_blank\" rel=\"noopener\">Politique de confidentialit\u00e9<\/a> de FTT.<\/p><\/div><\/label><\/div><\/div><div class='ff-el-group ff-text-center ff_submit_btn_wrapper'><button type=\"submit\" class=\"ff-btn ff-btn-submit ff-btn-md ff_btn_style\" tabindex=\"5\" >S'abonner<\/button><\/div><\/fieldset><\/form><div id='fluentform_204_errors' class='ff-errors-in-stack ff_form_instance_204_1 ff-form-loading_errors ff_form_instance_204_1_errors'><\/div><\/div>        <script type=\"text\/javascript\">\n            window.fluent_form_ff_form_instance_204_1 = {\"id\":\"204\",\"settings\":{\"layout\":{\"labelPlacement\":\"top\",\"helpMessagePlacement\":\"with_label\",\"errorMessagePlacement\":\"inline\"},\"restrictions\":{\"denyEmptySubmission\":{\"enabled\":false}}},\"form_instance\":\"ff_form_instance_204_1\",\"form_id_selector\":\"fluentform_204\",\"rules\":{\"names[first_name]\":{\"required\":{\"value\":false,\"message\":\"This field is required\"}},\"names[middle_name]\":{\"required\":{\"value\":false,\"message\":\"This field is required\"}},\"names[last_name]\":{\"required\":{\"value\":false,\"message\":\"This field is required\"}},\"email\":{\"required\":{\"value\":true,\"message\":\"Ce champ est requis.\"},\"email\":{\"value\":true,\"message\":\"Ce champ doit contenir un email valide.\"}},\"g-recaptcha-response\":[],\"terms-n-condition\":{\"required\":{\"value\":false,\"message\":\"This field is required\"}}},\"debounce_time\":300};\n                    <\/script>\n                    <\/div>\n\n            \t\t\t\t<\/div>\n\t\t\t\t<\/div>\n\t\t\t\t\t<\/div>\n\t\t<\/div>\n\t\t\t\t\t<\/div>\n\t\t<\/section>\n\t\t\t\t<section class=\"has_eae_slider elementor-section elementor-top-section elementor-element elementor-element-a8901c1 elementor-section-boxed elementor-section-height-default elementor-section-height-default exad-glass-effect-no exad-sticky-section-no\" data-id=\"a8901c1\" data-element_type=\"section\">\n\t\t\t\t\t\t<div class=\"elementor-container elementor-column-gap-default\">\n\t\t\t\t\t<div class=\"has_eae_slider elementor-column elementor-col-100 elementor-top-column elementor-element elementor-element-5168be0 exad-glass-effect-no exad-sticky-section-no\" data-id=\"5168be0\" data-element_type=\"column\">\n\t\t\t<div class=\"elementor-widget-wrap elementor-element-populated\">\n\t\t\t\t\t\t<div class=\"elementor-element elementor-element-5461a64 exad-sticky-section-no exad-glass-effect-no elementor-widget elementor-widget-spacer\" data-id=\"5461a64\" data-element_type=\"widget\" data-widget_type=\"spacer.default\">\n\t\t\t\t<div class=\"elementor-widget-container\">\n\t\t\t\t\t\t\t<div class=\"elementor-spacer\">\n\t\t\t<div class=\"elementor-spacer-inner\"><\/div>\n\t\t<\/div>\n\t\t\t\t\t\t<\/div>\n\t\t\t\t<\/div>\n\t\t\t\t\t<\/div>\n\t\t<\/div>\n\t\t\t\t\t<\/div>\n\t\t<\/section>\n\t\t\t\t<\/div>\n\t\t","protected":false},"excerpt":{"rendered":"<p>ABONNEZ-VOUS \u00c0 NOS NEWSLETTERS Nos derni\u00e8res newsletters regorgent d&rsquo;actualit\u00e9s et d&rsquo;informations sur l&rsquo;industrie, des mises \u00e0 jour sur l&rsquo;entreprise et les produits, [&hellip;]<\/p>\n","protected":false},"author":1,"featured_media":0,"parent":0,"menu_order":0,"comment_status":"closed","ping_status":"closed","template":"","meta":{"_eb_attr":"","footnotes":""},"class_list":["post-18255","page","type-page","status-publish","hentry"],"yoast_head":"<!-- This site is optimized with the Yoast SEO plugin v24.4 - https:\/\/yoast.com\/wordpress\/plugins\/seo\/ -->\n<title>Newsletters - Fair Trading Technology<\/title>\n<meta name=\"robots\" content=\"index, follow, max-snippet:-1, max-image-preview:large, max-video-preview:-1\" \/>\n<link rel=\"canonical\" href=\"https:\/\/www.fairtradingtech.com\/fr\/newsletters\" \/>\n<meta property=\"og:locale\" content=\"fr_FR\" \/>\n<meta property=\"og:type\" content=\"article\" \/>\n<meta property=\"og:title\" content=\"Newsletters - Fair Trading Technology\" \/>\n<meta property=\"og:description\" content=\"ABONNEZ-VOUS \u00c0 NOS NEWSLETTERS Nos derni\u00e8res newsletters regorgent d&rsquo;actualit\u00e9s et d&rsquo;informations sur l&rsquo;industrie, des mises \u00e0 jour sur l&rsquo;entreprise et les produits, [&hellip;]\" \/>\n<meta property=\"og:url\" content=\"https:\/\/www.fairtradingtech.com\/fr\/newsletters\" \/>\n<meta property=\"og:site_name\" content=\"Fair Trading Technology\" \/>\n<meta property=\"article:publisher\" content=\"https:\/\/www.facebook.com\/FairTradingTech\" \/>\n<meta property=\"article:modified_time\" content=\"2022-09-08T10:31:01+00:00\" \/>\n<meta property=\"og:image\" content=\"https:\/\/fairtradingtech.com\/wp-content\/uploads\/2021\/11\/Get-more-of-FTT-in-your-inbox-1024x683.png\" \/>\n<meta name=\"twitter:card\" content=\"summary_large_image\" \/>\n<meta name=\"twitter:site\" content=\"@FairTradingTech\" \/>\n<script type=\"application\/ld+json\" class=\"yoast-schema-graph\">{\"@context\":\"https:\/\/schema.org\",\"@graph\":[{\"@type\":\"WebPage\",\"@id\":\"https:\/\/www.fairtradingtech.com\/fr\/newsletters\",\"url\":\"https:\/\/www.fairtradingtech.com\/fr\/newsletters\",\"name\":\"Newsletters - Fair Trading Technology\",\"isPartOf\":{\"@id\":\"https:\/\/www.fairtradingtech.com\/fr#website\"},\"primaryImageOfPage\":{\"@id\":\"https:\/\/www.fairtradingtech.com\/fr\/newsletters#primaryimage\"},\"image\":{\"@id\":\"https:\/\/www.fairtradingtech.com\/fr\/newsletters#primaryimage\"},\"thumbnailUrl\":\"https:\/\/fairtradingtech.com\/wp-content\/uploads\/2021\/11\/Get-more-of-FTT-in-your-inbox-1024x683.png\",\"datePublished\":\"2021-09-16T09:20:49+00:00\",\"dateModified\":\"2022-09-08T10:31:01+00:00\",\"breadcrumb\":{\"@id\":\"https:\/\/www.fairtradingtech.com\/fr\/newsletters#breadcrumb\"},\"inLanguage\":\"fr-FR\",\"potentialAction\":[{\"@type\":\"ReadAction\",\"target\":[\"https:\/\/www.fairtradingtech.com\/fr\/newsletters\"]}]},{\"@type\":\"ImageObject\",\"inLanguage\":\"fr-FR\",\"@id\":\"https:\/\/www.fairtradingtech.com\/fr\/newsletters#primaryimage\",\"url\":\"https:\/\/fairtradingtech.com\/wp-content\/uploads\/2021\/11\/Get-more-of-FTT-in-your-inbox-1024x683.png\",\"contentUrl\":\"https:\/\/fairtradingtech.com\/wp-content\/uploads\/2021\/11\/Get-more-of-FTT-in-your-inbox-1024x683.png\"},{\"@type\":\"BreadcrumbList\",\"@id\":\"https:\/\/www.fairtradingtech.com\/fr\/newsletters#breadcrumb\",\"itemListElement\":[{\"@type\":\"ListItem\",\"position\":1,\"name\":\"Home\",\"item\":\"https:\/\/www.fairtradingtech.com\/fr\"},{\"@type\":\"ListItem\",\"position\":2,\"name\":\"Newsletters\"}]},{\"@type\":\"WebSite\",\"@id\":\"https:\/\/www.fairtradingtech.com\/fr#website\",\"url\":\"https:\/\/www.fairtradingtech.com\/fr\",\"name\":\"Fair Trading Technology\",\"description\":\"Fintech Solutions Provider\",\"publisher\":{\"@id\":\"https:\/\/www.fairtradingtech.com\/fr#organization\"},\"alternateName\":\"FTT\",\"potentialAction\":[{\"@type\":\"SearchAction\",\"target\":{\"@type\":\"EntryPoint\",\"urlTemplate\":\"https:\/\/www.fairtradingtech.com\/fr?s={search_term_string}\"},\"query-input\":{\"@type\":\"PropertyValueSpecification\",\"valueRequired\":true,\"valueName\":\"search_term_string\"}}],\"inLanguage\":\"fr-FR\"},{\"@type\":\"Organization\",\"@id\":\"https:\/\/www.fairtradingtech.com\/fr#organization\",\"name\":\"Fair Trading Technology\",\"alternateName\":\"FTT\",\"url\":\"https:\/\/www.fairtradingtech.com\/fr\",\"logo\":{\"@type\":\"ImageObject\",\"inLanguage\":\"fr-FR\",\"@id\":\"https:\/\/www.fairtradingtech.com\/fr#\/schema\/logo\/image\/\",\"url\":\"https:\/\/www.fairtradingtech.com\/wp-content\/uploads\/2022\/03\/FTT.png\",\"contentUrl\":\"https:\/\/www.fairtradingtech.com\/wp-content\/uploads\/2022\/03\/FTT.png\",\"width\":353,\"height\":216,\"caption\":\"Fair Trading Technology\"},\"image\":{\"@id\":\"https:\/\/www.fairtradingtech.com\/fr#\/schema\/logo\/image\/\"},\"sameAs\":[\"https:\/\/www.facebook.com\/FairTradingTech\",\"https:\/\/x.com\/FairTradingTech\",\"https:\/\/www.linkedin.com\/company\/fairtradingtech\",\"https:\/\/www.instagram.com\/fairtradingtech\",\"https:\/\/www.youtube.com\/@FairTradingTech\"]}]}<\/script>\n<!-- \/ Yoast SEO plugin. -->","yoast_head_json":{"title":"Newsletters - Fair Trading Technology","robots":{"index":"index","follow":"follow","max-snippet":"max-snippet:-1","max-image-preview":"max-image-preview:large","max-video-preview":"max-video-preview:-1"},"canonical":"https:\/\/www.fairtradingtech.com\/fr\/newsletters","og_locale":"fr_FR","og_type":"article","og_title":"Newsletters - Fair Trading Technology","og_description":"ABONNEZ-VOUS \u00c0 NOS NEWSLETTERS Nos derni\u00e8res newsletters regorgent d&rsquo;actualit\u00e9s et d&rsquo;informations sur l&rsquo;industrie, des mises \u00e0 jour sur l&rsquo;entreprise et les produits, [&hellip;]","og_url":"https:\/\/www.fairtradingtech.com\/fr\/newsletters","og_site_name":"Fair Trading Technology","article_publisher":"https:\/\/www.facebook.com\/FairTradingTech","article_modified_time":"2022-09-08T10:31:01+00:00","og_image":[{"url":"https:\/\/fairtradingtech.com\/wp-content\/uploads\/2021\/11\/Get-more-of-FTT-in-your-inbox-1024x683.png","type":"","width":"","height":""}],"twitter_card":"summary_large_image","twitter_site":"@FairTradingTech","schema":{"@context":"https:\/\/schema.org","@graph":[{"@type":"WebPage","@id":"https:\/\/www.fairtradingtech.com\/fr\/newsletters","url":"https:\/\/www.fairtradingtech.com\/fr\/newsletters","name":"Newsletters - Fair Trading Technology","isPartOf":{"@id":"https:\/\/www.fairtradingtech.com\/fr#website"},"primaryImageOfPage":{"@id":"https:\/\/www.fairtradingtech.com\/fr\/newsletters#primaryimage"},"image":{"@id":"https:\/\/www.fairtradingtech.com\/fr\/newsletters#primaryimage"},"thumbnailUrl":"https:\/\/fairtradingtech.com\/wp-content\/uploads\/2021\/11\/Get-more-of-FTT-in-your-inbox-1024x683.png","datePublished":"2021-09-16T09:20:49+00:00","dateModified":"2022-09-08T10:31:01+00:00","breadcrumb":{"@id":"https:\/\/www.fairtradingtech.com\/fr\/newsletters#breadcrumb"},"inLanguage":"fr-FR","potentialAction":[{"@type":"ReadAction","target":["https:\/\/www.fairtradingtech.com\/fr\/newsletters"]}]},{"@type":"ImageObject","inLanguage":"fr-FR","@id":"https:\/\/www.fairtradingtech.com\/fr\/newsletters#primaryimage","url":"https:\/\/fairtradingtech.com\/wp-content\/uploads\/2021\/11\/Get-more-of-FTT-in-your-inbox-1024x683.png","contentUrl":"https:\/\/fairtradingtech.com\/wp-content\/uploads\/2021\/11\/Get-more-of-FTT-in-your-inbox-1024x683.png"},{"@type":"BreadcrumbList","@id":"https:\/\/www.fairtradingtech.com\/fr\/newsletters#breadcrumb","itemListElement":[{"@type":"ListItem","position":1,"name":"Home","item":"https:\/\/www.fairtradingtech.com\/fr"},{"@type":"ListItem","position":2,"name":"Newsletters"}]},{"@type":"WebSite","@id":"https:\/\/www.fairtradingtech.com\/fr#website","url":"https:\/\/www.fairtradingtech.com\/fr","name":"Fair Trading Technology","description":"Fintech Solutions Provider","publisher":{"@id":"https:\/\/www.fairtradingtech.com\/fr#organization"},"alternateName":"FTT","potentialAction":[{"@type":"SearchAction","target":{"@type":"EntryPoint","urlTemplate":"https:\/\/www.fairtradingtech.com\/fr?s={search_term_string}"},"query-input":{"@type":"PropertyValueSpecification","valueRequired":true,"valueName":"search_term_string"}}],"inLanguage":"fr-FR"},{"@type":"Organization","@id":"https:\/\/www.fairtradingtech.com\/fr#organization","name":"Fair Trading Technology","alternateName":"FTT","url":"https:\/\/www.fairtradingtech.com\/fr","logo":{"@type":"ImageObject","inLanguage":"fr-FR","@id":"https:\/\/www.fairtradingtech.com\/fr#\/schema\/logo\/image\/","url":"https:\/\/www.fairtradingtech.com\/wp-content\/uploads\/2022\/03\/FTT.png","contentUrl":"https:\/\/www.fairtradingtech.com\/wp-content\/uploads\/2022\/03\/FTT.png","width":353,"height":216,"caption":"Fair Trading Technology"},"image":{"@id":"https:\/\/www.fairtradingtech.com\/fr#\/schema\/logo\/image\/"},"sameAs":["https:\/\/www.facebook.com\/FairTradingTech","https:\/\/x.com\/FairTradingTech","https:\/\/www.linkedin.com\/company\/fairtradingtech","https:\/\/www.instagram.com\/fairtradingtech","https:\/\/www.youtube.com\/@FairTradingTech"]}]}},"_links":{"self":[{"href":"https:\/\/www.fairtradingtech.com\/fr\/wp-json\/wp\/v2\/pages\/18255","targetHints":{"allow":["GET"]}}],"collection":[{"href":"https:\/\/www.fairtradingtech.com\/fr\/wp-json\/wp\/v2\/pages"}],"about":[{"href":"https:\/\/www.fairtradingtech.com\/fr\/wp-json\/wp\/v2\/types\/page"}],"author":[{"embeddable":true,"href":"https:\/\/www.fairtradingtech.com\/fr\/wp-json\/wp\/v2\/users\/1"}],"replies":[{"embeddable":true,"href":"https:\/\/www.fairtradingtech.com\/fr\/wp-json\/wp\/v2\/comments?post=18255"}],"version-history":[{"count":7,"href":"https:\/\/www.fairtradingtech.com\/fr\/wp-json\/wp\/v2\/pages\/18255\/revisions"}],"predecessor-version":[{"id":24191,"href":"https:\/\/www.fairtradingtech.com\/fr\/wp-json\/wp\/v2\/pages\/18255\/revisions\/24191"}],"wp:attachment":[{"href":"https:\/\/www.fairtradingtech.com\/fr\/wp-json\/wp\/v2\/media?parent=18255"}],"curies":[{"name":"wp","href":"https:\/\/api.w.org\/{rel}","templated":true}]}}