{"id":18063,"date":"2021-09-09T13:44:20","date_gmt":"2021-09-09T11:44:20","guid":{"rendered":"https:\/\/fairtradingtech.com\/securite-du-site-web\/"},"modified":"2024-02-13T09:20:18","modified_gmt":"2024-02-13T08:20:18","slug":"securite-du-site-web","status":"publish","type":"page","link":"https:\/\/www.fairtradingtech.com\/fr\/securite-du-site-web","title":{"rendered":"S\u00e9curit\u00e9 du site web"},"content":{"rendered":"\t\t<div data-elementor-type=\"wp-page\" data-elementor-id=\"18063\" class=\"elementor elementor-18063 elementor-718\">\n\t\t\t\t\t\t<section class=\"has_eae_slider elementor-section elementor-top-section elementor-element elementor-element-4d6f3fa elementor-section-boxed elementor-section-height-default elementor-section-height-default exad-glass-effect-no exad-sticky-section-no\" data-id=\"4d6f3fa\" data-element_type=\"section\">\n\t\t\t\t\t\t<div class=\"elementor-container elementor-column-gap-default\">\n\t\t\t\t\t<div class=\"has_eae_slider elementor-column elementor-col-100 elementor-top-column elementor-element elementor-element-0da10c6 exad-glass-effect-no exad-sticky-section-no\" data-id=\"0da10c6\" data-element_type=\"column\">\n\t\t\t<div class=\"elementor-widget-wrap elementor-element-populated\">\n\t\t\t\t\t\t<div class=\"elementor-element elementor-element-d135876 exad-sticky-section-no exad-glass-effect-no elementor-invisible elementor-widget elementor-widget-heading\" data-id=\"d135876\" data-element_type=\"widget\" data-settings=\"{&quot;_animation&quot;:&quot;fadeInUp&quot;,&quot;_animation_delay&quot;:200}\" data-widget_type=\"heading.default\">\n\t\t\t\t<div class=\"elementor-widget-container\">\n\t\t\t\t\t<h2 class=\"elementor-heading-title elementor-size-default\">S\u00e9curit\u00e9 du site Web<\/h2>\t\t\t\t<\/div>\n\t\t\t\t<\/div>\n\t\t\t\t<div class=\"elementor-element elementor-element-2a853cb exad-sticky-section-no exad-glass-effect-no elementor-widget elementor-widget-spacer\" data-id=\"2a853cb\" data-element_type=\"widget\" data-widget_type=\"spacer.default\">\n\t\t\t\t<div class=\"elementor-widget-container\">\n\t\t\t\t\t\t\t<div class=\"elementor-spacer\">\n\t\t\t<div class=\"elementor-spacer-inner\"><\/div>\n\t\t<\/div>\n\t\t\t\t\t\t<\/div>\n\t\t\t\t<\/div>\n\t\t\t\t<div class=\"elementor-element elementor-element-67498d4 exad-sticky-section-no exad-glass-effect-no elementor-invisible elementor-widget elementor-widget-text-editor\" data-id=\"67498d4\" data-element_type=\"widget\" data-settings=\"{&quot;_animation&quot;:&quot;fadeInUp&quot;,&quot;_animation_delay&quot;:400}\" data-widget_type=\"text-editor.default\">\n\t\t\t\t<div class=\"elementor-widget-container\">\n\t\t\t\t\t\t\t\t\t<div class=\"wpb_text_column wpb_content_element vc_custom_1538049593094\">\n<div class=\"wpb_wrapper\">\n<div class=\"wpb_text_column wpb_content_element wpb_animate_when_almost_visible wpb_bottom-to-top bottom-to-top vc_custom_1534936626783 wpb_start_animation animated\">\n<div class=\"wpb_wrapper\">\n<div class=\"wpb_text_column wpb_content_element wpb_animate_when_almost_visible wpb_bottom-to-top bottom-to-top vc_custom_1534936483149 wpb_start_animation animated\">\n<div class=\"wpb_wrapper\">FTT Sweden AB utilise des logiciels pour surveiller ce site Web \u00e0 des fins de s\u00e9curit\u00e9 afin de s&rsquo;assurer qu&rsquo;il reste disponible pour tous les utilisateurs et pour prot\u00e9ger les informations dans le syst\u00e8me. En acc\u00e9dant \u00e0 ce site Web, vous consentez express\u00e9ment \u00e0 ces activit\u00e9s de surveillance. Tentatives non autoris\u00e9es de d\u00e9jouer ou de contourner les fonctions de s\u00e9curit\u00e9; utiliser le syst\u00e8me \u00e0 des fins autres que celles pr\u00e9vues; refuser le service aux utilisateurs autoris\u00e9s; pour acc\u00e9der, obtenir, modifier, endommager ou d\u00e9truire des informations; ou autrement interf\u00e9rer avec le syst\u00e8me ou son fonctionnement sont interdits. La preuve de tels actes peut \u00eatre divulgu\u00e9e aux autorit\u00e9s charg\u00e9es de l&rsquo;application de la loi et entra\u00eener des poursuites p\u00e9nales.<\/div>\n<\/div>\n<\/div>\n<\/div>\n<\/div>\n<\/div>\t\t\t\t\t\t\t\t<\/div>\n\t\t\t\t<\/div>\n\t\t\t\t<div class=\"elementor-element elementor-element-e3501d6 exad-sticky-section-no exad-glass-effect-no elementor-invisible elementor-widget elementor-widget-text-editor\" data-id=\"e3501d6\" data-element_type=\"widget\" data-settings=\"{&quot;_animation&quot;:&quot;fadeInUp&quot;,&quot;_animation_delay&quot;:400}\" data-widget_type=\"text-editor.default\">\n\t\t\t\t<div class=\"elementor-widget-container\">\n\t\t\t\t\t\t\t\t\t<div class=\"wpb_text_column wpb_content_element vc_custom_1538049593094\"><div class=\"wpb_wrapper\"><div class=\"wpb_text_column wpb_content_element wpb_animate_when_almost_visible wpb_bottom-to-top bottom-to-top vc_custom_1534936626783 wpb_start_animation animated\"><div class=\"wpb_wrapper\"><div class=\"wpb_text_column wpb_content_element wpb_animate_when_almost_visible wpb_bottom-to-top bottom-to-top vc_custom_1534936483149 wpb_start_animation animated\"><div class=\"wpb_wrapper\"><p>Nous prenons les plaintes au s\u00e9rieux car chacun de nos clients est important pour nous. Nous pensons que vous avez droit \u00e0 un service juste, rapide et courtois \u00e0 tout moment. Les r\u00e9clamations peuvent \u00eatre d\u00e9pos\u00e9es gratuitement par voie orale, \u00e9crite ou \u00e9lectronique \u00e0 l&rsquo;adresse ci-dessous ou \u00e0 nos autres coordonn\u00e9es, accessibles sous la page <a href=\"https:\/\/www.fairtradingtech.com\/contact\" target=\"_blank\" rel=\"noopener\">https:\/\/www.fairtradingtech.com\/contact<\/a> en version anglaise.<\/p><p><strong>FTT Sweden AB<\/strong><br \/><strong>Kungsgatan 11<\/strong><br \/><strong>451 30 Uddevalla<\/strong><br \/><strong>Sweden<\/strong><\/p><p>La Commission europ\u00e9enne propose une plateforme de r\u00e9solution des litiges en ligne pour les consommateurs r\u00e9sidant dans l&rsquo;UE (conform\u00e9ment \u00e0 l&rsquo;article 14 (1) du r\u00e8glement ODR) \u00e0 l&rsquo;adresse <a href=\"https:\/\/ec.europa.eu\/consumers\/odr\/main\/index.cfm?event=main.home2.show&amp;lng=EN\" target=\"_blank\" rel=\"noopener\">https:\/\/ec.europa.eu\/consumers\/odr<\/a>. FTT Sweden AB ne participe pas \u00e0 la r\u00e9solution des litiges en ligne.<\/p><\/div><\/div><\/div><\/div><\/div><\/div>\t\t\t\t\t\t\t\t<\/div>\n\t\t\t\t<\/div>\n\t\t\t\t<div class=\"elementor-element elementor-element-eb97a20 exad-sticky-section-no exad-glass-effect-no elementor-widget elementor-widget-spacer\" data-id=\"eb97a20\" data-element_type=\"widget\" data-widget_type=\"spacer.default\">\n\t\t\t\t<div class=\"elementor-widget-container\">\n\t\t\t\t\t\t\t<div class=\"elementor-spacer\">\n\t\t\t<div class=\"elementor-spacer-inner\"><\/div>\n\t\t<\/div>\n\t\t\t\t\t\t<\/div>\n\t\t\t\t<\/div>\n\t\t\t\t\t<\/div>\n\t\t<\/div>\n\t\t\t\t\t<\/div>\n\t\t<\/section>\n\t\t\t\t<\/div>\n\t\t","protected":false},"excerpt":{"rendered":"<p>S\u00e9curit\u00e9 du site Web FTT Sweden AB utilise des logiciels pour surveiller ce site Web \u00e0 des fins de s\u00e9curit\u00e9 afin de [&hellip;]<\/p>\n","protected":false},"author":1,"featured_media":0,"parent":0,"menu_order":0,"comment_status":"closed","ping_status":"closed","template":"","meta":{"_eb_attr":"","footnotes":""},"class_list":["post-18063","page","type-page","status-publish","hentry"],"yoast_head":"<!-- This site is optimized with the Yoast SEO plugin v24.4 - https:\/\/yoast.com\/wordpress\/plugins\/seo\/ -->\n<title>S\u00e9curit\u00e9 du site web - Fair Trading Technology<\/title>\n<meta name=\"robots\" content=\"index, follow, max-snippet:-1, max-image-preview:large, max-video-preview:-1\" \/>\n<link rel=\"canonical\" href=\"https:\/\/www.fairtradingtech.com\/fr\/securite-du-site-web\" \/>\n<meta property=\"og:locale\" content=\"fr_FR\" \/>\n<meta property=\"og:type\" content=\"article\" \/>\n<meta property=\"og:title\" content=\"S\u00e9curit\u00e9 du site web - Fair Trading Technology\" \/>\n<meta property=\"og:description\" content=\"S\u00e9curit\u00e9 du site Web FTT Sweden AB utilise des logiciels pour surveiller ce site Web \u00e0 des fins de s\u00e9curit\u00e9 afin de [&hellip;]\" \/>\n<meta property=\"og:url\" content=\"https:\/\/www.fairtradingtech.com\/fr\/securite-du-site-web\" \/>\n<meta property=\"og:site_name\" content=\"Fair Trading Technology\" \/>\n<meta property=\"article:publisher\" content=\"https:\/\/www.facebook.com\/FairTradingTech\" \/>\n<meta property=\"article:modified_time\" content=\"2024-02-13T08:20:18+00:00\" \/>\n<meta name=\"twitter:card\" content=\"summary_large_image\" \/>\n<meta name=\"twitter:site\" content=\"@FairTradingTech\" \/>\n<meta name=\"twitter:label1\" content=\"Dur\u00e9e de lecture estim\u00e9e\" \/>\n\t<meta name=\"twitter:data1\" content=\"2 minutes\" \/>\n<script type=\"application\/ld+json\" class=\"yoast-schema-graph\">{\"@context\":\"https:\/\/schema.org\",\"@graph\":[{\"@type\":\"WebPage\",\"@id\":\"https:\/\/www.fairtradingtech.com\/fr\/securite-du-site-web\",\"url\":\"https:\/\/www.fairtradingtech.com\/fr\/securite-du-site-web\",\"name\":\"S\u00e9curit\u00e9 du site web - Fair Trading Technology\",\"isPartOf\":{\"@id\":\"https:\/\/www.fairtradingtech.com\/fr#website\"},\"datePublished\":\"2021-09-09T11:44:20+00:00\",\"dateModified\":\"2024-02-13T08:20:18+00:00\",\"breadcrumb\":{\"@id\":\"https:\/\/www.fairtradingtech.com\/fr\/securite-du-site-web#breadcrumb\"},\"inLanguage\":\"fr-FR\",\"potentialAction\":[{\"@type\":\"ReadAction\",\"target\":[\"https:\/\/www.fairtradingtech.com\/fr\/securite-du-site-web\"]}]},{\"@type\":\"BreadcrumbList\",\"@id\":\"https:\/\/www.fairtradingtech.com\/fr\/securite-du-site-web#breadcrumb\",\"itemListElement\":[{\"@type\":\"ListItem\",\"position\":1,\"name\":\"Home\",\"item\":\"https:\/\/www.fairtradingtech.com\/fr\"},{\"@type\":\"ListItem\",\"position\":2,\"name\":\"S\u00e9curit\u00e9 du site web\"}]},{\"@type\":\"WebSite\",\"@id\":\"https:\/\/www.fairtradingtech.com\/fr#website\",\"url\":\"https:\/\/www.fairtradingtech.com\/fr\",\"name\":\"Fair Trading Technology\",\"description\":\"Fintech Solutions Provider\",\"publisher\":{\"@id\":\"https:\/\/www.fairtradingtech.com\/fr#organization\"},\"alternateName\":\"FTT\",\"potentialAction\":[{\"@type\":\"SearchAction\",\"target\":{\"@type\":\"EntryPoint\",\"urlTemplate\":\"https:\/\/www.fairtradingtech.com\/fr?s={search_term_string}\"},\"query-input\":{\"@type\":\"PropertyValueSpecification\",\"valueRequired\":true,\"valueName\":\"search_term_string\"}}],\"inLanguage\":\"fr-FR\"},{\"@type\":\"Organization\",\"@id\":\"https:\/\/www.fairtradingtech.com\/fr#organization\",\"name\":\"Fair Trading Technology\",\"alternateName\":\"FTT\",\"url\":\"https:\/\/www.fairtradingtech.com\/fr\",\"logo\":{\"@type\":\"ImageObject\",\"inLanguage\":\"fr-FR\",\"@id\":\"https:\/\/www.fairtradingtech.com\/fr#\/schema\/logo\/image\/\",\"url\":\"https:\/\/www.fairtradingtech.com\/wp-content\/uploads\/2022\/03\/FTT.png\",\"contentUrl\":\"https:\/\/www.fairtradingtech.com\/wp-content\/uploads\/2022\/03\/FTT.png\",\"width\":353,\"height\":216,\"caption\":\"Fair Trading Technology\"},\"image\":{\"@id\":\"https:\/\/www.fairtradingtech.com\/fr#\/schema\/logo\/image\/\"},\"sameAs\":[\"https:\/\/www.facebook.com\/FairTradingTech\",\"https:\/\/x.com\/FairTradingTech\",\"https:\/\/www.linkedin.com\/company\/fairtradingtech\",\"https:\/\/www.instagram.com\/fairtradingtech\",\"https:\/\/www.youtube.com\/@FairTradingTech\"]}]}<\/script>\n<!-- \/ Yoast SEO plugin. -->","yoast_head_json":{"title":"S\u00e9curit\u00e9 du site web - Fair Trading Technology","robots":{"index":"index","follow":"follow","max-snippet":"max-snippet:-1","max-image-preview":"max-image-preview:large","max-video-preview":"max-video-preview:-1"},"canonical":"https:\/\/www.fairtradingtech.com\/fr\/securite-du-site-web","og_locale":"fr_FR","og_type":"article","og_title":"S\u00e9curit\u00e9 du site web - Fair Trading Technology","og_description":"S\u00e9curit\u00e9 du site Web FTT Sweden AB utilise des logiciels pour surveiller ce site Web \u00e0 des fins de s\u00e9curit\u00e9 afin de [&hellip;]","og_url":"https:\/\/www.fairtradingtech.com\/fr\/securite-du-site-web","og_site_name":"Fair Trading Technology","article_publisher":"https:\/\/www.facebook.com\/FairTradingTech","article_modified_time":"2024-02-13T08:20:18+00:00","twitter_card":"summary_large_image","twitter_site":"@FairTradingTech","twitter_misc":{"Dur\u00e9e de lecture estim\u00e9e":"2 minutes"},"schema":{"@context":"https:\/\/schema.org","@graph":[{"@type":"WebPage","@id":"https:\/\/www.fairtradingtech.com\/fr\/securite-du-site-web","url":"https:\/\/www.fairtradingtech.com\/fr\/securite-du-site-web","name":"S\u00e9curit\u00e9 du site web - Fair Trading Technology","isPartOf":{"@id":"https:\/\/www.fairtradingtech.com\/fr#website"},"datePublished":"2021-09-09T11:44:20+00:00","dateModified":"2024-02-13T08:20:18+00:00","breadcrumb":{"@id":"https:\/\/www.fairtradingtech.com\/fr\/securite-du-site-web#breadcrumb"},"inLanguage":"fr-FR","potentialAction":[{"@type":"ReadAction","target":["https:\/\/www.fairtradingtech.com\/fr\/securite-du-site-web"]}]},{"@type":"BreadcrumbList","@id":"https:\/\/www.fairtradingtech.com\/fr\/securite-du-site-web#breadcrumb","itemListElement":[{"@type":"ListItem","position":1,"name":"Home","item":"https:\/\/www.fairtradingtech.com\/fr"},{"@type":"ListItem","position":2,"name":"S\u00e9curit\u00e9 du site web"}]},{"@type":"WebSite","@id":"https:\/\/www.fairtradingtech.com\/fr#website","url":"https:\/\/www.fairtradingtech.com\/fr","name":"Fair Trading Technology","description":"Fintech Solutions Provider","publisher":{"@id":"https:\/\/www.fairtradingtech.com\/fr#organization"},"alternateName":"FTT","potentialAction":[{"@type":"SearchAction","target":{"@type":"EntryPoint","urlTemplate":"https:\/\/www.fairtradingtech.com\/fr?s={search_term_string}"},"query-input":{"@type":"PropertyValueSpecification","valueRequired":true,"valueName":"search_term_string"}}],"inLanguage":"fr-FR"},{"@type":"Organization","@id":"https:\/\/www.fairtradingtech.com\/fr#organization","name":"Fair Trading Technology","alternateName":"FTT","url":"https:\/\/www.fairtradingtech.com\/fr","logo":{"@type":"ImageObject","inLanguage":"fr-FR","@id":"https:\/\/www.fairtradingtech.com\/fr#\/schema\/logo\/image\/","url":"https:\/\/www.fairtradingtech.com\/wp-content\/uploads\/2022\/03\/FTT.png","contentUrl":"https:\/\/www.fairtradingtech.com\/wp-content\/uploads\/2022\/03\/FTT.png","width":353,"height":216,"caption":"Fair Trading Technology"},"image":{"@id":"https:\/\/www.fairtradingtech.com\/fr#\/schema\/logo\/image\/"},"sameAs":["https:\/\/www.facebook.com\/FairTradingTech","https:\/\/x.com\/FairTradingTech","https:\/\/www.linkedin.com\/company\/fairtradingtech","https:\/\/www.instagram.com\/fairtradingtech","https:\/\/www.youtube.com\/@FairTradingTech"]}]}},"_links":{"self":[{"href":"https:\/\/www.fairtradingtech.com\/fr\/wp-json\/wp\/v2\/pages\/18063","targetHints":{"allow":["GET"]}}],"collection":[{"href":"https:\/\/www.fairtradingtech.com\/fr\/wp-json\/wp\/v2\/pages"}],"about":[{"href":"https:\/\/www.fairtradingtech.com\/fr\/wp-json\/wp\/v2\/types\/page"}],"author":[{"embeddable":true,"href":"https:\/\/www.fairtradingtech.com\/fr\/wp-json\/wp\/v2\/users\/1"}],"replies":[{"embeddable":true,"href":"https:\/\/www.fairtradingtech.com\/fr\/wp-json\/wp\/v2\/comments?post=18063"}],"version-history":[{"count":15,"href":"https:\/\/www.fairtradingtech.com\/fr\/wp-json\/wp\/v2\/pages\/18063\/revisions"}],"predecessor-version":[{"id":34672,"href":"https:\/\/www.fairtradingtech.com\/fr\/wp-json\/wp\/v2\/pages\/18063\/revisions\/34672"}],"wp:attachment":[{"href":"https:\/\/www.fairtradingtech.com\/fr\/wp-json\/wp\/v2\/media?parent=18063"}],"curies":[{"name":"wp","href":"https:\/\/api.w.org\/{rel}","templated":true}]}}