{"id":18044,"date":"2021-09-09T13:40:53","date_gmt":"2021-09-09T11:40:53","guid":{"rendered":"https:\/\/fairtradingtech.com\/politique-de-confidentialite\/"},"modified":"2023-03-23T10:09:57","modified_gmt":"2023-03-23T09:09:57","slug":"politique-de-confidentialite","status":"publish","type":"page","link":"https:\/\/www.fairtradingtech.com\/fr\/politique-de-confidentialite","title":{"rendered":"Politique de confidentialit\u00e9"},"content":{"rendered":"\t\t<div data-elementor-type=\"wp-page\" data-elementor-id=\"18044\" class=\"elementor elementor-18044 elementor-713\">\n\t\t\t\t\t\t<section class=\"has_eae_slider elementor-section elementor-top-section elementor-element elementor-element-4d6f3fa elementor-section-boxed elementor-section-height-default elementor-section-height-default exad-glass-effect-no exad-sticky-section-no\" data-id=\"4d6f3fa\" data-element_type=\"section\">\n\t\t\t\t\t\t<div class=\"elementor-container elementor-column-gap-default\">\n\t\t\t\t\t<div class=\"has_eae_slider elementor-column elementor-col-100 elementor-top-column elementor-element elementor-element-0da10c6 exad-glass-effect-no exad-sticky-section-no\" data-id=\"0da10c6\" data-element_type=\"column\">\n\t\t\t<div class=\"elementor-widget-wrap elementor-element-populated\">\n\t\t\t\t\t\t<div class=\"elementor-element elementor-element-d135876 exad-sticky-section-no exad-glass-effect-no elementor-invisible elementor-widget elementor-widget-heading\" data-id=\"d135876\" data-element_type=\"widget\" data-settings=\"{&quot;_animation&quot;:&quot;fadeInUp&quot;,&quot;_animation_delay&quot;:200}\" data-widget_type=\"heading.default\">\n\t\t\t\t<div class=\"elementor-widget-container\">\n\t\t\t\t\t<h2 class=\"elementor-heading-title elementor-size-default\">Politique de confidentialit\u00e9<\/h2>\t\t\t\t<\/div>\n\t\t\t\t<\/div>\n\t\t\t\t<div class=\"elementor-element elementor-element-2a853cb exad-sticky-section-no exad-glass-effect-no elementor-widget elementor-widget-spacer\" data-id=\"2a853cb\" data-element_type=\"widget\" data-widget_type=\"spacer.default\">\n\t\t\t\t<div class=\"elementor-widget-container\">\n\t\t\t\t\t\t\t<div class=\"elementor-spacer\">\n\t\t\t<div class=\"elementor-spacer-inner\"><\/div>\n\t\t<\/div>\n\t\t\t\t\t\t<\/div>\n\t\t\t\t<\/div>\n\t\t\t\t<div class=\"elementor-element elementor-element-67498d4 exad-sticky-section-no exad-glass-effect-no elementor-invisible elementor-widget elementor-widget-text-editor\" data-id=\"67498d4\" data-element_type=\"widget\" data-settings=\"{&quot;_animation&quot;:&quot;fadeInUp&quot;,&quot;_animation_delay&quot;:400}\" data-widget_type=\"text-editor.default\">\n\t\t\t\t<div class=\"elementor-widget-container\">\n\t\t\t\t\t\t\t\t\t<div><div><div><div><div><div><p>Notre politique de confidentialit\u00e9 a pour but de d\u00e9crire comment FTT Sweden AB traite les informations que nous apprenons \u00e0 votre sujet lorsque vous visitez notre site Web. Les informations que nous recevons d\u00e9pendent de la mani\u00e8re dont vous utilisez le site Web. Vous n&rsquo;\u00eates pas oblig\u00e9 de nous fournir des informations personnelles pour visiter notre site Web.<\/p><p>Si vous visitez le site Web de FTT Sweden AB \u00e0 l&rsquo;adresse www.fairtradingtech.com pour lire ou t\u00e9l\u00e9charger des informations, telles que des communiqu\u00e9s de presse ou des publications, nous collecterons et stockerons les informations suivantes :<\/p><ul><li>le nom du domaine (la machine ou le site Web) \u00e0 partir duquel vous acc\u00e9dez \u00e0 Internet (par exemple, aol.com si vous vous connectez \u00e0 partir d&rsquo;un compte America Online) et\/ou le nom et l&rsquo;adresse IP (Internet Protocol) du serveur que vous que vous utilisez pour acc\u00e9der \u00e0 notre site Web;<\/li><li>le nom et l&rsquo;adresse IP du serveur qui a re\u00e7u et enregistr\u00e9 la demande;<\/li><li>la date et l&rsquo;heure de r\u00e9ception de la demande;<\/li><li>les informations auxquelles vous acc\u00e9dez (par exemple, la page ou l&rsquo;image que vous choisissez de lire ou de t\u00e9l\u00e9charger);<\/li><li>le nom et la version du navigateur Web utilis\u00e9 pour acc\u00e9der \u00e0 la page Web.<\/li><\/ul><\/div><div><p>Nous utilisons les informations recueillies pour mesurer le nombre de visiteurs dans les diff\u00e9rentes sections de notre site Web et pour nous aider \u00e0 rendre le site Web plus utile \u00e0 nos visiteurs. Les \u00ab\u00a0cookies\u00a0\u00bb sont de petits morceaux de texte qui sont soit utilis\u00e9s pendant la dur\u00e9e d&rsquo;une session (\u00ab\u00a0cookies de session\u00a0\u00bb) ou enregistr\u00e9s sur le disque dur d&rsquo;un utilisateur afin d&rsquo;identifier cet utilisateur, ou des informations sur cet utilisateur, la prochaine fois que l&rsquo;utilisateur se connecte. sur un site Web (\u00ab\u00a0cookies persistants\u00a0\u00bb). FTT Sweden AB n&rsquo;utilise pas de cookies persistants.<\/p><\/div><div>\u00a0<\/div><div><p>FTT utilise la technologie des cookies sur notre site Web pour personnaliser le contenu et les publicit\u00e9s, fournir des fonctionnalit\u00e9s de m\u00e9dias sociaux et analyser notre trafic. Si vous remplissez un formulaire, envoyez un commentaire ou une contribution sur un processus de r\u00e9daction de r\u00e8gles, ou envoyez un e-mail \u00e0 FTT Sweden AB, vous pouvez choisir de nous envoyer des informations qui vous identifient personnellement. En g\u00e9n\u00e9ral, ces informations sont utilis\u00e9es pour r\u00e9pondre \u00e0 votre demande; il peut avoir d&rsquo;autres usages qui sont identifi\u00e9s sur chaque formulaire. Les formulaires peuvent contenir des informations que le personnel connect\u00e9 \u00e0 FTT Sweden AB utilise pour suivre et r\u00e9pondre \u00e0 votre demande. Ces informations peuvent \u00eatre partag\u00e9es avec d&rsquo;autres organismes charg\u00e9s de l&rsquo;application de la loi, le cas \u00e9ch\u00e9ant.<br \/><br \/>Si vous avez des questions sur la politique de confidentialit\u00e9 et les pratiques d&rsquo;information de FTT Sweden AB, vous pouvez nous envoyer un e-mail \u00e0 <a href=\"mailto:info@fairtradingtech.com\">info@fairtradingtech.com<\/a>. Cette adresse e-mail est prot\u00e9g\u00e9e contre les robots spammeurs. Vous devez activer Javascript pour le voir.<\/p><\/div><\/div><\/div><\/div><\/div><\/div>\t\t\t\t\t\t\t\t<\/div>\n\t\t\t\t<\/div>\n\t\t\t\t\t<\/div>\n\t\t<\/div>\n\t\t\t\t\t<\/div>\n\t\t<\/section>\n\t\t\t\t<\/div>\n\t\t","protected":false},"excerpt":{"rendered":"<p>Politique de confidentialit\u00e9 Notre politique de confidentialit\u00e9 a pour but de d\u00e9crire comment FTT Sweden AB traite les informations que nous apprenons [&hellip;]<\/p>\n","protected":false},"author":1,"featured_media":0,"parent":0,"menu_order":0,"comment_status":"closed","ping_status":"closed","template":"","meta":{"_eb_attr":"","footnotes":""},"class_list":["post-18044","page","type-page","status-publish","hentry"],"yoast_head":"<!-- This site is optimized with the Yoast SEO plugin v24.4 - https:\/\/yoast.com\/wordpress\/plugins\/seo\/ -->\n<title>Politique de confidentialit\u00e9 - Fair Trading Technology<\/title>\n<meta name=\"robots\" content=\"index, follow, max-snippet:-1, max-image-preview:large, max-video-preview:-1\" \/>\n<link rel=\"canonical\" href=\"https:\/\/www.fairtradingtech.com\/fr\/politique-de-confidentialite\" \/>\n<meta property=\"og:locale\" content=\"fr_FR\" \/>\n<meta property=\"og:type\" content=\"article\" \/>\n<meta property=\"og:title\" content=\"Politique de confidentialit\u00e9 - Fair Trading Technology\" \/>\n<meta property=\"og:description\" content=\"Politique de confidentialit\u00e9 Notre politique de confidentialit\u00e9 a pour but de d\u00e9crire comment FTT Sweden AB traite les informations que nous apprenons [&hellip;]\" \/>\n<meta property=\"og:url\" content=\"https:\/\/www.fairtradingtech.com\/fr\/politique-de-confidentialite\" \/>\n<meta property=\"og:site_name\" content=\"Fair Trading Technology\" \/>\n<meta property=\"article:publisher\" content=\"https:\/\/www.facebook.com\/FairTradingTech\" \/>\n<meta property=\"article:modified_time\" content=\"2023-03-23T09:09:57+00:00\" \/>\n<meta name=\"twitter:card\" content=\"summary_large_image\" \/>\n<meta name=\"twitter:site\" content=\"@FairTradingTech\" \/>\n<meta name=\"twitter:label1\" content=\"Dur\u00e9e de lecture estim\u00e9e\" \/>\n\t<meta name=\"twitter:data1\" content=\"2 minutes\" \/>\n<script type=\"application\/ld+json\" class=\"yoast-schema-graph\">{\"@context\":\"https:\/\/schema.org\",\"@graph\":[{\"@type\":\"WebPage\",\"@id\":\"https:\/\/www.fairtradingtech.com\/fr\/politique-de-confidentialite\",\"url\":\"https:\/\/www.fairtradingtech.com\/fr\/politique-de-confidentialite\",\"name\":\"Politique de confidentialit\u00e9 - Fair Trading Technology\",\"isPartOf\":{\"@id\":\"https:\/\/www.fairtradingtech.com\/fr#website\"},\"datePublished\":\"2021-09-09T11:40:53+00:00\",\"dateModified\":\"2023-03-23T09:09:57+00:00\",\"breadcrumb\":{\"@id\":\"https:\/\/www.fairtradingtech.com\/fr\/politique-de-confidentialite#breadcrumb\"},\"inLanguage\":\"fr-FR\",\"potentialAction\":[{\"@type\":\"ReadAction\",\"target\":[\"https:\/\/www.fairtradingtech.com\/fr\/politique-de-confidentialite\"]}]},{\"@type\":\"BreadcrumbList\",\"@id\":\"https:\/\/www.fairtradingtech.com\/fr\/politique-de-confidentialite#breadcrumb\",\"itemListElement\":[{\"@type\":\"ListItem\",\"position\":1,\"name\":\"Home\",\"item\":\"https:\/\/www.fairtradingtech.com\/fr\"},{\"@type\":\"ListItem\",\"position\":2,\"name\":\"Politique de confidentialit\u00e9\"}]},{\"@type\":\"WebSite\",\"@id\":\"https:\/\/www.fairtradingtech.com\/fr#website\",\"url\":\"https:\/\/www.fairtradingtech.com\/fr\",\"name\":\"Fair Trading Technology\",\"description\":\"Fintech Solutions Provider\",\"publisher\":{\"@id\":\"https:\/\/www.fairtradingtech.com\/fr#organization\"},\"alternateName\":\"FTT\",\"potentialAction\":[{\"@type\":\"SearchAction\",\"target\":{\"@type\":\"EntryPoint\",\"urlTemplate\":\"https:\/\/www.fairtradingtech.com\/fr?s={search_term_string}\"},\"query-input\":{\"@type\":\"PropertyValueSpecification\",\"valueRequired\":true,\"valueName\":\"search_term_string\"}}],\"inLanguage\":\"fr-FR\"},{\"@type\":\"Organization\",\"@id\":\"https:\/\/www.fairtradingtech.com\/fr#organization\",\"name\":\"Fair Trading Technology\",\"alternateName\":\"FTT\",\"url\":\"https:\/\/www.fairtradingtech.com\/fr\",\"logo\":{\"@type\":\"ImageObject\",\"inLanguage\":\"fr-FR\",\"@id\":\"https:\/\/www.fairtradingtech.com\/fr#\/schema\/logo\/image\/\",\"url\":\"https:\/\/www.fairtradingtech.com\/wp-content\/uploads\/2022\/03\/FTT.png\",\"contentUrl\":\"https:\/\/www.fairtradingtech.com\/wp-content\/uploads\/2022\/03\/FTT.png\",\"width\":353,\"height\":216,\"caption\":\"Fair Trading Technology\"},\"image\":{\"@id\":\"https:\/\/www.fairtradingtech.com\/fr#\/schema\/logo\/image\/\"},\"sameAs\":[\"https:\/\/www.facebook.com\/FairTradingTech\",\"https:\/\/x.com\/FairTradingTech\",\"https:\/\/www.linkedin.com\/company\/fairtradingtech\",\"https:\/\/www.instagram.com\/fairtradingtech\",\"https:\/\/www.youtube.com\/@FairTradingTech\"]}]}<\/script>\n<!-- \/ Yoast SEO plugin. -->","yoast_head_json":{"title":"Politique de confidentialit\u00e9 - Fair Trading Technology","robots":{"index":"index","follow":"follow","max-snippet":"max-snippet:-1","max-image-preview":"max-image-preview:large","max-video-preview":"max-video-preview:-1"},"canonical":"https:\/\/www.fairtradingtech.com\/fr\/politique-de-confidentialite","og_locale":"fr_FR","og_type":"article","og_title":"Politique de confidentialit\u00e9 - Fair Trading Technology","og_description":"Politique de confidentialit\u00e9 Notre politique de confidentialit\u00e9 a pour but de d\u00e9crire comment FTT Sweden AB traite les informations que nous apprenons [&hellip;]","og_url":"https:\/\/www.fairtradingtech.com\/fr\/politique-de-confidentialite","og_site_name":"Fair Trading Technology","article_publisher":"https:\/\/www.facebook.com\/FairTradingTech","article_modified_time":"2023-03-23T09:09:57+00:00","twitter_card":"summary_large_image","twitter_site":"@FairTradingTech","twitter_misc":{"Dur\u00e9e de lecture estim\u00e9e":"2 minutes"},"schema":{"@context":"https:\/\/schema.org","@graph":[{"@type":"WebPage","@id":"https:\/\/www.fairtradingtech.com\/fr\/politique-de-confidentialite","url":"https:\/\/www.fairtradingtech.com\/fr\/politique-de-confidentialite","name":"Politique de confidentialit\u00e9 - Fair Trading Technology","isPartOf":{"@id":"https:\/\/www.fairtradingtech.com\/fr#website"},"datePublished":"2021-09-09T11:40:53+00:00","dateModified":"2023-03-23T09:09:57+00:00","breadcrumb":{"@id":"https:\/\/www.fairtradingtech.com\/fr\/politique-de-confidentialite#breadcrumb"},"inLanguage":"fr-FR","potentialAction":[{"@type":"ReadAction","target":["https:\/\/www.fairtradingtech.com\/fr\/politique-de-confidentialite"]}]},{"@type":"BreadcrumbList","@id":"https:\/\/www.fairtradingtech.com\/fr\/politique-de-confidentialite#breadcrumb","itemListElement":[{"@type":"ListItem","position":1,"name":"Home","item":"https:\/\/www.fairtradingtech.com\/fr"},{"@type":"ListItem","position":2,"name":"Politique de confidentialit\u00e9"}]},{"@type":"WebSite","@id":"https:\/\/www.fairtradingtech.com\/fr#website","url":"https:\/\/www.fairtradingtech.com\/fr","name":"Fair Trading Technology","description":"Fintech Solutions Provider","publisher":{"@id":"https:\/\/www.fairtradingtech.com\/fr#organization"},"alternateName":"FTT","potentialAction":[{"@type":"SearchAction","target":{"@type":"EntryPoint","urlTemplate":"https:\/\/www.fairtradingtech.com\/fr?s={search_term_string}"},"query-input":{"@type":"PropertyValueSpecification","valueRequired":true,"valueName":"search_term_string"}}],"inLanguage":"fr-FR"},{"@type":"Organization","@id":"https:\/\/www.fairtradingtech.com\/fr#organization","name":"Fair Trading Technology","alternateName":"FTT","url":"https:\/\/www.fairtradingtech.com\/fr","logo":{"@type":"ImageObject","inLanguage":"fr-FR","@id":"https:\/\/www.fairtradingtech.com\/fr#\/schema\/logo\/image\/","url":"https:\/\/www.fairtradingtech.com\/wp-content\/uploads\/2022\/03\/FTT.png","contentUrl":"https:\/\/www.fairtradingtech.com\/wp-content\/uploads\/2022\/03\/FTT.png","width":353,"height":216,"caption":"Fair Trading Technology"},"image":{"@id":"https:\/\/www.fairtradingtech.com\/fr#\/schema\/logo\/image\/"},"sameAs":["https:\/\/www.facebook.com\/FairTradingTech","https:\/\/x.com\/FairTradingTech","https:\/\/www.linkedin.com\/company\/fairtradingtech","https:\/\/www.instagram.com\/fairtradingtech","https:\/\/www.youtube.com\/@FairTradingTech"]}]}},"_links":{"self":[{"href":"https:\/\/www.fairtradingtech.com\/fr\/wp-json\/wp\/v2\/pages\/18044","targetHints":{"allow":["GET"]}}],"collection":[{"href":"https:\/\/www.fairtradingtech.com\/fr\/wp-json\/wp\/v2\/pages"}],"about":[{"href":"https:\/\/www.fairtradingtech.com\/fr\/wp-json\/wp\/v2\/types\/page"}],"author":[{"embeddable":true,"href":"https:\/\/www.fairtradingtech.com\/fr\/wp-json\/wp\/v2\/users\/1"}],"replies":[{"embeddable":true,"href":"https:\/\/www.fairtradingtech.com\/fr\/wp-json\/wp\/v2\/comments?post=18044"}],"version-history":[{"count":20,"href":"https:\/\/www.fairtradingtech.com\/fr\/wp-json\/wp\/v2\/pages\/18044\/revisions"}],"predecessor-version":[{"id":27632,"href":"https:\/\/www.fairtradingtech.com\/fr\/wp-json\/wp\/v2\/pages\/18044\/revisions\/27632"}],"wp:attachment":[{"href":"https:\/\/www.fairtradingtech.com\/fr\/wp-json\/wp\/v2\/media?parent=18044"}],"curies":[{"name":"wp","href":"https:\/\/api.w.org\/{rel}","templated":true}]}}