{"id":18029,"date":"2021-09-09T13:31:22","date_gmt":"2021-09-09T11:31:22","guid":{"rendered":"https:\/\/fairtradingtech.com\/politique-de-droit-dauteur\/"},"modified":"2022-09-08T12:31:24","modified_gmt":"2022-09-08T10:31:24","slug":"politique-de-droit-dauteur","status":"publish","type":"page","link":"https:\/\/www.fairtradingtech.com\/fr\/politique-de-droit-dauteur","title":{"rendered":"Politique de droit d&rsquo;auteur"},"content":{"rendered":"\t\t<div data-elementor-type=\"wp-page\" data-elementor-id=\"18029\" class=\"elementor elementor-18029 elementor-705\">\n\t\t\t\t\t\t<section class=\"has_eae_slider elementor-section elementor-top-section elementor-element elementor-element-4d6f3fa elementor-section-boxed elementor-section-height-default elementor-section-height-default exad-glass-effect-no exad-sticky-section-no\" data-id=\"4d6f3fa\" data-element_type=\"section\">\n\t\t\t\t\t\t<div class=\"elementor-container elementor-column-gap-default\">\n\t\t\t\t\t<div class=\"has_eae_slider elementor-column elementor-col-100 elementor-top-column elementor-element elementor-element-0da10c6 exad-glass-effect-no exad-sticky-section-no\" data-id=\"0da10c6\" data-element_type=\"column\">\n\t\t\t<div class=\"elementor-widget-wrap elementor-element-populated\">\n\t\t\t\t\t\t<div class=\"elementor-element elementor-element-d135876 exad-sticky-section-no exad-glass-effect-no elementor-invisible elementor-widget elementor-widget-heading\" data-id=\"d135876\" data-element_type=\"widget\" data-settings=\"{&quot;_animation&quot;:&quot;fadeInUp&quot;,&quot;_animation_delay&quot;:200}\" data-widget_type=\"heading.default\">\n\t\t\t\t<div class=\"elementor-widget-container\">\n\t\t\t\t\t<h2 class=\"elementor-heading-title elementor-size-default\">Politique de droit d'auteur<\/h2>\t\t\t\t<\/div>\n\t\t\t\t<\/div>\n\t\t\t\t<div class=\"elementor-element elementor-element-2a853cb exad-sticky-section-no exad-glass-effect-no elementor-widget elementor-widget-spacer\" data-id=\"2a853cb\" data-element_type=\"widget\" data-widget_type=\"spacer.default\">\n\t\t\t\t<div class=\"elementor-widget-container\">\n\t\t\t\t\t\t\t<div class=\"elementor-spacer\">\n\t\t\t<div class=\"elementor-spacer-inner\"><\/div>\n\t\t<\/div>\n\t\t\t\t\t\t<\/div>\n\t\t\t\t<\/div>\n\t\t\t\t<div class=\"elementor-element elementor-element-67498d4 exad-sticky-section-no exad-glass-effect-no elementor-invisible elementor-widget elementor-widget-text-editor\" data-id=\"67498d4\" data-element_type=\"widget\" data-settings=\"{&quot;_animation&quot;:&quot;fadeInUp&quot;,&quot;_animation_delay&quot;:400}\" data-widget_type=\"text-editor.default\">\n\t\t\t\t<div class=\"elementor-widget-container\">\n\t\t\t\t\t\t\t\t\t<div class=\"wpb_text_column wpb_content_element vc_custom_1538049593094\"><div class=\"wpb_wrapper\"><div class=\"wpb_text_column wpb_content_element wpb_animate_when_almost_visible wpb_bottom-to-top bottom-to-top vc_custom_1534936626783 wpb_start_animation animated\"><div class=\"wpb_wrapper\"><p>\u00a9 Copyright FTT Sweden AB, 2010-2022<\/p><p>Sauf indication contraire explicite, tous les droits, y compris les droits d&rsquo;auteur sur le contenu de ce site Web, sont d\u00e9tenus ou contr\u00f4l\u00e9s \u00e0 ces fins par FTT Sweden AB.<\/p><p>Sauf autorisation expresse contraire en vertu de la loi sur le droit d&rsquo;auteur ou de FTT Sweden AB, le contenu de ce site ne peut \u00eatre copi\u00e9, reproduit, republi\u00e9, t\u00e9l\u00e9charg\u00e9, publi\u00e9, diffus\u00e9 ou transmis de quelque mani\u00e8re que ce soit sans avoir obtenu au pr\u00e9alable l&rsquo;autorisation \u00e9crite de FTT Sweden AB ou celle du titulaire du droit d&rsquo;auteur.<\/p><p>Lorsqu&rsquo;il existe des documents qui rel\u00e8vent de la responsabilit\u00e9 des auteurs individuels, les points de vue contenus dans lesdits documents ne repr\u00e9sentent pas n\u00e9cessairement les points de vue de FTT Sweden AB.<\/p><\/div><\/div><\/div><\/div>\t\t\t\t\t\t\t\t<\/div>\n\t\t\t\t<\/div>\n\t\t\t\t\t<\/div>\n\t\t<\/div>\n\t\t\t\t\t<\/div>\n\t\t<\/section>\n\t\t\t\t<\/div>\n\t\t","protected":false},"excerpt":{"rendered":"<p>Politique de droit d&rsquo;auteur \u00a9 Copyright FTT Sweden AB, 2010-2022 Sauf indication contraire explicite, tous les droits, y compris les droits d&rsquo;auteur [&hellip;]<\/p>\n","protected":false},"author":1,"featured_media":0,"parent":0,"menu_order":0,"comment_status":"closed","ping_status":"closed","template":"","meta":{"_eb_attr":"","footnotes":""},"class_list":["post-18029","page","type-page","status-publish","hentry"],"yoast_head":"<!-- This site is optimized with the Yoast SEO plugin v24.4 - https:\/\/yoast.com\/wordpress\/plugins\/seo\/ -->\n<title>Politique de droit d&#039;auteur - Fair Trading Technology<\/title>\n<meta name=\"robots\" content=\"index, follow, max-snippet:-1, max-image-preview:large, max-video-preview:-1\" \/>\n<link rel=\"canonical\" href=\"https:\/\/www.fairtradingtech.com\/fr\/politique-de-droit-dauteur\" \/>\n<meta property=\"og:locale\" content=\"fr_FR\" \/>\n<meta property=\"og:type\" content=\"article\" \/>\n<meta property=\"og:title\" content=\"Politique de droit d&#039;auteur - Fair Trading Technology\" \/>\n<meta property=\"og:description\" content=\"Politique de droit d&rsquo;auteur \u00a9 Copyright FTT Sweden AB, 2010-2022 Sauf indication contraire explicite, tous les droits, y compris les droits d&rsquo;auteur [&hellip;]\" \/>\n<meta property=\"og:url\" content=\"https:\/\/www.fairtradingtech.com\/fr\/politique-de-droit-dauteur\" \/>\n<meta property=\"og:site_name\" content=\"Fair Trading Technology\" \/>\n<meta property=\"article:publisher\" content=\"https:\/\/www.facebook.com\/FairTradingTech\" \/>\n<meta property=\"article:modified_time\" content=\"2022-09-08T10:31:24+00:00\" \/>\n<meta name=\"twitter:card\" content=\"summary_large_image\" \/>\n<meta name=\"twitter:site\" content=\"@FairTradingTech\" \/>\n<meta name=\"twitter:label1\" content=\"Dur\u00e9e de lecture estim\u00e9e\" \/>\n\t<meta name=\"twitter:data1\" content=\"1 minute\" \/>\n<script type=\"application\/ld+json\" class=\"yoast-schema-graph\">{\"@context\":\"https:\/\/schema.org\",\"@graph\":[{\"@type\":\"WebPage\",\"@id\":\"https:\/\/www.fairtradingtech.com\/fr\/politique-de-droit-dauteur\",\"url\":\"https:\/\/www.fairtradingtech.com\/fr\/politique-de-droit-dauteur\",\"name\":\"Politique de droit d'auteur - Fair Trading Technology\",\"isPartOf\":{\"@id\":\"https:\/\/www.fairtradingtech.com\/fr#website\"},\"datePublished\":\"2021-09-09T11:31:22+00:00\",\"dateModified\":\"2022-09-08T10:31:24+00:00\",\"breadcrumb\":{\"@id\":\"https:\/\/www.fairtradingtech.com\/fr\/politique-de-droit-dauteur#breadcrumb\"},\"inLanguage\":\"fr-FR\",\"potentialAction\":[{\"@type\":\"ReadAction\",\"target\":[\"https:\/\/www.fairtradingtech.com\/fr\/politique-de-droit-dauteur\"]}]},{\"@type\":\"BreadcrumbList\",\"@id\":\"https:\/\/www.fairtradingtech.com\/fr\/politique-de-droit-dauteur#breadcrumb\",\"itemListElement\":[{\"@type\":\"ListItem\",\"position\":1,\"name\":\"Home\",\"item\":\"https:\/\/www.fairtradingtech.com\/fr\"},{\"@type\":\"ListItem\",\"position\":2,\"name\":\"Politique de droit d&rsquo;auteur\"}]},{\"@type\":\"WebSite\",\"@id\":\"https:\/\/www.fairtradingtech.com\/fr#website\",\"url\":\"https:\/\/www.fairtradingtech.com\/fr\",\"name\":\"Fair Trading Technology\",\"description\":\"Fintech Solutions Provider\",\"publisher\":{\"@id\":\"https:\/\/www.fairtradingtech.com\/fr#organization\"},\"alternateName\":\"FTT\",\"potentialAction\":[{\"@type\":\"SearchAction\",\"target\":{\"@type\":\"EntryPoint\",\"urlTemplate\":\"https:\/\/www.fairtradingtech.com\/fr?s={search_term_string}\"},\"query-input\":{\"@type\":\"PropertyValueSpecification\",\"valueRequired\":true,\"valueName\":\"search_term_string\"}}],\"inLanguage\":\"fr-FR\"},{\"@type\":\"Organization\",\"@id\":\"https:\/\/www.fairtradingtech.com\/fr#organization\",\"name\":\"Fair Trading Technology\",\"alternateName\":\"FTT\",\"url\":\"https:\/\/www.fairtradingtech.com\/fr\",\"logo\":{\"@type\":\"ImageObject\",\"inLanguage\":\"fr-FR\",\"@id\":\"https:\/\/www.fairtradingtech.com\/fr#\/schema\/logo\/image\/\",\"url\":\"https:\/\/www.fairtradingtech.com\/wp-content\/uploads\/2022\/03\/FTT.png\",\"contentUrl\":\"https:\/\/www.fairtradingtech.com\/wp-content\/uploads\/2022\/03\/FTT.png\",\"width\":353,\"height\":216,\"caption\":\"Fair Trading Technology\"},\"image\":{\"@id\":\"https:\/\/www.fairtradingtech.com\/fr#\/schema\/logo\/image\/\"},\"sameAs\":[\"https:\/\/www.facebook.com\/FairTradingTech\",\"https:\/\/x.com\/FairTradingTech\",\"https:\/\/www.linkedin.com\/company\/fairtradingtech\",\"https:\/\/www.instagram.com\/fairtradingtech\",\"https:\/\/www.youtube.com\/@FairTradingTech\"]}]}<\/script>\n<!-- \/ Yoast SEO plugin. -->","yoast_head_json":{"title":"Politique de droit d'auteur - Fair Trading Technology","robots":{"index":"index","follow":"follow","max-snippet":"max-snippet:-1","max-image-preview":"max-image-preview:large","max-video-preview":"max-video-preview:-1"},"canonical":"https:\/\/www.fairtradingtech.com\/fr\/politique-de-droit-dauteur","og_locale":"fr_FR","og_type":"article","og_title":"Politique de droit d'auteur - Fair Trading Technology","og_description":"Politique de droit d&rsquo;auteur \u00a9 Copyright FTT Sweden AB, 2010-2022 Sauf indication contraire explicite, tous les droits, y compris les droits d&rsquo;auteur [&hellip;]","og_url":"https:\/\/www.fairtradingtech.com\/fr\/politique-de-droit-dauteur","og_site_name":"Fair Trading Technology","article_publisher":"https:\/\/www.facebook.com\/FairTradingTech","article_modified_time":"2022-09-08T10:31:24+00:00","twitter_card":"summary_large_image","twitter_site":"@FairTradingTech","twitter_misc":{"Dur\u00e9e de lecture estim\u00e9e":"1 minute"},"schema":{"@context":"https:\/\/schema.org","@graph":[{"@type":"WebPage","@id":"https:\/\/www.fairtradingtech.com\/fr\/politique-de-droit-dauteur","url":"https:\/\/www.fairtradingtech.com\/fr\/politique-de-droit-dauteur","name":"Politique de droit d'auteur - Fair Trading Technology","isPartOf":{"@id":"https:\/\/www.fairtradingtech.com\/fr#website"},"datePublished":"2021-09-09T11:31:22+00:00","dateModified":"2022-09-08T10:31:24+00:00","breadcrumb":{"@id":"https:\/\/www.fairtradingtech.com\/fr\/politique-de-droit-dauteur#breadcrumb"},"inLanguage":"fr-FR","potentialAction":[{"@type":"ReadAction","target":["https:\/\/www.fairtradingtech.com\/fr\/politique-de-droit-dauteur"]}]},{"@type":"BreadcrumbList","@id":"https:\/\/www.fairtradingtech.com\/fr\/politique-de-droit-dauteur#breadcrumb","itemListElement":[{"@type":"ListItem","position":1,"name":"Home","item":"https:\/\/www.fairtradingtech.com\/fr"},{"@type":"ListItem","position":2,"name":"Politique de droit d&rsquo;auteur"}]},{"@type":"WebSite","@id":"https:\/\/www.fairtradingtech.com\/fr#website","url":"https:\/\/www.fairtradingtech.com\/fr","name":"Fair Trading Technology","description":"Fintech Solutions Provider","publisher":{"@id":"https:\/\/www.fairtradingtech.com\/fr#organization"},"alternateName":"FTT","potentialAction":[{"@type":"SearchAction","target":{"@type":"EntryPoint","urlTemplate":"https:\/\/www.fairtradingtech.com\/fr?s={search_term_string}"},"query-input":{"@type":"PropertyValueSpecification","valueRequired":true,"valueName":"search_term_string"}}],"inLanguage":"fr-FR"},{"@type":"Organization","@id":"https:\/\/www.fairtradingtech.com\/fr#organization","name":"Fair Trading Technology","alternateName":"FTT","url":"https:\/\/www.fairtradingtech.com\/fr","logo":{"@type":"ImageObject","inLanguage":"fr-FR","@id":"https:\/\/www.fairtradingtech.com\/fr#\/schema\/logo\/image\/","url":"https:\/\/www.fairtradingtech.com\/wp-content\/uploads\/2022\/03\/FTT.png","contentUrl":"https:\/\/www.fairtradingtech.com\/wp-content\/uploads\/2022\/03\/FTT.png","width":353,"height":216,"caption":"Fair Trading Technology"},"image":{"@id":"https:\/\/www.fairtradingtech.com\/fr#\/schema\/logo\/image\/"},"sameAs":["https:\/\/www.facebook.com\/FairTradingTech","https:\/\/x.com\/FairTradingTech","https:\/\/www.linkedin.com\/company\/fairtradingtech","https:\/\/www.instagram.com\/fairtradingtech","https:\/\/www.youtube.com\/@FairTradingTech"]}]}},"_links":{"self":[{"href":"https:\/\/www.fairtradingtech.com\/fr\/wp-json\/wp\/v2\/pages\/18029","targetHints":{"allow":["GET"]}}],"collection":[{"href":"https:\/\/www.fairtradingtech.com\/fr\/wp-json\/wp\/v2\/pages"}],"about":[{"href":"https:\/\/www.fairtradingtech.com\/fr\/wp-json\/wp\/v2\/types\/page"}],"author":[{"embeddable":true,"href":"https:\/\/www.fairtradingtech.com\/fr\/wp-json\/wp\/v2\/users\/1"}],"replies":[{"embeddable":true,"href":"https:\/\/www.fairtradingtech.com\/fr\/wp-json\/wp\/v2\/comments?post=18029"}],"version-history":[{"count":5,"href":"https:\/\/www.fairtradingtech.com\/fr\/wp-json\/wp\/v2\/pages\/18029\/revisions"}],"predecessor-version":[{"id":24048,"href":"https:\/\/www.fairtradingtech.com\/fr\/wp-json\/wp\/v2\/pages\/18029\/revisions\/24048"}],"wp:attachment":[{"href":"https:\/\/www.fairtradingtech.com\/fr\/wp-json\/wp\/v2\/media?parent=18029"}],"curies":[{"name":"wp","href":"https:\/\/api.w.org\/{rel}","templated":true}]}}