{"id":17933,"date":"2021-06-03T14:58:31","date_gmt":"2021-06-03T12:58:31","guid":{"rendered":"https:\/\/fairtradingtech.com\/a-propos-de-nous\/"},"modified":"2023-02-08T17:16:12","modified_gmt":"2023-02-08T16:16:12","slug":"a-propos-de-nous","status":"publish","type":"page","link":"https:\/\/www.fairtradingtech.com\/fr\/a-propos-de-nous","title":{"rendered":"\u00c0 propos de nous"},"content":{"rendered":"\t\t<div data-elementor-type=\"wp-page\" data-elementor-id=\"17933\" class=\"elementor elementor-17933 elementor-107\">\n\t\t\t\t\t\t<section class=\"has_eae_slider elementor-section elementor-top-section elementor-element elementor-element-547128f elementor-section-height-min-height elementor-section-boxed elementor-section-height-default elementor-section-items-middle exad-glass-effect-no exad-sticky-section-no\" data-id=\"547128f\" data-element_type=\"section\" data-settings=\"{&quot;background_background&quot;:&quot;gradient&quot;}\">\n\t\t\t\t\t\t\t<div class=\"elementor-background-overlay\"><\/div>\n\t\t\t\t\t\t\t<div class=\"elementor-container elementor-column-gap-default\">\n\t\t\t\t\t<div class=\"has_eae_slider elementor-column elementor-col-100 elementor-top-column elementor-element elementor-element-f4f2133 exad-glass-effect-no exad-sticky-section-no\" data-id=\"f4f2133\" data-element_type=\"column\">\n\t\t\t<div class=\"elementor-widget-wrap elementor-element-populated\">\n\t\t\t\t\t\t<div class=\"elementor-element elementor-element-4fcc406 elementor-widget__width-auto exad-sticky-section-no exad-glass-effect-no elementor-invisible elementor-widget elementor-widget-heading\" data-id=\"4fcc406\" data-element_type=\"widget\" data-settings=\"{&quot;_animation&quot;:&quot;fadeInUp&quot;}\" data-widget_type=\"heading.default\">\n\t\t\t\t<div class=\"elementor-widget-container\">\n\t\t\t\t\t<h5 class=\"elementor-heading-title elementor-size-default\">DE LA C\u00d4TE OUEST DE LA SU\u00c8DE AUX CENTRES FINANCIERS DU MONDE<\/h5>\t\t\t\t<\/div>\n\t\t\t\t<\/div>\n\t\t\t\t<div class=\"elementor-element elementor-element-c001b4d exad-sticky-section-no exad-glass-effect-no elementor-invisible elementor-widget elementor-widget-heading\" data-id=\"c001b4d\" data-element_type=\"widget\" data-settings=\"{&quot;_animation_delay&quot;:200,&quot;_animation&quot;:&quot;fadeInUp&quot;}\" data-widget_type=\"heading.default\">\n\t\t\t\t<div class=\"elementor-widget-container\">\n\t\t\t\t\t<h2 class=\"elementor-heading-title elementor-size-default\">\u00c0 propos de nous<\/h2>\t\t\t\t<\/div>\n\t\t\t\t<\/div>\n\t\t\t\t<div class=\"elementor-element elementor-element-c3542a2 exad-sticky-section-no exad-glass-effect-no elementor-widget elementor-widget-spacer\" data-id=\"c3542a2\" data-element_type=\"widget\" data-widget_type=\"spacer.default\">\n\t\t\t\t<div class=\"elementor-widget-container\">\n\t\t\t\t\t\t\t<div class=\"elementor-spacer\">\n\t\t\t<div class=\"elementor-spacer-inner\"><\/div>\n\t\t<\/div>\n\t\t\t\t\t\t<\/div>\n\t\t\t\t<\/div>\n\t\t\t\t<div class=\"elementor-element elementor-element-970b4f8 elementor-widget__width-initial bdt-icon-type-icon elementor-position-top bdt-icon-effect-none exad-sticky-section-no exad-glass-effect-no elementor-invisible elementor-widget elementor-widget-bdt-advanced-icon-box\" data-id=\"970b4f8\" data-element_type=\"widget\" data-settings=\"{&quot;_animation&quot;:&quot;fadeInUp&quot;,&quot;_animation_delay&quot;:400}\" data-widget_type=\"bdt-advanced-icon-box.default\">\n\t\t\t\t<div class=\"elementor-widget-container\">\n\t\t\t\t\t\t\t<div class=\"bdt-ep-advanced-icon-box\">\n\n\t\t\t\t\t\t\t\n\t\t\n\t\t\t\t\n\t\t\t<div class=\"bdt-ep-advanced-icon-box-content\">\n\n\t\t\t\t\t\t\t\t\t\n\t\t\t\t\t<h3 class=\"bdt-ep-advanced-icon-box-title\">\n\t\t\t\t<span >\n\t\t\t\t\tNotre mission\t\t\t\t<\/span>\n\t\t\t<\/h3>\n\t\t\n\n\t\t\n\t\t\t\t\t\n\t\t\t\t\n\t\t\t\t\t\t\t\t\t<div class=\"bdt-ep-advanced-icon-box-description\">\n\t\t\t\t\t\t<p>Le march\u00e9 Forex a depuis longtemps besoin d&rsquo;une r\u00e9volution. Rien ne nous ferait plus plaisir que d&rsquo;\u00eatre le catalyseur qui fait avancer cette r\u00e9volution. En offrant une solution modulaire compl\u00e8te pour les courtiers, Fair Trading Technology esp\u00e8re r\u00e9volutionner ce segment de l&rsquo;industrie et peut-\u00eatre l&rsquo;industrie dans son ensemble, en montrant aux gens qu&rsquo;il existe une mani\u00e8re juste et honn\u00eate de faire des affaires sur le march\u00e9 des changes sans compromettre la vitesse de Efficacit\u00e9.<\/p><p style=\"text-align: justify;\">Depuis sa sortie, nous avons continu\u00e9 \u00e0 faire \u00e9voluer le hub d&rsquo;int\u00e9gration T3 en ajoutant plus de contr\u00f4le et d&rsquo;options tout en am\u00e9liorant la vitesse et l&rsquo;ex\u00e9cution. Nous avons d\u00e9velopp\u00e9 un back-office innovant pour exploiter votre courtage Forex ainsi que pour donner \u00e0 vos commer\u00e7ants et partenaires l&rsquo;acc\u00e8s \u00e0 des fonctions vitales tout en permettant le libre-service.<\/p><p style=\"text-align: justify;\">Nous essayons constamment de trouver de nouvelles fa\u00e7ons de pousser notre technologie pour innover dans l&rsquo;industrie du Forex et promouvoir un march\u00e9 honn\u00eate et libre.<\/p>\t\t\t\t\t<\/div>\n\t\t\t\t\n\t\t\t\t\t\t\t<\/div>\n\t\t<\/div>\n\n\t\t\n\t\t\n\t\t\t\t<\/div>\n\t\t\t\t<\/div>\n\t\t\t\t<div class=\"elementor-element elementor-element-055edc7 exad-sticky-section-no exad-glass-effect-no elementor-widget elementor-widget-spacer\" data-id=\"055edc7\" data-element_type=\"widget\" data-widget_type=\"spacer.default\">\n\t\t\t\t<div class=\"elementor-widget-container\">\n\t\t\t\t\t\t\t<div class=\"elementor-spacer\">\n\t\t\t<div class=\"elementor-spacer-inner\"><\/div>\n\t\t<\/div>\n\t\t\t\t\t\t<\/div>\n\t\t\t\t<\/div>\n\t\t\t\t<div class=\"elementor-element elementor-element-d4a41dd elementor-widget__width-initial bdt-icon-type-icon elementor-position-top bdt-icon-effect-none exad-sticky-section-no exad-glass-effect-no elementor-invisible elementor-widget elementor-widget-bdt-advanced-icon-box\" data-id=\"d4a41dd\" data-element_type=\"widget\" data-settings=\"{&quot;_animation&quot;:&quot;fadeInUp&quot;,&quot;_animation_delay&quot;:400}\" data-widget_type=\"bdt-advanced-icon-box.default\">\n\t\t\t\t<div class=\"elementor-widget-container\">\n\t\t\t\t\t\t\t<div class=\"bdt-ep-advanced-icon-box\">\n\n\t\t\t\t\t\t\t\n\t\t\n\t\t\t\t\n\t\t\t<div class=\"bdt-ep-advanced-icon-box-content\">\n\n\t\t\t\t\t\t\t\t\t\n\t\t\t\t\t<h3 class=\"bdt-ep-advanced-icon-box-title\">\n\t\t\t\t<span >\n\t\t\t\t\tValeurs fondamentales\t\t\t\t<\/span>\n\t\t\t<\/h3>\n\t\t\n\n\t\t\n\t\t\t\t\t\n\t\t\t\t\n\t\t\t\t\t\t\t\t\t<div class=\"bdt-ep-advanced-icon-box-description\">\n\t\t\t\t\t\t<p style=\"text-align: left;\"><strong>Honn\u00eatet\u00e9. S\u00e9curit\u00e9. Innovation. Transparence.<\/strong><\/p>\nDepuis ses d\u00e9buts, ce sont les principes directeurs de Fair Trading Technology et ce qui, selon nous, devrait \u00eatre la base de toute l&rsquo;industrie du Forex. En tant que commer\u00e7ants nous-m\u00eames, nous avons vu des probl\u00e8mes dans la fa\u00e7on actuelle de faire les choses. Nous avons vu un excellent outil dans MetaTrader 4, mais nous avons \u00e9galement r\u00e9alis\u00e9 qu&rsquo;en l&rsquo;absence de transparence, les traders \u00e9taient incapables de dire si leurs ordres atteignaient r\u00e9ellement le march\u00e9 libre. Il \u00e9tait clair que ce qui manquait au march\u00e9 \u00e9tait un pont entre MetaTrader 4 et la vraie liquidit\u00e9. Lorsque nous avons commenc\u00e9 ce voyage, nous avons d\u00fb d\u00e9cider de l&rsquo;approche que nous allions adopter. Les approches conventionnelles ne fonctionneraient tout simplement pas, nous avons donc rejet\u00e9 toutes les notions sur le fonctionnement de cette industrie et con\u00e7u une solution qui fonctionne \u00e0 la fois pour les courtiers et les commer\u00e7ants. Nous voulions que les traders puissent n\u00e9gocier dans le meilleur environnement possible, en utilisant la plateforme de trading de leur choix, en donnant aux courtiers les outils pour pouvoir offrir exactement cela sans barri\u00e8res. C&rsquo;est la notion qui a cr\u00e9\u00e9 le hub d&rsquo;int\u00e9gration T3, la premi\u00e8re technologie \u00e0 offrir une solution MT4 \u00e0 ECN totalement transparente. Bien que nous ayons initialement d\u00e9velopp\u00e9 le pont pour un usage interne, nous avons rapidement r\u00e9alis\u00e9 que d&rsquo;autres commer\u00e7ants pourraient b\u00e9n\u00e9ficier \u00e0 la fois de l&rsquo;outil et des principes directeurs qui le sous-tendent.<\/p>\t\t\t\t\t<\/div>\n\t\t\t\t\n\t\t\t\t\t\t\t<\/div>\n\t\t<\/div>\n\n\t\t\n\t\t\n\t\t\t\t<\/div>\n\t\t\t\t<\/div>\n\t\t\t\t<div class=\"elementor-element elementor-element-7b66d67 exad-sticky-section-no exad-glass-effect-no elementor-widget elementor-widget-spacer\" data-id=\"7b66d67\" data-element_type=\"widget\" data-widget_type=\"spacer.default\">\n\t\t\t\t<div class=\"elementor-widget-container\">\n\t\t\t\t\t\t\t<div class=\"elementor-spacer\">\n\t\t\t<div class=\"elementor-spacer-inner\"><\/div>\n\t\t<\/div>\n\t\t\t\t\t\t<\/div>\n\t\t\t\t<\/div>\n\t\t\t\t<div class=\"elementor-element elementor-element-a30ec21 elementor-widget__width-initial bdt-icon-type-icon elementor-position-top bdt-icon-effect-none exad-sticky-section-no exad-glass-effect-no elementor-invisible elementor-widget elementor-widget-bdt-advanced-icon-box\" data-id=\"a30ec21\" data-element_type=\"widget\" data-settings=\"{&quot;_animation&quot;:&quot;fadeInUp&quot;,&quot;_animation_delay&quot;:400}\" data-widget_type=\"bdt-advanced-icon-box.default\">\n\t\t\t\t<div class=\"elementor-widget-container\">\n\t\t\t\t\t\t\t<div class=\"bdt-ep-advanced-icon-box\">\n\n\t\t\t\t\t\t\t\n\t\t\n\t\t\t\t\n\t\t\t<div class=\"bdt-ep-advanced-icon-box-content\">\n\n\t\t\t\t\t\t\t\t\t\n\t\t\t\t\t<h3 class=\"bdt-ep-advanced-icon-box-title\">\n\t\t\t\t<span >\n\t\t\t\t\tPhilosophie\t\t\t\t<\/span>\n\t\t\t<\/h3>\n\t\t\n\n\t\t\n\t\t\t\t\t\n\t\t\t\t\n\t\t\t\t\t\t\t\t\t<div class=\"bdt-ep-advanced-icon-box-description\">\n\t\t\t\t\t\t<div class=\"wpb_text_column wpb_content_element wpb_animate_when_almost_visible wpb_bottom-to-top bottom-to-top vc_custom_1534857429648 wpb_start_animation animated\"><div class=\"wpb_wrapper\"><p>R\u00e9volutionner l&rsquo;industrie des changes n&rsquo;est pas une mince affaire. Nous pensons que cela peut \u00eatre accompli sans force brute ni r\u00e9glementation, mais plut\u00f4t avec innovation et transparence. L&rsquo;utilisation d&rsquo;une approche honn\u00eate et de bon sens peut ouvrir la voie \u00e0 un march\u00e9 s\u00e9curis\u00e9 sans conflit d&rsquo;int\u00e9r\u00eats.<\/p><p>Fair Trading Technology veut travailler avec ceux qui partagent nos valeurs fondamentales pour promouvoir des synergies qui nous permettent d&rsquo;offrir \u00e0 nos clients une pens\u00e9e et une technologie de pointe. \u00catre un fournisseur de technologie ind\u00e9pendant qui est \u00e9galement un partenaire de confiance, dont le mod\u00e8le commercial est dans votre meilleur int\u00e9r\u00eat, en promouvant l&rsquo;honn\u00eatet\u00e9, la s\u00e9curit\u00e9, l&rsquo;innovation et la transparence. Monter la barre pour forcer les autres \u00e0 faire de m\u00eame.<\/p><p>En fin de compte, c&rsquo;est vraiment notre objectif : simplement relever la barre. Pour cr\u00e9er une nouvelle norme. \u00c9voluer.<\/p><\/div><\/div>\t\t\t\t\t<\/div>\n\t\t\t\t\n\t\t\t\t\t\t\t<\/div>\n\t\t<\/div>\n\n\t\t\n\t\t\n\t\t\t\t<\/div>\n\t\t\t\t<\/div>\n\t\t\t\t\t<\/div>\n\t\t<\/div>\n\t\t\t\t\t<\/div>\n\t\t<\/section>\n\t\t\t\t<\/div>\n\t\t","protected":false},"excerpt":{"rendered":"<p>DE LA C\u00d4TE OUEST DE LA SU\u00c8DE AUX CENTRES FINANCIERS DU MONDE \u00c0 propos de nous Notre mission Le march\u00e9 Forex a [&hellip;]<\/p>\n","protected":false},"author":1,"featured_media":0,"parent":0,"menu_order":0,"comment_status":"closed","ping_status":"closed","template":"","meta":{"_eb_attr":"","footnotes":""},"class_list":["post-17933","page","type-page","status-publish","hentry"],"yoast_head":"<!-- This site is optimized with the Yoast SEO plugin v24.4 - https:\/\/yoast.com\/wordpress\/plugins\/seo\/ -->\n<title>\u00c0 propos de nous - Fair Trading Technology<\/title>\n<meta name=\"robots\" content=\"index, follow, max-snippet:-1, max-image-preview:large, max-video-preview:-1\" \/>\n<link rel=\"canonical\" href=\"https:\/\/www.fairtradingtech.com\/fr\/a-propos-de-nous\" \/>\n<meta property=\"og:locale\" content=\"fr_FR\" \/>\n<meta property=\"og:type\" content=\"article\" \/>\n<meta property=\"og:title\" content=\"\u00c0 propos de nous - Fair Trading Technology\" \/>\n<meta property=\"og:description\" content=\"DE LA C\u00d4TE OUEST DE LA SU\u00c8DE AUX CENTRES FINANCIERS DU MONDE \u00c0 propos de nous Notre mission Le march\u00e9 Forex a [&hellip;]\" \/>\n<meta property=\"og:url\" content=\"https:\/\/www.fairtradingtech.com\/fr\/a-propos-de-nous\" \/>\n<meta property=\"og:site_name\" content=\"Fair Trading Technology\" \/>\n<meta property=\"article:publisher\" content=\"https:\/\/www.facebook.com\/FairTradingTech\" \/>\n<meta property=\"article:modified_time\" content=\"2023-02-08T16:16:12+00:00\" \/>\n<meta name=\"twitter:card\" content=\"summary_large_image\" \/>\n<meta name=\"twitter:site\" content=\"@FairTradingTech\" \/>\n<meta name=\"twitter:label1\" content=\"Dur\u00e9e de lecture estim\u00e9e\" \/>\n\t<meta name=\"twitter:data1\" content=\"3 minutes\" \/>\n<script type=\"application\/ld+json\" class=\"yoast-schema-graph\">{\"@context\":\"https:\/\/schema.org\",\"@graph\":[{\"@type\":\"WebPage\",\"@id\":\"https:\/\/www.fairtradingtech.com\/fr\/a-propos-de-nous\",\"url\":\"https:\/\/www.fairtradingtech.com\/fr\/a-propos-de-nous\",\"name\":\"\u00c0 propos de nous - Fair Trading Technology\",\"isPartOf\":{\"@id\":\"https:\/\/www.fairtradingtech.com\/fr#website\"},\"datePublished\":\"2021-06-03T12:58:31+00:00\",\"dateModified\":\"2023-02-08T16:16:12+00:00\",\"breadcrumb\":{\"@id\":\"https:\/\/www.fairtradingtech.com\/fr\/a-propos-de-nous#breadcrumb\"},\"inLanguage\":\"fr-FR\",\"potentialAction\":[{\"@type\":\"ReadAction\",\"target\":[\"https:\/\/www.fairtradingtech.com\/fr\/a-propos-de-nous\"]}]},{\"@type\":\"BreadcrumbList\",\"@id\":\"https:\/\/www.fairtradingtech.com\/fr\/a-propos-de-nous#breadcrumb\",\"itemListElement\":[{\"@type\":\"ListItem\",\"position\":1,\"name\":\"Home\",\"item\":\"https:\/\/www.fairtradingtech.com\/fr\"},{\"@type\":\"ListItem\",\"position\":2,\"name\":\"\u00c0 propos de nous\"}]},{\"@type\":\"WebSite\",\"@id\":\"https:\/\/www.fairtradingtech.com\/fr#website\",\"url\":\"https:\/\/www.fairtradingtech.com\/fr\",\"name\":\"Fair Trading Technology\",\"description\":\"Fintech Solutions Provider\",\"publisher\":{\"@id\":\"https:\/\/www.fairtradingtech.com\/fr#organization\"},\"alternateName\":\"FTT\",\"potentialAction\":[{\"@type\":\"SearchAction\",\"target\":{\"@type\":\"EntryPoint\",\"urlTemplate\":\"https:\/\/www.fairtradingtech.com\/fr?s={search_term_string}\"},\"query-input\":{\"@type\":\"PropertyValueSpecification\",\"valueRequired\":true,\"valueName\":\"search_term_string\"}}],\"inLanguage\":\"fr-FR\"},{\"@type\":\"Organization\",\"@id\":\"https:\/\/www.fairtradingtech.com\/fr#organization\",\"name\":\"Fair Trading Technology\",\"alternateName\":\"FTT\",\"url\":\"https:\/\/www.fairtradingtech.com\/fr\",\"logo\":{\"@type\":\"ImageObject\",\"inLanguage\":\"fr-FR\",\"@id\":\"https:\/\/www.fairtradingtech.com\/fr#\/schema\/logo\/image\/\",\"url\":\"https:\/\/www.fairtradingtech.com\/wp-content\/uploads\/2022\/03\/FTT.png\",\"contentUrl\":\"https:\/\/www.fairtradingtech.com\/wp-content\/uploads\/2022\/03\/FTT.png\",\"width\":353,\"height\":216,\"caption\":\"Fair Trading Technology\"},\"image\":{\"@id\":\"https:\/\/www.fairtradingtech.com\/fr#\/schema\/logo\/image\/\"},\"sameAs\":[\"https:\/\/www.facebook.com\/FairTradingTech\",\"https:\/\/x.com\/FairTradingTech\",\"https:\/\/www.linkedin.com\/company\/fairtradingtech\",\"https:\/\/www.instagram.com\/fairtradingtech\",\"https:\/\/www.youtube.com\/@FairTradingTech\"]}]}<\/script>\n<!-- \/ Yoast SEO plugin. -->","yoast_head_json":{"title":"\u00c0 propos de nous - Fair Trading Technology","robots":{"index":"index","follow":"follow","max-snippet":"max-snippet:-1","max-image-preview":"max-image-preview:large","max-video-preview":"max-video-preview:-1"},"canonical":"https:\/\/www.fairtradingtech.com\/fr\/a-propos-de-nous","og_locale":"fr_FR","og_type":"article","og_title":"\u00c0 propos de nous - Fair Trading Technology","og_description":"DE LA C\u00d4TE OUEST DE LA SU\u00c8DE AUX CENTRES FINANCIERS DU MONDE \u00c0 propos de nous Notre mission Le march\u00e9 Forex a [&hellip;]","og_url":"https:\/\/www.fairtradingtech.com\/fr\/a-propos-de-nous","og_site_name":"Fair Trading Technology","article_publisher":"https:\/\/www.facebook.com\/FairTradingTech","article_modified_time":"2023-02-08T16:16:12+00:00","twitter_card":"summary_large_image","twitter_site":"@FairTradingTech","twitter_misc":{"Dur\u00e9e de lecture estim\u00e9e":"3 minutes"},"schema":{"@context":"https:\/\/schema.org","@graph":[{"@type":"WebPage","@id":"https:\/\/www.fairtradingtech.com\/fr\/a-propos-de-nous","url":"https:\/\/www.fairtradingtech.com\/fr\/a-propos-de-nous","name":"\u00c0 propos de nous - Fair Trading Technology","isPartOf":{"@id":"https:\/\/www.fairtradingtech.com\/fr#website"},"datePublished":"2021-06-03T12:58:31+00:00","dateModified":"2023-02-08T16:16:12+00:00","breadcrumb":{"@id":"https:\/\/www.fairtradingtech.com\/fr\/a-propos-de-nous#breadcrumb"},"inLanguage":"fr-FR","potentialAction":[{"@type":"ReadAction","target":["https:\/\/www.fairtradingtech.com\/fr\/a-propos-de-nous"]}]},{"@type":"BreadcrumbList","@id":"https:\/\/www.fairtradingtech.com\/fr\/a-propos-de-nous#breadcrumb","itemListElement":[{"@type":"ListItem","position":1,"name":"Home","item":"https:\/\/www.fairtradingtech.com\/fr"},{"@type":"ListItem","position":2,"name":"\u00c0 propos de nous"}]},{"@type":"WebSite","@id":"https:\/\/www.fairtradingtech.com\/fr#website","url":"https:\/\/www.fairtradingtech.com\/fr","name":"Fair Trading Technology","description":"Fintech Solutions Provider","publisher":{"@id":"https:\/\/www.fairtradingtech.com\/fr#organization"},"alternateName":"FTT","potentialAction":[{"@type":"SearchAction","target":{"@type":"EntryPoint","urlTemplate":"https:\/\/www.fairtradingtech.com\/fr?s={search_term_string}"},"query-input":{"@type":"PropertyValueSpecification","valueRequired":true,"valueName":"search_term_string"}}],"inLanguage":"fr-FR"},{"@type":"Organization","@id":"https:\/\/www.fairtradingtech.com\/fr#organization","name":"Fair Trading Technology","alternateName":"FTT","url":"https:\/\/www.fairtradingtech.com\/fr","logo":{"@type":"ImageObject","inLanguage":"fr-FR","@id":"https:\/\/www.fairtradingtech.com\/fr#\/schema\/logo\/image\/","url":"https:\/\/www.fairtradingtech.com\/wp-content\/uploads\/2022\/03\/FTT.png","contentUrl":"https:\/\/www.fairtradingtech.com\/wp-content\/uploads\/2022\/03\/FTT.png","width":353,"height":216,"caption":"Fair Trading Technology"},"image":{"@id":"https:\/\/www.fairtradingtech.com\/fr#\/schema\/logo\/image\/"},"sameAs":["https:\/\/www.facebook.com\/FairTradingTech","https:\/\/x.com\/FairTradingTech","https:\/\/www.linkedin.com\/company\/fairtradingtech","https:\/\/www.instagram.com\/fairtradingtech","https:\/\/www.youtube.com\/@FairTradingTech"]}]}},"_links":{"self":[{"href":"https:\/\/www.fairtradingtech.com\/fr\/wp-json\/wp\/v2\/pages\/17933","targetHints":{"allow":["GET"]}}],"collection":[{"href":"https:\/\/www.fairtradingtech.com\/fr\/wp-json\/wp\/v2\/pages"}],"about":[{"href":"https:\/\/www.fairtradingtech.com\/fr\/wp-json\/wp\/v2\/types\/page"}],"author":[{"embeddable":true,"href":"https:\/\/www.fairtradingtech.com\/fr\/wp-json\/wp\/v2\/users\/1"}],"replies":[{"embeddable":true,"href":"https:\/\/www.fairtradingtech.com\/fr\/wp-json\/wp\/v2\/comments?post=17933"}],"version-history":[{"count":5,"href":"https:\/\/www.fairtradingtech.com\/fr\/wp-json\/wp\/v2\/pages\/17933\/revisions"}],"predecessor-version":[{"id":26329,"href":"https:\/\/www.fairtradingtech.com\/fr\/wp-json\/wp\/v2\/pages\/17933\/revisions\/26329"}],"wp:attachment":[{"href":"https:\/\/www.fairtradingtech.com\/fr\/wp-json\/wp\/v2\/media?parent=17933"}],"curies":[{"name":"wp","href":"https:\/\/api.w.org\/{rel}","templated":true}]}}