{"id":18047,"date":"2021-09-09T13:44:20","date_gmt":"2021-09-09T11:44:20","guid":{"rendered":"https:\/\/fairtradingtech.com\/seguridad-del-sitio-web\/"},"modified":"2024-02-13T09:19:04","modified_gmt":"2024-02-13T08:19:04","slug":"seguridad-del-sitio-web","status":"publish","type":"page","link":"https:\/\/www.fairtradingtech.com\/es\/seguridad-del-sitio-web","title":{"rendered":"Seguridad del sitio web"},"content":{"rendered":"\t\t<div data-elementor-type=\"wp-page\" data-elementor-id=\"18047\" class=\"elementor elementor-18047 elementor-718\">\n\t\t\t\t\t\t<section class=\"has_eae_slider elementor-section elementor-top-section elementor-element elementor-element-4d6f3fa elementor-section-boxed elementor-section-height-default elementor-section-height-default exad-glass-effect-no exad-sticky-section-no\" data-id=\"4d6f3fa\" data-element_type=\"section\">\n\t\t\t\t\t\t<div class=\"elementor-container elementor-column-gap-default\">\n\t\t\t\t\t<div class=\"has_eae_slider elementor-column elementor-col-100 elementor-top-column elementor-element elementor-element-0da10c6 exad-glass-effect-no exad-sticky-section-no\" data-id=\"0da10c6\" data-element_type=\"column\">\n\t\t\t<div class=\"elementor-widget-wrap elementor-element-populated\">\n\t\t\t\t\t\t<div class=\"elementor-element elementor-element-d135876 exad-sticky-section-no exad-glass-effect-no elementor-invisible elementor-widget elementor-widget-heading\" data-id=\"d135876\" data-element_type=\"widget\" data-settings=\"{&quot;_animation&quot;:&quot;fadeInUp&quot;,&quot;_animation_delay&quot;:200}\" data-widget_type=\"heading.default\">\n\t\t\t\t<div class=\"elementor-widget-container\">\n\t\t\t\t\t<h2 class=\"elementor-heading-title elementor-size-default\">Seguridad del sitio web<\/h2>\t\t\t\t<\/div>\n\t\t\t\t<\/div>\n\t\t\t\t<div class=\"elementor-element elementor-element-2a853cb exad-sticky-section-no exad-glass-effect-no elementor-widget elementor-widget-spacer\" data-id=\"2a853cb\" data-element_type=\"widget\" data-widget_type=\"spacer.default\">\n\t\t\t\t<div class=\"elementor-widget-container\">\n\t\t\t\t\t\t\t<div class=\"elementor-spacer\">\n\t\t\t<div class=\"elementor-spacer-inner\"><\/div>\n\t\t<\/div>\n\t\t\t\t\t\t<\/div>\n\t\t\t\t<\/div>\n\t\t\t\t<div class=\"elementor-element elementor-element-67498d4 exad-sticky-section-no exad-glass-effect-no elementor-invisible elementor-widget elementor-widget-text-editor\" data-id=\"67498d4\" data-element_type=\"widget\" data-settings=\"{&quot;_animation&quot;:&quot;fadeInUp&quot;,&quot;_animation_delay&quot;:400}\" data-widget_type=\"text-editor.default\">\n\t\t\t\t<div class=\"elementor-widget-container\">\n\t\t\t\t\t\t\t\t\t<div class=\"wpb_text_column wpb_content_element vc_custom_1538049593094\"><div class=\"wpb_wrapper\"><div class=\"wpb_text_column wpb_content_element wpb_animate_when_almost_visible wpb_bottom-to-top bottom-to-top vc_custom_1534936626783 wpb_start_animation animated\"><div class=\"wpb_wrapper\"><div class=\"wpb_text_column wpb_content_element wpb_animate_when_almost_visible wpb_bottom-to-top bottom-to-top vc_custom_1534936483149 wpb_start_animation animated\"><div class=\"wpb_wrapper\">FTT Sweden AB utiliza programas de software para monitorear este sitio web con fines de seguridad para garantizar que permanezca disponible para todos los usuarios y para proteger la informaci\u00f3n en el sistema. Al acceder a este sitio web, usted est\u00e1 dando su consentimiento expreso para estas actividades de seguimiento. Intentos no autorizados de anular o eludir las funciones de seguridad; utilizar el sistema para fines distintos a los previstos; negar el servicio a los usuarios autorizados; acceder, obtener, alterar, da\u00f1ar o destruir informaci\u00f3n; o de otra manera para interferir con el sistema o su funcionamiento est\u00e1n prohibidos. Las pruebas de tales actos pueden revelarse a las autoridades encargadas de hacer cumplir la ley y dar lugar a un proceso penal.<\/div><\/div><\/div><\/div><\/div><\/div>\t\t\t\t\t\t\t\t<\/div>\n\t\t\t\t<\/div>\n\t\t\t\t<div class=\"elementor-element elementor-element-eaa2fb5 exad-sticky-section-no exad-glass-effect-no elementor-invisible elementor-widget elementor-widget-text-editor\" data-id=\"eaa2fb5\" data-element_type=\"widget\" data-settings=\"{&quot;_animation&quot;:&quot;fadeInUp&quot;,&quot;_animation_delay&quot;:400}\" data-widget_type=\"text-editor.default\">\n\t\t\t\t<div class=\"elementor-widget-container\">\n\t\t\t\t\t\t\t\t\t<div class=\"wpb_text_column wpb_content_element vc_custom_1538049593094\"><div class=\"wpb_wrapper\"><div class=\"wpb_text_column wpb_content_element wpb_animate_when_almost_visible wpb_bottom-to-top bottom-to-top vc_custom_1534936626783 wpb_start_animation animated\"><div class=\"wpb_wrapper\"><div class=\"wpb_text_column wpb_content_element wpb_animate_when_almost_visible wpb_bottom-to-top bottom-to-top vc_custom_1534936483149 wpb_start_animation animated\"><div class=\"wpb_wrapper\"><p>Nos tomamos las quejas en serio ya que todos y cada uno de nuestros clientes son importantes para nosotros. Creemos que usted tiene derecho a un servicio justo, r\u00e1pido y cort\u00e9s en todo momento. Las quejas se pueden presentar de forma gratuita de forma oral, escrita o electr\u00f3nica a la direcci\u00f3n que figura a continuaci\u00f3n o a nuestros otros datos de contacto, a los que se puede acceder en la p\u00e1gina <a href=\"https:\/\/www.fairtradingtech.com\/contact\" target=\"_blank\" rel=\"noopener\">https:\/\/www.fairtradingtech.com\/contact<\/a> en versi\u00f3n en ingl\u00e9s.<\/p><p><strong>FTT Sweden AB<\/strong><br \/><strong>Kungsgatan 11<\/strong><br \/><strong>451 30 Uddevalla<\/strong><br \/><strong>Sweden<\/strong><\/p><p>La Comisi\u00f3n Europea proporciona una plataforma para la resoluci\u00f3n de disputas en l\u00ednea para consumidores que residen en la UE (de conformidad con el art\u00edculo 14 (1) del Reglamento ODR) en <a href=\"https:\/\/ec.europa.eu\/consumers\/odr\/main\/index.cfm?event=main.home2.show&amp;lng=EN\" target=\"_blank\" rel=\"noopener\">https:\/\/ec.europa.eu\/consumers\/odr<\/a>. FTT Sweden AB no participa en la resoluci\u00f3n de disputas en l\u00ednea.<\/p><\/div><\/div><\/div><\/div><\/div><\/div>\t\t\t\t\t\t\t\t<\/div>\n\t\t\t\t<\/div>\n\t\t\t\t<div class=\"elementor-element elementor-element-4ce4263 exad-sticky-section-no exad-glass-effect-no elementor-widget elementor-widget-spacer\" data-id=\"4ce4263\" data-element_type=\"widget\" data-widget_type=\"spacer.default\">\n\t\t\t\t<div class=\"elementor-widget-container\">\n\t\t\t\t\t\t\t<div class=\"elementor-spacer\">\n\t\t\t<div class=\"elementor-spacer-inner\"><\/div>\n\t\t<\/div>\n\t\t\t\t\t\t<\/div>\n\t\t\t\t<\/div>\n\t\t\t\t\t<\/div>\n\t\t<\/div>\n\t\t\t\t\t<\/div>\n\t\t<\/section>\n\t\t\t\t<\/div>\n\t\t","protected":false},"excerpt":{"rendered":"<p>Seguridad del sitio web FTT Sweden AB utiliza programas de software para monitorear este sitio web con fines de seguridad para garantizar [&hellip;]<\/p>\n","protected":false},"author":1,"featured_media":0,"parent":0,"menu_order":0,"comment_status":"closed","ping_status":"closed","template":"","meta":{"_eb_attr":"","footnotes":""},"class_list":["post-18047","page","type-page","status-publish","hentry"],"yoast_head":"<!-- This site is optimized with the Yoast SEO plugin v24.4 - https:\/\/yoast.com\/wordpress\/plugins\/seo\/ -->\n<title>Seguridad del sitio web - Fair Trading Technology<\/title>\n<meta name=\"robots\" content=\"index, follow, max-snippet:-1, max-image-preview:large, max-video-preview:-1\" \/>\n<link rel=\"canonical\" href=\"https:\/\/www.fairtradingtech.com\/es\/seguridad-del-sitio-web\" \/>\n<meta property=\"og:locale\" content=\"es_ES\" \/>\n<meta property=\"og:type\" content=\"article\" \/>\n<meta property=\"og:title\" content=\"Seguridad del sitio web - Fair Trading Technology\" \/>\n<meta property=\"og:description\" content=\"Seguridad del sitio web FTT Sweden AB utiliza programas de software para monitorear este sitio web con fines de seguridad para garantizar [&hellip;]\" \/>\n<meta property=\"og:url\" content=\"https:\/\/www.fairtradingtech.com\/es\/seguridad-del-sitio-web\" \/>\n<meta property=\"og:site_name\" content=\"Fair Trading Technology\" \/>\n<meta property=\"article:publisher\" content=\"https:\/\/www.facebook.com\/FairTradingTech\" \/>\n<meta property=\"article:modified_time\" content=\"2024-02-13T08:19:04+00:00\" \/>\n<meta name=\"twitter:card\" content=\"summary_large_image\" \/>\n<meta name=\"twitter:site\" content=\"@FairTradingTech\" \/>\n<meta name=\"twitter:label1\" content=\"Tiempo de lectura\" \/>\n\t<meta name=\"twitter:data1\" content=\"2 minutos\" \/>\n<script type=\"application\/ld+json\" class=\"yoast-schema-graph\">{\"@context\":\"https:\/\/schema.org\",\"@graph\":[{\"@type\":\"WebPage\",\"@id\":\"https:\/\/www.fairtradingtech.com\/es\/seguridad-del-sitio-web\",\"url\":\"https:\/\/www.fairtradingtech.com\/es\/seguridad-del-sitio-web\",\"name\":\"Seguridad del sitio web - Fair Trading Technology\",\"isPartOf\":{\"@id\":\"https:\/\/www.fairtradingtech.com\/es#website\"},\"datePublished\":\"2021-09-09T11:44:20+00:00\",\"dateModified\":\"2024-02-13T08:19:04+00:00\",\"breadcrumb\":{\"@id\":\"https:\/\/www.fairtradingtech.com\/es\/seguridad-del-sitio-web#breadcrumb\"},\"inLanguage\":\"es\",\"potentialAction\":[{\"@type\":\"ReadAction\",\"target\":[\"https:\/\/www.fairtradingtech.com\/es\/seguridad-del-sitio-web\"]}]},{\"@type\":\"BreadcrumbList\",\"@id\":\"https:\/\/www.fairtradingtech.com\/es\/seguridad-del-sitio-web#breadcrumb\",\"itemListElement\":[{\"@type\":\"ListItem\",\"position\":1,\"name\":\"Home\",\"item\":\"https:\/\/www.fairtradingtech.com\/es\"},{\"@type\":\"ListItem\",\"position\":2,\"name\":\"Seguridad del sitio web\"}]},{\"@type\":\"WebSite\",\"@id\":\"https:\/\/www.fairtradingtech.com\/es#website\",\"url\":\"https:\/\/www.fairtradingtech.com\/es\",\"name\":\"Fair Trading Technology\",\"description\":\"Fintech Solutions Provider\",\"publisher\":{\"@id\":\"https:\/\/www.fairtradingtech.com\/es#organization\"},\"alternateName\":\"FTT\",\"potentialAction\":[{\"@type\":\"SearchAction\",\"target\":{\"@type\":\"EntryPoint\",\"urlTemplate\":\"https:\/\/www.fairtradingtech.com\/es?s={search_term_string}\"},\"query-input\":{\"@type\":\"PropertyValueSpecification\",\"valueRequired\":true,\"valueName\":\"search_term_string\"}}],\"inLanguage\":\"es\"},{\"@type\":\"Organization\",\"@id\":\"https:\/\/www.fairtradingtech.com\/es#organization\",\"name\":\"Fair Trading Technology\",\"alternateName\":\"FTT\",\"url\":\"https:\/\/www.fairtradingtech.com\/es\",\"logo\":{\"@type\":\"ImageObject\",\"inLanguage\":\"es\",\"@id\":\"https:\/\/www.fairtradingtech.com\/es#\/schema\/logo\/image\/\",\"url\":\"https:\/\/www.fairtradingtech.com\/wp-content\/uploads\/2022\/03\/FTT.png\",\"contentUrl\":\"https:\/\/www.fairtradingtech.com\/wp-content\/uploads\/2022\/03\/FTT.png\",\"width\":353,\"height\":216,\"caption\":\"Fair Trading Technology\"},\"image\":{\"@id\":\"https:\/\/www.fairtradingtech.com\/es#\/schema\/logo\/image\/\"},\"sameAs\":[\"https:\/\/www.facebook.com\/FairTradingTech\",\"https:\/\/x.com\/FairTradingTech\",\"https:\/\/www.linkedin.com\/company\/fairtradingtech\",\"https:\/\/www.instagram.com\/fairtradingtech\",\"https:\/\/www.youtube.com\/@FairTradingTech\"]}]}<\/script>\n<!-- \/ Yoast SEO plugin. -->","yoast_head_json":{"title":"Seguridad del sitio web - Fair Trading Technology","robots":{"index":"index","follow":"follow","max-snippet":"max-snippet:-1","max-image-preview":"max-image-preview:large","max-video-preview":"max-video-preview:-1"},"canonical":"https:\/\/www.fairtradingtech.com\/es\/seguridad-del-sitio-web","og_locale":"es_ES","og_type":"article","og_title":"Seguridad del sitio web - Fair Trading Technology","og_description":"Seguridad del sitio web FTT Sweden AB utiliza programas de software para monitorear este sitio web con fines de seguridad para garantizar [&hellip;]","og_url":"https:\/\/www.fairtradingtech.com\/es\/seguridad-del-sitio-web","og_site_name":"Fair Trading Technology","article_publisher":"https:\/\/www.facebook.com\/FairTradingTech","article_modified_time":"2024-02-13T08:19:04+00:00","twitter_card":"summary_large_image","twitter_site":"@FairTradingTech","twitter_misc":{"Tiempo de lectura":"2 minutos"},"schema":{"@context":"https:\/\/schema.org","@graph":[{"@type":"WebPage","@id":"https:\/\/www.fairtradingtech.com\/es\/seguridad-del-sitio-web","url":"https:\/\/www.fairtradingtech.com\/es\/seguridad-del-sitio-web","name":"Seguridad del sitio web - Fair Trading Technology","isPartOf":{"@id":"https:\/\/www.fairtradingtech.com\/es#website"},"datePublished":"2021-09-09T11:44:20+00:00","dateModified":"2024-02-13T08:19:04+00:00","breadcrumb":{"@id":"https:\/\/www.fairtradingtech.com\/es\/seguridad-del-sitio-web#breadcrumb"},"inLanguage":"es","potentialAction":[{"@type":"ReadAction","target":["https:\/\/www.fairtradingtech.com\/es\/seguridad-del-sitio-web"]}]},{"@type":"BreadcrumbList","@id":"https:\/\/www.fairtradingtech.com\/es\/seguridad-del-sitio-web#breadcrumb","itemListElement":[{"@type":"ListItem","position":1,"name":"Home","item":"https:\/\/www.fairtradingtech.com\/es"},{"@type":"ListItem","position":2,"name":"Seguridad del sitio web"}]},{"@type":"WebSite","@id":"https:\/\/www.fairtradingtech.com\/es#website","url":"https:\/\/www.fairtradingtech.com\/es","name":"Fair Trading Technology","description":"Fintech Solutions Provider","publisher":{"@id":"https:\/\/www.fairtradingtech.com\/es#organization"},"alternateName":"FTT","potentialAction":[{"@type":"SearchAction","target":{"@type":"EntryPoint","urlTemplate":"https:\/\/www.fairtradingtech.com\/es?s={search_term_string}"},"query-input":{"@type":"PropertyValueSpecification","valueRequired":true,"valueName":"search_term_string"}}],"inLanguage":"es"},{"@type":"Organization","@id":"https:\/\/www.fairtradingtech.com\/es#organization","name":"Fair Trading Technology","alternateName":"FTT","url":"https:\/\/www.fairtradingtech.com\/es","logo":{"@type":"ImageObject","inLanguage":"es","@id":"https:\/\/www.fairtradingtech.com\/es#\/schema\/logo\/image\/","url":"https:\/\/www.fairtradingtech.com\/wp-content\/uploads\/2022\/03\/FTT.png","contentUrl":"https:\/\/www.fairtradingtech.com\/wp-content\/uploads\/2022\/03\/FTT.png","width":353,"height":216,"caption":"Fair Trading Technology"},"image":{"@id":"https:\/\/www.fairtradingtech.com\/es#\/schema\/logo\/image\/"},"sameAs":["https:\/\/www.facebook.com\/FairTradingTech","https:\/\/x.com\/FairTradingTech","https:\/\/www.linkedin.com\/company\/fairtradingtech","https:\/\/www.instagram.com\/fairtradingtech","https:\/\/www.youtube.com\/@FairTradingTech"]}]}},"_links":{"self":[{"href":"https:\/\/www.fairtradingtech.com\/es\/wp-json\/wp\/v2\/pages\/18047","targetHints":{"allow":["GET"]}}],"collection":[{"href":"https:\/\/www.fairtradingtech.com\/es\/wp-json\/wp\/v2\/pages"}],"about":[{"href":"https:\/\/www.fairtradingtech.com\/es\/wp-json\/wp\/v2\/types\/page"}],"author":[{"embeddable":true,"href":"https:\/\/www.fairtradingtech.com\/es\/wp-json\/wp\/v2\/users\/1"}],"replies":[{"embeddable":true,"href":"https:\/\/www.fairtradingtech.com\/es\/wp-json\/wp\/v2\/comments?post=18047"}],"version-history":[{"count":5,"href":"https:\/\/www.fairtradingtech.com\/es\/wp-json\/wp\/v2\/pages\/18047\/revisions"}],"predecessor-version":[{"id":34669,"href":"https:\/\/www.fairtradingtech.com\/es\/wp-json\/wp\/v2\/pages\/18047\/revisions\/34669"}],"wp:attachment":[{"href":"https:\/\/www.fairtradingtech.com\/es\/wp-json\/wp\/v2\/media?parent=18047"}],"curies":[{"name":"wp","href":"https:\/\/api.w.org\/{rel}","templated":true}]}}