{"id":18026,"date":"2021-09-09T13:40:53","date_gmt":"2021-09-09T11:40:53","guid":{"rendered":"https:\/\/fairtradingtech.com\/politica-de-privacidad\/"},"modified":"2023-03-23T10:12:12","modified_gmt":"2023-03-23T09:12:12","slug":"politica-de-privacidad","status":"publish","type":"page","link":"https:\/\/www.fairtradingtech.com\/es\/politica-de-privacidad","title":{"rendered":"Pol\u00edtica de privacidad"},"content":{"rendered":"\t\t<div data-elementor-type=\"wp-page\" data-elementor-id=\"18026\" class=\"elementor elementor-18026 elementor-713\">\n\t\t\t\t\t\t<section class=\"has_eae_slider elementor-section elementor-top-section elementor-element elementor-element-4d6f3fa elementor-section-boxed elementor-section-height-default elementor-section-height-default exad-glass-effect-no exad-sticky-section-no\" data-id=\"4d6f3fa\" data-element_type=\"section\">\n\t\t\t\t\t\t<div class=\"elementor-container elementor-column-gap-default\">\n\t\t\t\t\t<div class=\"has_eae_slider elementor-column elementor-col-100 elementor-top-column elementor-element elementor-element-0da10c6 exad-glass-effect-no exad-sticky-section-no\" data-id=\"0da10c6\" data-element_type=\"column\">\n\t\t\t<div class=\"elementor-widget-wrap elementor-element-populated\">\n\t\t\t\t\t\t<div class=\"elementor-element elementor-element-d135876 exad-sticky-section-no exad-glass-effect-no elementor-invisible elementor-widget elementor-widget-heading\" data-id=\"d135876\" data-element_type=\"widget\" data-settings=\"{&quot;_animation&quot;:&quot;fadeInUp&quot;,&quot;_animation_delay&quot;:200}\" data-widget_type=\"heading.default\">\n\t\t\t\t<div class=\"elementor-widget-container\">\n\t\t\t\t\t<h2 class=\"elementor-heading-title elementor-size-default\">Pol\u00edtica de privacidad<\/h2>\t\t\t\t<\/div>\n\t\t\t\t<\/div>\n\t\t\t\t<div class=\"elementor-element elementor-element-2a853cb exad-sticky-section-no exad-glass-effect-no elementor-widget elementor-widget-spacer\" data-id=\"2a853cb\" data-element_type=\"widget\" data-widget_type=\"spacer.default\">\n\t\t\t\t<div class=\"elementor-widget-container\">\n\t\t\t\t\t\t\t<div class=\"elementor-spacer\">\n\t\t\t<div class=\"elementor-spacer-inner\"><\/div>\n\t\t<\/div>\n\t\t\t\t\t\t<\/div>\n\t\t\t\t<\/div>\n\t\t\t\t<div class=\"elementor-element elementor-element-67498d4 exad-sticky-section-no exad-glass-effect-no elementor-invisible elementor-widget elementor-widget-text-editor\" data-id=\"67498d4\" data-element_type=\"widget\" data-settings=\"{&quot;_animation&quot;:&quot;fadeInUp&quot;,&quot;_animation_delay&quot;:400}\" data-widget_type=\"text-editor.default\">\n\t\t\t\t<div class=\"elementor-widget-container\">\n\t\t\t\t\t\t\t\t\t<div><div><div><div><div><div><p>Nuestra pol\u00edtica de privacidad pretende describir c\u00f3mo FTT Sweden AB maneja la informaci\u00f3n que obtenemos sobre usted cuando visita nuestro sitio web. La informaci\u00f3n que recibimos depende de c\u00f3mo utilice el sitio web. No es necesario que nos proporcione informaci\u00f3n personal para visitar nuestro sitio web.<\/p><p>Si visita el sitio web de FTT Sweden AB en www.fairtradingtech.com para leer o descargar informaci\u00f3n, como comunicados de prensa o publicaciones, recopilaremos y almacenaremos la siguiente informaci\u00f3n:<\/p><ul><li>el nombre del dominio (la m\u00e1quina o el sitio web) desde el que accede a Internet (por ejemplo, aol.com si se conecta desde una cuenta de America Online) y\/o el nombre y la direcci\u00f3n de Protocolo de Internet (IP) del servidor al que accede. est\u00e1 utilizando para acceder a nuestro sitio web;<\/li><li>el nombre y la direcci\u00f3n IP del servidor que recibi\u00f3 y registr\u00f3 la solicitud;<\/li><li>la fecha y hora en que se recibi\u00f3 la solicitud;<\/li><li>la informaci\u00f3n a la que accede (por ejemplo, qu\u00e9 p\u00e1gina o imagen elige leer o descargar);<\/li><li>el nombre y la versi\u00f3n del navegador web utilizado para acceder a la p\u00e1gina web.<br \/>Usamos la informaci\u00f3n recopilada para medir la cantidad de visitantes a las diferentes secciones de nuestro sitio web y para ayudarnos a hacer que el sitio web sea m\u00e1s \u00fatil para nuestros visitantes. Las \u00abcookies\u00bb son peque\u00f1os fragmentos de texto que se utilizan durante una sesi\u00f3n (\u00abcookies de sesi\u00f3n\u00bb) o se guardan en el disco duro de un usuario para identificar a ese usuario, o informaci\u00f3n sobre ese usuario, la pr\u00f3xima vez que el usuario inicie sesi\u00f3n. en el sitio web (\u00abcookies persistentes\u00bb). FTT Sweden AB no utiliza cookies persistentes.<\/li><\/ul><\/div><div><p>FTT utiliza tecnolog\u00eda de cookies en nuestro sitio web para personalizar el contenido y los anuncios, proporcionar funciones de redes sociales y analizar nuestro tr\u00e1fico. Si completa un formulario, env\u00eda un comentario o una entrada sobre un proceso de redacci\u00f3n de reglas, o env\u00eda un correo electr\u00f3nico a FTT Sweden AB, puede elegir enviarnos informaci\u00f3n que lo identifique personalmente. En general, dicha informaci\u00f3n se utiliza para responder a su solicitud; puede tener otros usos que se identifican en cada formulario. Los formularios pueden contener informaci\u00f3n que el personal conectado a FTT Sweden AB utiliza para rastrear y responder a su solicitud. Dicha informaci\u00f3n puede compartirse con otras agencias de aplicaci\u00f3n de la ley cuando corresponda.<br \/><br \/>Si tiene preguntas sobre la pol\u00edtica de privacidad y las pr\u00e1cticas de informaci\u00f3n de FTT Sweden AB, puede enviarnos un correo electr\u00f3nico a <a href=\"mailto:info@fairtradingtech.com\">info@fairtradingtech.com<\/a>. Esta direcci\u00f3n electr\u00f3nica esta protegida contra spambots. Necesita activar JavaScript para poder verla.<\/p><\/div><\/div><\/div><\/div><\/div><\/div>\t\t\t\t\t\t\t\t<\/div>\n\t\t\t\t<\/div>\n\t\t\t\t\t<\/div>\n\t\t<\/div>\n\t\t\t\t\t<\/div>\n\t\t<\/section>\n\t\t\t\t<\/div>\n\t\t","protected":false},"excerpt":{"rendered":"<p>Pol\u00edtica de privacidad Nuestra pol\u00edtica de privacidad pretende describir c\u00f3mo FTT Sweden AB maneja la informaci\u00f3n que obtenemos sobre usted cuando visita [&hellip;]<\/p>\n","protected":false},"author":1,"featured_media":0,"parent":0,"menu_order":0,"comment_status":"closed","ping_status":"closed","template":"","meta":{"_eb_attr":"","footnotes":""},"class_list":["post-18026","page","type-page","status-publish","hentry"],"yoast_head":"<!-- This site is optimized with the Yoast SEO plugin v24.4 - https:\/\/yoast.com\/wordpress\/plugins\/seo\/ -->\n<title>Pol\u00edtica de privacidad - Fair Trading Technology<\/title>\n<meta name=\"robots\" content=\"index, follow, max-snippet:-1, max-image-preview:large, max-video-preview:-1\" \/>\n<link rel=\"canonical\" href=\"https:\/\/www.fairtradingtech.com\/es\/politica-de-privacidad\" \/>\n<meta property=\"og:locale\" content=\"es_ES\" \/>\n<meta property=\"og:type\" content=\"article\" \/>\n<meta property=\"og:title\" content=\"Pol\u00edtica de privacidad - Fair Trading Technology\" \/>\n<meta property=\"og:description\" content=\"Pol\u00edtica de privacidad Nuestra pol\u00edtica de privacidad pretende describir c\u00f3mo FTT Sweden AB maneja la informaci\u00f3n que obtenemos sobre usted cuando visita [&hellip;]\" \/>\n<meta property=\"og:url\" content=\"https:\/\/www.fairtradingtech.com\/es\/politica-de-privacidad\" \/>\n<meta property=\"og:site_name\" content=\"Fair Trading Technology\" \/>\n<meta property=\"article:publisher\" content=\"https:\/\/www.facebook.com\/FairTradingTech\" \/>\n<meta property=\"article:modified_time\" content=\"2023-03-23T09:12:12+00:00\" \/>\n<meta name=\"twitter:card\" content=\"summary_large_image\" \/>\n<meta name=\"twitter:site\" content=\"@FairTradingTech\" \/>\n<meta name=\"twitter:label1\" content=\"Tiempo de lectura\" \/>\n\t<meta name=\"twitter:data1\" content=\"2 minutos\" \/>\n<script type=\"application\/ld+json\" class=\"yoast-schema-graph\">{\"@context\":\"https:\/\/schema.org\",\"@graph\":[{\"@type\":\"WebPage\",\"@id\":\"https:\/\/www.fairtradingtech.com\/es\/politica-de-privacidad\",\"url\":\"https:\/\/www.fairtradingtech.com\/es\/politica-de-privacidad\",\"name\":\"Pol\u00edtica de privacidad - Fair Trading Technology\",\"isPartOf\":{\"@id\":\"https:\/\/www.fairtradingtech.com\/es#website\"},\"datePublished\":\"2021-09-09T11:40:53+00:00\",\"dateModified\":\"2023-03-23T09:12:12+00:00\",\"breadcrumb\":{\"@id\":\"https:\/\/www.fairtradingtech.com\/es\/politica-de-privacidad#breadcrumb\"},\"inLanguage\":\"es\",\"potentialAction\":[{\"@type\":\"ReadAction\",\"target\":[\"https:\/\/www.fairtradingtech.com\/es\/politica-de-privacidad\"]}]},{\"@type\":\"BreadcrumbList\",\"@id\":\"https:\/\/www.fairtradingtech.com\/es\/politica-de-privacidad#breadcrumb\",\"itemListElement\":[{\"@type\":\"ListItem\",\"position\":1,\"name\":\"Home\",\"item\":\"https:\/\/www.fairtradingtech.com\/es\"},{\"@type\":\"ListItem\",\"position\":2,\"name\":\"Pol\u00edtica de privacidad\"}]},{\"@type\":\"WebSite\",\"@id\":\"https:\/\/www.fairtradingtech.com\/es#website\",\"url\":\"https:\/\/www.fairtradingtech.com\/es\",\"name\":\"Fair Trading Technology\",\"description\":\"Fintech Solutions Provider\",\"publisher\":{\"@id\":\"https:\/\/www.fairtradingtech.com\/es#organization\"},\"alternateName\":\"FTT\",\"potentialAction\":[{\"@type\":\"SearchAction\",\"target\":{\"@type\":\"EntryPoint\",\"urlTemplate\":\"https:\/\/www.fairtradingtech.com\/es?s={search_term_string}\"},\"query-input\":{\"@type\":\"PropertyValueSpecification\",\"valueRequired\":true,\"valueName\":\"search_term_string\"}}],\"inLanguage\":\"es\"},{\"@type\":\"Organization\",\"@id\":\"https:\/\/www.fairtradingtech.com\/es#organization\",\"name\":\"Fair Trading Technology\",\"alternateName\":\"FTT\",\"url\":\"https:\/\/www.fairtradingtech.com\/es\",\"logo\":{\"@type\":\"ImageObject\",\"inLanguage\":\"es\",\"@id\":\"https:\/\/www.fairtradingtech.com\/es#\/schema\/logo\/image\/\",\"url\":\"https:\/\/www.fairtradingtech.com\/wp-content\/uploads\/2022\/03\/FTT.png\",\"contentUrl\":\"https:\/\/www.fairtradingtech.com\/wp-content\/uploads\/2022\/03\/FTT.png\",\"width\":353,\"height\":216,\"caption\":\"Fair Trading Technology\"},\"image\":{\"@id\":\"https:\/\/www.fairtradingtech.com\/es#\/schema\/logo\/image\/\"},\"sameAs\":[\"https:\/\/www.facebook.com\/FairTradingTech\",\"https:\/\/x.com\/FairTradingTech\",\"https:\/\/www.linkedin.com\/company\/fairtradingtech\",\"https:\/\/www.instagram.com\/fairtradingtech\",\"https:\/\/www.youtube.com\/@FairTradingTech\"]}]}<\/script>\n<!-- \/ Yoast SEO plugin. -->","yoast_head_json":{"title":"Pol\u00edtica de privacidad - Fair Trading Technology","robots":{"index":"index","follow":"follow","max-snippet":"max-snippet:-1","max-image-preview":"max-image-preview:large","max-video-preview":"max-video-preview:-1"},"canonical":"https:\/\/www.fairtradingtech.com\/es\/politica-de-privacidad","og_locale":"es_ES","og_type":"article","og_title":"Pol\u00edtica de privacidad - Fair Trading Technology","og_description":"Pol\u00edtica de privacidad Nuestra pol\u00edtica de privacidad pretende describir c\u00f3mo FTT Sweden AB maneja la informaci\u00f3n que obtenemos sobre usted cuando visita [&hellip;]","og_url":"https:\/\/www.fairtradingtech.com\/es\/politica-de-privacidad","og_site_name":"Fair Trading Technology","article_publisher":"https:\/\/www.facebook.com\/FairTradingTech","article_modified_time":"2023-03-23T09:12:12+00:00","twitter_card":"summary_large_image","twitter_site":"@FairTradingTech","twitter_misc":{"Tiempo de lectura":"2 minutos"},"schema":{"@context":"https:\/\/schema.org","@graph":[{"@type":"WebPage","@id":"https:\/\/www.fairtradingtech.com\/es\/politica-de-privacidad","url":"https:\/\/www.fairtradingtech.com\/es\/politica-de-privacidad","name":"Pol\u00edtica de privacidad - Fair Trading Technology","isPartOf":{"@id":"https:\/\/www.fairtradingtech.com\/es#website"},"datePublished":"2021-09-09T11:40:53+00:00","dateModified":"2023-03-23T09:12:12+00:00","breadcrumb":{"@id":"https:\/\/www.fairtradingtech.com\/es\/politica-de-privacidad#breadcrumb"},"inLanguage":"es","potentialAction":[{"@type":"ReadAction","target":["https:\/\/www.fairtradingtech.com\/es\/politica-de-privacidad"]}]},{"@type":"BreadcrumbList","@id":"https:\/\/www.fairtradingtech.com\/es\/politica-de-privacidad#breadcrumb","itemListElement":[{"@type":"ListItem","position":1,"name":"Home","item":"https:\/\/www.fairtradingtech.com\/es"},{"@type":"ListItem","position":2,"name":"Pol\u00edtica de privacidad"}]},{"@type":"WebSite","@id":"https:\/\/www.fairtradingtech.com\/es#website","url":"https:\/\/www.fairtradingtech.com\/es","name":"Fair Trading Technology","description":"Fintech Solutions Provider","publisher":{"@id":"https:\/\/www.fairtradingtech.com\/es#organization"},"alternateName":"FTT","potentialAction":[{"@type":"SearchAction","target":{"@type":"EntryPoint","urlTemplate":"https:\/\/www.fairtradingtech.com\/es?s={search_term_string}"},"query-input":{"@type":"PropertyValueSpecification","valueRequired":true,"valueName":"search_term_string"}}],"inLanguage":"es"},{"@type":"Organization","@id":"https:\/\/www.fairtradingtech.com\/es#organization","name":"Fair Trading Technology","alternateName":"FTT","url":"https:\/\/www.fairtradingtech.com\/es","logo":{"@type":"ImageObject","inLanguage":"es","@id":"https:\/\/www.fairtradingtech.com\/es#\/schema\/logo\/image\/","url":"https:\/\/www.fairtradingtech.com\/wp-content\/uploads\/2022\/03\/FTT.png","contentUrl":"https:\/\/www.fairtradingtech.com\/wp-content\/uploads\/2022\/03\/FTT.png","width":353,"height":216,"caption":"Fair Trading Technology"},"image":{"@id":"https:\/\/www.fairtradingtech.com\/es#\/schema\/logo\/image\/"},"sameAs":["https:\/\/www.facebook.com\/FairTradingTech","https:\/\/x.com\/FairTradingTech","https:\/\/www.linkedin.com\/company\/fairtradingtech","https:\/\/www.instagram.com\/fairtradingtech","https:\/\/www.youtube.com\/@FairTradingTech"]}]}},"_links":{"self":[{"href":"https:\/\/www.fairtradingtech.com\/es\/wp-json\/wp\/v2\/pages\/18026","targetHints":{"allow":["GET"]}}],"collection":[{"href":"https:\/\/www.fairtradingtech.com\/es\/wp-json\/wp\/v2\/pages"}],"about":[{"href":"https:\/\/www.fairtradingtech.com\/es\/wp-json\/wp\/v2\/types\/page"}],"author":[{"embeddable":true,"href":"https:\/\/www.fairtradingtech.com\/es\/wp-json\/wp\/v2\/users\/1"}],"replies":[{"embeddable":true,"href":"https:\/\/www.fairtradingtech.com\/es\/wp-json\/wp\/v2\/comments?post=18026"}],"version-history":[{"count":11,"href":"https:\/\/www.fairtradingtech.com\/es\/wp-json\/wp\/v2\/pages\/18026\/revisions"}],"predecessor-version":[{"id":27635,"href":"https:\/\/www.fairtradingtech.com\/es\/wp-json\/wp\/v2\/pages\/18026\/revisions\/27635"}],"wp:attachment":[{"href":"https:\/\/www.fairtradingtech.com\/es\/wp-json\/wp\/v2\/media?parent=18026"}],"curies":[{"name":"wp","href":"https:\/\/api.w.org\/{rel}","templated":true}]}}