{"id":17947,"date":"2021-06-03T14:58:31","date_gmt":"2021-06-03T12:58:31","guid":{"rendered":"https:\/\/fairtradingtech.com\/sobre-nosotros\/"},"modified":"2023-02-08T17:17:40","modified_gmt":"2023-02-08T16:17:40","slug":"sobre-nosotros","status":"publish","type":"page","link":"https:\/\/www.fairtradingtech.com\/es\/sobre-nosotros","title":{"rendered":"Sobre nosotros"},"content":{"rendered":"\t\t<div data-elementor-type=\"wp-page\" data-elementor-id=\"17947\" class=\"elementor elementor-17947 elementor-107\">\n\t\t\t\t\t\t<section class=\"has_eae_slider elementor-section elementor-top-section elementor-element elementor-element-547128f elementor-section-height-min-height elementor-section-boxed elementor-section-height-default elementor-section-items-middle exad-glass-effect-no exad-sticky-section-no\" data-id=\"547128f\" data-element_type=\"section\" data-settings=\"{&quot;background_background&quot;:&quot;gradient&quot;}\">\n\t\t\t\t\t\t\t<div class=\"elementor-background-overlay\"><\/div>\n\t\t\t\t\t\t\t<div class=\"elementor-container elementor-column-gap-default\">\n\t\t\t\t\t<div class=\"has_eae_slider elementor-column elementor-col-100 elementor-top-column elementor-element elementor-element-f4f2133 exad-glass-effect-no exad-sticky-section-no\" data-id=\"f4f2133\" data-element_type=\"column\">\n\t\t\t<div class=\"elementor-widget-wrap elementor-element-populated\">\n\t\t\t\t\t\t<div class=\"elementor-element elementor-element-4fcc406 elementor-widget__width-auto exad-sticky-section-no exad-glass-effect-no elementor-invisible elementor-widget elementor-widget-heading\" data-id=\"4fcc406\" data-element_type=\"widget\" data-settings=\"{&quot;_animation&quot;:&quot;fadeInUp&quot;}\" data-widget_type=\"heading.default\">\n\t\t\t\t<div class=\"elementor-widget-container\">\n\t\t\t\t\t<h5 class=\"elementor-heading-title elementor-size-default\">DESDE LA COSTA OESTE DE SUECIA A LOS CENTROS FINANCIEROS DEL MUNDO<\/h5>\t\t\t\t<\/div>\n\t\t\t\t<\/div>\n\t\t\t\t<div class=\"elementor-element elementor-element-c001b4d exad-sticky-section-no exad-glass-effect-no elementor-invisible elementor-widget elementor-widget-heading\" data-id=\"c001b4d\" data-element_type=\"widget\" data-settings=\"{&quot;_animation_delay&quot;:200,&quot;_animation&quot;:&quot;fadeInUp&quot;}\" data-widget_type=\"heading.default\">\n\t\t\t\t<div class=\"elementor-widget-container\">\n\t\t\t\t\t<h2 class=\"elementor-heading-title elementor-size-default\">Sobre nosotros<\/h2>\t\t\t\t<\/div>\n\t\t\t\t<\/div>\n\t\t\t\t<div class=\"elementor-element elementor-element-c3542a2 exad-sticky-section-no exad-glass-effect-no elementor-widget elementor-widget-spacer\" data-id=\"c3542a2\" data-element_type=\"widget\" data-widget_type=\"spacer.default\">\n\t\t\t\t<div class=\"elementor-widget-container\">\n\t\t\t\t\t\t\t<div class=\"elementor-spacer\">\n\t\t\t<div class=\"elementor-spacer-inner\"><\/div>\n\t\t<\/div>\n\t\t\t\t\t\t<\/div>\n\t\t\t\t<\/div>\n\t\t\t\t<div class=\"elementor-element elementor-element-970b4f8 elementor-widget__width-initial bdt-icon-type-icon elementor-position-top bdt-icon-effect-none exad-sticky-section-no exad-glass-effect-no elementor-invisible elementor-widget elementor-widget-bdt-advanced-icon-box\" data-id=\"970b4f8\" data-element_type=\"widget\" data-settings=\"{&quot;_animation&quot;:&quot;fadeInUp&quot;,&quot;_animation_delay&quot;:400}\" data-widget_type=\"bdt-advanced-icon-box.default\">\n\t\t\t\t<div class=\"elementor-widget-container\">\n\t\t\t\t\t\t\t<div class=\"bdt-ep-advanced-icon-box\">\n\n\t\t\t\t\t\t\t\n\t\t\n\t\t\t\t\n\t\t\t<div class=\"bdt-ep-advanced-icon-box-content\">\n\n\t\t\t\t\t\t\t\t\t\n\t\t\t\t\t<h3 class=\"bdt-ep-advanced-icon-box-title\">\n\t\t\t\t<span >\n\t\t\t\t\tNuestra misi\u00f3n\t\t\t\t<\/span>\n\t\t\t<\/h3>\n\t\t\n\n\t\t\n\t\t\t\t\t\n\t\t\t\t\n\t\t\t\t\t\t\t\t\t<div class=\"bdt-ep-advanced-icon-box-description\">\n\t\t\t\t\t\t<p>Hace tiempo que el mercado Forex necesita una revoluci\u00f3n. Nada nos agradar\u00eda m\u00e1s que ser el catalizador que impulse esta revoluci\u00f3n. Al ofrecer una soluci\u00f3n modular completa para corretaje, Fair Trading Technology espera revolucionar este segmento de la industria y, posiblemente, la industria en su conjunto, mostrando a las personas que existe una manera justa y honesta de realizar negocios en el mercado de divisas sin comprometer la velocidad de eficiencia.<\/p><p style=\"text-align: justify;\">Desde su lanzamiento, hemos seguido evolucionando el T3 Integration Hub agregando m\u00e1s control y opciones y, al mismo tiempo, mejorando la velocidad y la ejecuci\u00f3n. Hemos desarrollado un back office innovador para operar su corretaje de Forex, as\u00ed como para brindarles a sus comerciantes y socios acceso a funciones vitales y al mismo tiempo habilitar el autoservicio.<\/p><p style=\"text-align: justify;\">Estamos constantemente tratando de encontrar nuevas formas de impulsar nuestra tecnolog\u00eda para innovar en la industria Forex y promover un mercado honesto y libre.<\/p>\t\t\t\t\t<\/div>\n\t\t\t\t\n\t\t\t\t\t\t\t<\/div>\n\t\t<\/div>\n\n\t\t\n\t\t\n\t\t\t\t<\/div>\n\t\t\t\t<\/div>\n\t\t\t\t<div class=\"elementor-element elementor-element-055edc7 exad-sticky-section-no exad-glass-effect-no elementor-widget elementor-widget-spacer\" data-id=\"055edc7\" data-element_type=\"widget\" data-widget_type=\"spacer.default\">\n\t\t\t\t<div class=\"elementor-widget-container\">\n\t\t\t\t\t\t\t<div class=\"elementor-spacer\">\n\t\t\t<div class=\"elementor-spacer-inner\"><\/div>\n\t\t<\/div>\n\t\t\t\t\t\t<\/div>\n\t\t\t\t<\/div>\n\t\t\t\t<div class=\"elementor-element elementor-element-d4a41dd elementor-widget__width-initial bdt-icon-type-icon elementor-position-top bdt-icon-effect-none exad-sticky-section-no exad-glass-effect-no elementor-invisible elementor-widget elementor-widget-bdt-advanced-icon-box\" data-id=\"d4a41dd\" data-element_type=\"widget\" data-settings=\"{&quot;_animation&quot;:&quot;fadeInUp&quot;,&quot;_animation_delay&quot;:400}\" data-widget_type=\"bdt-advanced-icon-box.default\">\n\t\t\t\t<div class=\"elementor-widget-container\">\n\t\t\t\t\t\t\t<div class=\"bdt-ep-advanced-icon-box\">\n\n\t\t\t\t\t\t\t\n\t\t\n\t\t\t\t\n\t\t\t<div class=\"bdt-ep-advanced-icon-box-content\">\n\n\t\t\t\t\t\t\t\t\t\n\t\t\t\t\t<h3 class=\"bdt-ep-advanced-icon-box-title\">\n\t\t\t\t<span >\n\t\t\t\t\tValores fundamentales\t\t\t\t<\/span>\n\t\t\t<\/h3>\n\t\t\n\n\t\t\n\t\t\t\t\t\n\t\t\t\t\n\t\t\t\t\t\t\t\t\t<div class=\"bdt-ep-advanced-icon-box-description\">\n\t\t\t\t\t\t<p style=\"text-align: left;\"><strong>Honestidad. Seguridad. Innovaci\u00f3n. Transparencia.<\/strong><\/p>\nDesde su inicio, estos han sido los principios rectores de la Tecnolog\u00eda de comercio justo y lo que creemos que deber\u00eda ser la base de toda la industria de Forex. Como comerciantes, vimos problemas en la forma actual de hacer las cosas. Vimos una gran herramienta en MetaTrader 4, pero tambi\u00e9n nos dimos cuenta de que sin transparencia, los comerciantes no pod\u00edan saber si sus \u00f3rdenes realmente llegaban al mercado abierto. Estaba claro que lo que faltaba en el mercado era un puente entre MetaTrader 4 y la verdadera liquidez. Cuando comenzamos este viaje, tuvimos que decidir el enfoque que tomar\u00edamos. Los enfoques convencionales simplemente no funcionar\u00edan, por lo que descartamos todas las nociones sobre c\u00f3mo funcionaba esta industria y dise\u00f1amos una soluci\u00f3n que funciona tanto para corredores como para comerciantes. Quer\u00edamos que los comerciantes pudieran operar en el mejor entorno posible, utilizando la plataforma de negociaci\u00f3n que quisieran, brindando a los corredores las herramientas para poder ofrecer exactamente eso sin barreras. Esta fue la noci\u00f3n que cre\u00f3 T3 Integration Hub, la primera tecnolog\u00eda en ofrecer una soluci\u00f3n MT4 a ECN completamente transparente. Si bien originalmente desarrollamos el puente para uso interno, r\u00e1pidamente nos dimos cuenta de que otros comerciantes podr\u00edan beneficiarse tanto de la herramienta como de los principios rectores detr\u00e1s de ella.<\/p>\t\t\t\t\t<\/div>\n\t\t\t\t\n\t\t\t\t\t\t\t<\/div>\n\t\t<\/div>\n\n\t\t\n\t\t\n\t\t\t\t<\/div>\n\t\t\t\t<\/div>\n\t\t\t\t<div class=\"elementor-element elementor-element-7b66d67 exad-sticky-section-no exad-glass-effect-no elementor-widget elementor-widget-spacer\" data-id=\"7b66d67\" data-element_type=\"widget\" data-widget_type=\"spacer.default\">\n\t\t\t\t<div class=\"elementor-widget-container\">\n\t\t\t\t\t\t\t<div class=\"elementor-spacer\">\n\t\t\t<div class=\"elementor-spacer-inner\"><\/div>\n\t\t<\/div>\n\t\t\t\t\t\t<\/div>\n\t\t\t\t<\/div>\n\t\t\t\t<div class=\"elementor-element elementor-element-a30ec21 elementor-widget__width-initial bdt-icon-type-icon elementor-position-top bdt-icon-effect-none exad-sticky-section-no exad-glass-effect-no elementor-invisible elementor-widget elementor-widget-bdt-advanced-icon-box\" data-id=\"a30ec21\" data-element_type=\"widget\" data-settings=\"{&quot;_animation&quot;:&quot;fadeInUp&quot;,&quot;_animation_delay&quot;:400}\" data-widget_type=\"bdt-advanced-icon-box.default\">\n\t\t\t\t<div class=\"elementor-widget-container\">\n\t\t\t\t\t\t\t<div class=\"bdt-ep-advanced-icon-box\">\n\n\t\t\t\t\t\t\t\n\t\t\n\t\t\t\t\n\t\t\t<div class=\"bdt-ep-advanced-icon-box-content\">\n\n\t\t\t\t\t\t\t\t\t\n\t\t\t\t\t<h3 class=\"bdt-ep-advanced-icon-box-title\">\n\t\t\t\t<span >\n\t\t\t\t\tFilosof\u00eda\t\t\t\t<\/span>\n\t\t\t<\/h3>\n\t\t\n\n\t\t\n\t\t\t\t\t\n\t\t\t\t\n\t\t\t\t\t\t\t\t\t<div class=\"bdt-ep-advanced-icon-box-description\">\n\t\t\t\t\t\t<div class=\"wpb_text_column wpb_content_element wpb_animate_when_almost_visible wpb_bottom-to-top bottom-to-top vc_custom_1534857429648 wpb_start_animation animated\"><div class=\"wpb_wrapper\"><p>Revolucionar la industria de divisas no es tarea f\u00e1cil. Creemos que se puede lograr sin fuerza bruta ni regulaci\u00f3n, sino con innovaci\u00f3n y transparencia. El uso de un enfoque honesto y de sentido com\u00fan puede allanar el camino hacia un mercado seguro sin conflicto de intereses.<\/p><p>Fair Trading Technology quiere trabajar con aquellos que comparten nuestros valores fundamentales para promover sinergias que nos permitan empoderar a nuestros clientes con pensamiento y tecnolog\u00eda de vanguardia. Ser un proveedor de tecnolog\u00eda independiente que tambi\u00e9n sea un socio de confianza, cuyo modelo de negocio sea lo mejor para usted, promoviendo la honestidad, la seguridad, la innovaci\u00f3n y la transparencia. Elevar el list\u00f3n para obligar a otros a hacer lo mismo.<\/p><p>Al final, ese es realmente nuestro objetivo: simplemente subir el list\u00f3n. Para crear un nuevo est\u00e1ndar. Evolucionar.<\/p><\/div><\/div>\t\t\t\t\t<\/div>\n\t\t\t\t\n\t\t\t\t\t\t\t<\/div>\n\t\t<\/div>\n\n\t\t\n\t\t\n\t\t\t\t<\/div>\n\t\t\t\t<\/div>\n\t\t\t\t\t<\/div>\n\t\t<\/div>\n\t\t\t\t\t<\/div>\n\t\t<\/section>\n\t\t\t\t<\/div>\n\t\t","protected":false},"excerpt":{"rendered":"<p>DESDE LA COSTA OESTE DE SUECIA A LOS CENTROS FINANCIEROS DEL MUNDO Sobre nosotros Nuestra misi\u00f3n Hace tiempo que el mercado Forex [&hellip;]<\/p>\n","protected":false},"author":1,"featured_media":0,"parent":0,"menu_order":0,"comment_status":"closed","ping_status":"closed","template":"","meta":{"_eb_attr":"","footnotes":""},"class_list":["post-17947","page","type-page","status-publish","hentry"],"yoast_head":"<!-- This site is optimized with the Yoast SEO plugin v24.4 - https:\/\/yoast.com\/wordpress\/plugins\/seo\/ -->\n<title>Sobre nosotros - Fair Trading Technology<\/title>\n<meta name=\"robots\" content=\"index, follow, max-snippet:-1, max-image-preview:large, max-video-preview:-1\" \/>\n<link rel=\"canonical\" href=\"https:\/\/www.fairtradingtech.com\/es\/sobre-nosotros\" \/>\n<meta property=\"og:locale\" content=\"es_ES\" \/>\n<meta property=\"og:type\" content=\"article\" \/>\n<meta property=\"og:title\" content=\"Sobre nosotros - Fair Trading Technology\" \/>\n<meta property=\"og:description\" content=\"DESDE LA COSTA OESTE DE SUECIA A LOS CENTROS FINANCIEROS DEL MUNDO Sobre nosotros Nuestra misi\u00f3n Hace tiempo que el mercado Forex [&hellip;]\" \/>\n<meta property=\"og:url\" content=\"https:\/\/www.fairtradingtech.com\/es\/sobre-nosotros\" \/>\n<meta property=\"og:site_name\" content=\"Fair Trading Technology\" \/>\n<meta property=\"article:publisher\" content=\"https:\/\/www.facebook.com\/FairTradingTech\" \/>\n<meta property=\"article:modified_time\" content=\"2023-02-08T16:17:40+00:00\" \/>\n<meta name=\"twitter:card\" content=\"summary_large_image\" \/>\n<meta name=\"twitter:site\" content=\"@FairTradingTech\" \/>\n<meta name=\"twitter:label1\" content=\"Tiempo de lectura\" \/>\n\t<meta name=\"twitter:data1\" content=\"3 minutos\" \/>\n<script type=\"application\/ld+json\" class=\"yoast-schema-graph\">{\"@context\":\"https:\/\/schema.org\",\"@graph\":[{\"@type\":\"WebPage\",\"@id\":\"https:\/\/www.fairtradingtech.com\/es\/sobre-nosotros\",\"url\":\"https:\/\/www.fairtradingtech.com\/es\/sobre-nosotros\",\"name\":\"Sobre nosotros - Fair Trading Technology\",\"isPartOf\":{\"@id\":\"https:\/\/www.fairtradingtech.com\/es#website\"},\"datePublished\":\"2021-06-03T12:58:31+00:00\",\"dateModified\":\"2023-02-08T16:17:40+00:00\",\"breadcrumb\":{\"@id\":\"https:\/\/www.fairtradingtech.com\/es\/sobre-nosotros#breadcrumb\"},\"inLanguage\":\"es\",\"potentialAction\":[{\"@type\":\"ReadAction\",\"target\":[\"https:\/\/www.fairtradingtech.com\/es\/sobre-nosotros\"]}]},{\"@type\":\"BreadcrumbList\",\"@id\":\"https:\/\/www.fairtradingtech.com\/es\/sobre-nosotros#breadcrumb\",\"itemListElement\":[{\"@type\":\"ListItem\",\"position\":1,\"name\":\"Home\",\"item\":\"https:\/\/www.fairtradingtech.com\/es\"},{\"@type\":\"ListItem\",\"position\":2,\"name\":\"Sobre nosotros\"}]},{\"@type\":\"WebSite\",\"@id\":\"https:\/\/www.fairtradingtech.com\/es#website\",\"url\":\"https:\/\/www.fairtradingtech.com\/es\",\"name\":\"Fair Trading Technology\",\"description\":\"Fintech Solutions Provider\",\"publisher\":{\"@id\":\"https:\/\/www.fairtradingtech.com\/es#organization\"},\"alternateName\":\"FTT\",\"potentialAction\":[{\"@type\":\"SearchAction\",\"target\":{\"@type\":\"EntryPoint\",\"urlTemplate\":\"https:\/\/www.fairtradingtech.com\/es?s={search_term_string}\"},\"query-input\":{\"@type\":\"PropertyValueSpecification\",\"valueRequired\":true,\"valueName\":\"search_term_string\"}}],\"inLanguage\":\"es\"},{\"@type\":\"Organization\",\"@id\":\"https:\/\/www.fairtradingtech.com\/es#organization\",\"name\":\"Fair Trading Technology\",\"alternateName\":\"FTT\",\"url\":\"https:\/\/www.fairtradingtech.com\/es\",\"logo\":{\"@type\":\"ImageObject\",\"inLanguage\":\"es\",\"@id\":\"https:\/\/www.fairtradingtech.com\/es#\/schema\/logo\/image\/\",\"url\":\"https:\/\/www.fairtradingtech.com\/wp-content\/uploads\/2022\/03\/FTT.png\",\"contentUrl\":\"https:\/\/www.fairtradingtech.com\/wp-content\/uploads\/2022\/03\/FTT.png\",\"width\":353,\"height\":216,\"caption\":\"Fair Trading Technology\"},\"image\":{\"@id\":\"https:\/\/www.fairtradingtech.com\/es#\/schema\/logo\/image\/\"},\"sameAs\":[\"https:\/\/www.facebook.com\/FairTradingTech\",\"https:\/\/x.com\/FairTradingTech\",\"https:\/\/www.linkedin.com\/company\/fairtradingtech\",\"https:\/\/www.instagram.com\/fairtradingtech\",\"https:\/\/www.youtube.com\/@FairTradingTech\"]}]}<\/script>\n<!-- \/ Yoast SEO plugin. -->","yoast_head_json":{"title":"Sobre nosotros - Fair Trading Technology","robots":{"index":"index","follow":"follow","max-snippet":"max-snippet:-1","max-image-preview":"max-image-preview:large","max-video-preview":"max-video-preview:-1"},"canonical":"https:\/\/www.fairtradingtech.com\/es\/sobre-nosotros","og_locale":"es_ES","og_type":"article","og_title":"Sobre nosotros - Fair Trading Technology","og_description":"DESDE LA COSTA OESTE DE SUECIA A LOS CENTROS FINANCIEROS DEL MUNDO Sobre nosotros Nuestra misi\u00f3n Hace tiempo que el mercado Forex [&hellip;]","og_url":"https:\/\/www.fairtradingtech.com\/es\/sobre-nosotros","og_site_name":"Fair Trading Technology","article_publisher":"https:\/\/www.facebook.com\/FairTradingTech","article_modified_time":"2023-02-08T16:17:40+00:00","twitter_card":"summary_large_image","twitter_site":"@FairTradingTech","twitter_misc":{"Tiempo de lectura":"3 minutos"},"schema":{"@context":"https:\/\/schema.org","@graph":[{"@type":"WebPage","@id":"https:\/\/www.fairtradingtech.com\/es\/sobre-nosotros","url":"https:\/\/www.fairtradingtech.com\/es\/sobre-nosotros","name":"Sobre nosotros - Fair Trading Technology","isPartOf":{"@id":"https:\/\/www.fairtradingtech.com\/es#website"},"datePublished":"2021-06-03T12:58:31+00:00","dateModified":"2023-02-08T16:17:40+00:00","breadcrumb":{"@id":"https:\/\/www.fairtradingtech.com\/es\/sobre-nosotros#breadcrumb"},"inLanguage":"es","potentialAction":[{"@type":"ReadAction","target":["https:\/\/www.fairtradingtech.com\/es\/sobre-nosotros"]}]},{"@type":"BreadcrumbList","@id":"https:\/\/www.fairtradingtech.com\/es\/sobre-nosotros#breadcrumb","itemListElement":[{"@type":"ListItem","position":1,"name":"Home","item":"https:\/\/www.fairtradingtech.com\/es"},{"@type":"ListItem","position":2,"name":"Sobre nosotros"}]},{"@type":"WebSite","@id":"https:\/\/www.fairtradingtech.com\/es#website","url":"https:\/\/www.fairtradingtech.com\/es","name":"Fair Trading Technology","description":"Fintech Solutions Provider","publisher":{"@id":"https:\/\/www.fairtradingtech.com\/es#organization"},"alternateName":"FTT","potentialAction":[{"@type":"SearchAction","target":{"@type":"EntryPoint","urlTemplate":"https:\/\/www.fairtradingtech.com\/es?s={search_term_string}"},"query-input":{"@type":"PropertyValueSpecification","valueRequired":true,"valueName":"search_term_string"}}],"inLanguage":"es"},{"@type":"Organization","@id":"https:\/\/www.fairtradingtech.com\/es#organization","name":"Fair Trading Technology","alternateName":"FTT","url":"https:\/\/www.fairtradingtech.com\/es","logo":{"@type":"ImageObject","inLanguage":"es","@id":"https:\/\/www.fairtradingtech.com\/es#\/schema\/logo\/image\/","url":"https:\/\/www.fairtradingtech.com\/wp-content\/uploads\/2022\/03\/FTT.png","contentUrl":"https:\/\/www.fairtradingtech.com\/wp-content\/uploads\/2022\/03\/FTT.png","width":353,"height":216,"caption":"Fair Trading Technology"},"image":{"@id":"https:\/\/www.fairtradingtech.com\/es#\/schema\/logo\/image\/"},"sameAs":["https:\/\/www.facebook.com\/FairTradingTech","https:\/\/x.com\/FairTradingTech","https:\/\/www.linkedin.com\/company\/fairtradingtech","https:\/\/www.instagram.com\/fairtradingtech","https:\/\/www.youtube.com\/@FairTradingTech"]}]}},"_links":{"self":[{"href":"https:\/\/www.fairtradingtech.com\/es\/wp-json\/wp\/v2\/pages\/17947","targetHints":{"allow":["GET"]}}],"collection":[{"href":"https:\/\/www.fairtradingtech.com\/es\/wp-json\/wp\/v2\/pages"}],"about":[{"href":"https:\/\/www.fairtradingtech.com\/es\/wp-json\/wp\/v2\/types\/page"}],"author":[{"embeddable":true,"href":"https:\/\/www.fairtradingtech.com\/es\/wp-json\/wp\/v2\/users\/1"}],"replies":[{"embeddable":true,"href":"https:\/\/www.fairtradingtech.com\/es\/wp-json\/wp\/v2\/comments?post=17947"}],"version-history":[{"count":5,"href":"https:\/\/www.fairtradingtech.com\/es\/wp-json\/wp\/v2\/pages\/17947\/revisions"}],"predecessor-version":[{"id":26335,"href":"https:\/\/www.fairtradingtech.com\/es\/wp-json\/wp\/v2\/pages\/17947\/revisions\/26335"}],"wp:attachment":[{"href":"https:\/\/www.fairtradingtech.com\/es\/wp-json\/wp\/v2\/media?parent=17947"}],"curies":[{"name":"wp","href":"https:\/\/api.w.org\/{rel}","templated":true}]}}